{"id":1695,"date":"2025-07-23T23:44:35","date_gmt":"2025-07-23T19:44:35","guid":{"rendered":"https:\/\/cyberforensics.az\/?page_id=1695"},"modified":"2025-07-23T23:51:33","modified_gmt":"2025-07-23T19:51:33","slug":"iso-27001-certification","status":"publish","type":"page","link":"https:\/\/cyberforensics.az\/az\/iso-27001-certification\/","title":{"rendered":"ISO 27001 Sertifikat\u0131"},"content":{"rendered":"<div data-elementor-type=\"wp-page\" data-elementor-id=\"1695\" class=\"elementor elementor-1695\" data-elementor-post-type=\"page\">\n\t\t\t\t<div class=\"elementor-element elementor-element-3da62aa5 e-flex e-con-boxed e-con e-parent\" data-id=\"3da62aa5\" data-element_type=\"container\" data-e-type=\"container\">\n\t\t\t\t\t<div class=\"e-con-inner\">\n\t\t\t\t\t<\/div>\n\t\t\t\t<\/div>\n\t\t<div class=\"elementor-element elementor-element-28a6a778 e-flex e-con-boxed e-con e-parent\" data-id=\"28a6a778\" data-element_type=\"container\" data-e-type=\"container\">\n\t\t\t\t\t<div class=\"e-con-inner\">\n\t\t\t\t<div class=\"elementor-element elementor-element-3fde3031 elementor-widget elementor-widget-spacer\" data-id=\"3fde3031\" data-element_type=\"widget\" data-e-type=\"widget\" data-widget_type=\"spacer.default\">\n\t\t\t\t\t\t\t<div class=\"elementor-spacer\">\n\t\t\t<div class=\"elementor-spacer-inner\"><\/div>\n\t\t<\/div>\n\t\t\t\t\t\t<\/div>\n\t\t\t\t\t<\/div>\n\t\t\t\t<\/div>\n\t\t<div class=\"elementor-element elementor-element-5e6eed6b e-flex e-con-boxed e-con e-parent\" data-id=\"5e6eed6b\" data-element_type=\"container\" data-e-type=\"container\">\n\t\t\t\t\t<div class=\"e-con-inner\">\n\t\t\t\t\t<\/div>\n\t\t\t\t<\/div>\n\t\t<div class=\"elementor-element elementor-element-501ddfac e-flex e-con-boxed e-con e-parent\" data-id=\"501ddfac\" data-element_type=\"container\" data-e-type=\"container\">\n\t\t\t\t\t<div class=\"e-con-inner\">\n\t\t\t\t<div class=\"elementor-element elementor-element-560784bf elementor-widget elementor-widget-text-editor\" data-id=\"560784bf\" data-element_type=\"widget\" data-e-type=\"widget\" data-widget_type=\"text-editor.default\">\n\t\t\t\t\t\t\t\t\t<div class=\"et_pb_module et_pb_text et_pb_text_1  et_pb_text_align_left et_pb_bg_layout_light\"><div class=\"et_pb_text_inner\"><h2>Kibert\u0259hl\u00fck\u0259sizlik Proqram\u0131n\u0131z\u0131n Sizi T\u0259hl\u00fck\u0259siz saxlamaq \u00fc\u00e7\u00fcn n\u0259z\u0259rd\u0259 tutuldu\u011fundan \u0259min olun.<\/h2><p>ISO 27001 \u0130nformasiya T\u0259hl\u00fck\u0259sizliyi \u0130dar\u0259etm\u0259 Sisteml\u0259ri (\u0130MS) \u00fc\u00e7\u00fcn t\u0259l\u0259bl\u0259ri m\u00fc\u0259yy\u0259n edir v\u0259 informasiya t\u0259hl\u00fck\u0259sizliyinin idar\u0259 edilm\u0259si \u00fc\u00e7\u00fcn praktiki t\u0259limat verir. ISO 27001 t\u0259hl\u00fck\u0259sizlik standartlar\u0131 t\u0259\u015fkilat\u0131n informasiya t\u0259hl\u00fck\u0259sizliyi idar\u0259etm\u0259 sisteminin yarad\u0131lmas\u0131, idar\u0259 edilm\u0259si v\u0259 qiym\u0259tl\u0259ndirilm\u0259si \u00fc\u00e7\u00fcn, \u015f\u00fcbh\u0259siz ki, \u0259n geni\u015f \u015f\u0259kild\u0259 q\u0259bul edilmi\u015f v\u0259 geni\u015f \u015f\u0259kild\u0259 t\u0259tbiq oluna bil\u0259n \u00e7\u0259r\u00e7iv\u0259l\u0259rd\u0259n ibar\u0259tdir.<\/p><p>ISO 27001 sertifikat\u0131na sahib olmaq m\u00fc\u015ft\u0259ril\u0259riniz\u0259 kibert\u0259hl\u00fck\u0259sizlik riskini azaltmaq \u00fc\u00e7\u00fcn proaktiv yana\u015fma n\u00fcmayi\u015f etdirdiyinizi n\u00fcmayi\u015f etdirir. ISO 27001 sertifikat\u0131 t\u0259\u015fkilat\u0131n \u0130BS-nin monitorinqi v\u0259 saxlanmas\u0131 \u00fc\u00e7\u00fcn \u0259v\u0259zsizdir. \u00dcst\u0259lik, bu sertifikat potensial m\u00fc\u015ft\u0259ril\u0259r\u0259 v\u0259 biznes t\u0259r\u0259fda\u015flar\u0131na m\u0259lumatlar\u0131n t\u0259hl\u00fck\u0259sizliyi praktikalar\u0131n\u0131za arxay\u0131n ola bil\u0259c\u0259kl\u0259ri mesaj\u0131 g\u00f6nd\u0259rir v\u0259 siz\u0259 ISO 27001 sertifikat\u0131 olmayan r\u0259qibl\u0259r \u00fcz\u0259rind\u0259 \u00fcst\u00fcnl\u00fck verir.<\/p><\/div><\/div>\t\t\t\t\t\t\t\t<\/div>\n\t\t\t\t\t<\/div>\n\t\t\t\t<\/div>\n\t\t<div class=\"elementor-element elementor-element-4a2c8fc2 e-flex e-con-boxed e-con e-parent\" data-id=\"4a2c8fc2\" data-element_type=\"container\" data-e-type=\"container\">\n\t\t\t\t\t<div class=\"e-con-inner\">\n\t\t\t\t<div class=\"elementor-element elementor-element-449d9d2 elementor-post-navigation-borders-yes elementor-widget elementor-widget-post-navigation\" data-id=\"449d9d2\" data-element_type=\"widget\" data-e-type=\"widget\" data-widget_type=\"post-navigation.default\">\n\t\t\t\t\t\t\t<div class=\"elementor-post-navigation\" role=\"navigation\" aria-label=\"Post Navigation\">\r\n\t\t\t<div class=\"elementor-post-navigation__prev elementor-post-navigation__link\">\r\n\t\t\t\t<a href=\"https:\/\/cyberforensics.az\/az\/iso-iec-24760-12019\/\" rel=\"prev\"><span class=\"post-navigation__arrow-wrapper post-navigation__arrow-prev\"><svg aria-hidden=\"true\" class=\"e-font-icon-svg e-fas-angle-left\" viewbox=\"0 0 256 512\" xmlns=\"http:\/\/www.w3.org\/2000\/svg\"><path d=\"M31.7 239l136-136c9.4-9.4 24.6-9.4 33.9 0l22.6 22.6c9.4 9.4 9.4 24.6 0 33.9L127.9 256l96.4 96.4c9.4 9.4 9.4 24.6 0 33.9L201.7 409c-9.4 9.4-24.6 9.4-33.9 0l-136-136c-9.5-9.4-9.5-24.6-.1-34z\"><\/path><\/svg><span class=\"elementor-screen-only\">Prev<\/span><\/span><span class=\"elementor-post-navigation__link__prev\"><span class=\"post-navigation__prev--label\">\u018fvv\u0259lki<\/span><span class=\"post-navigation__prev--title\">ISO\/IEC 24760-1:2019<\/span><\/span><\/a>\t\t\t<\/div>\r\n\t\t\t\t\t\t\t<div class=\"elementor-post-navigation__separator-wrapper\">\r\n\t\t\t\t\t<div class=\"elementor-post-navigation__separator\"><\/div>\r\n\t\t\t\t<\/div>\r\n\t\t\t\t\t\t<div class=\"elementor-post-navigation__next elementor-post-navigation__link\">\r\n\t\t\t\t<a href=\"https:\/\/cyberforensics.az\/az\/compliance\/\" rel=\"next\"><span class=\"elementor-post-navigation__link__next\"><span class=\"post-navigation__next--label\">Sonrak\u0131<\/span><span class=\"post-navigation__next--title\">Uy\u011funluq<\/span><\/span><span class=\"post-navigation__arrow-wrapper post-navigation__arrow-next\"><svg aria-hidden=\"true\" class=\"e-font-icon-svg e-fas-angle-right\" viewbox=\"0 0 256 512\" xmlns=\"http:\/\/www.w3.org\/2000\/svg\"><path d=\"M224.3 273l-136 136c-9.4 9.4-24.6 9.4-33.9 0l-22.6-22.6c-9.4-9.4-9.4-24.6 0-33.9l96.4-96.4-96.4-96.4c-9.4-9.4-9.4-24.6 0-33.9L54.3 103c9.4-9.4 24.6-9.4 33.9 0l136 136c9.5 9.4 9.5 24.6.1 34z\"><\/path><\/svg><span class=\"elementor-screen-only\">Sonrak\u0131<\/span><\/span><\/a>\t\t\t<\/div>\r\n\t\t<\/div>\r\n\t\t\t\t\t\t<\/div>\n\t\t\t\t\t<\/div>\n\t\t\t\t<\/div>\n\t\t\t\t<\/div>","protected":false},"excerpt":{"rendered":"<p>ISO 27001 Certification Ensure Your Cybersecurity Program is Designed to Keep you Safe. ISO 27001 specifies requirements for Information Security Management Systems (ISMS) and provides practical guidance for information security management. The ISO 27001 security standards comprise what are arguably the most widely accepted and broadly applicable framework for establishing, managing, and assessing an organization\u2019s [&hellip;]<\/p>\n","protected":false},"author":1,"featured_media":0,"parent":0,"menu_order":0,"comment_status":"closed","ping_status":"closed","template":"","meta":{"footnotes":""},"class_list":["post-1695","page","type-page","status-publish","hentry"],"_links":{"self":[{"href":"https:\/\/cyberforensics.az\/az\/wp-json\/wp\/v2\/pages\/1695","targetHints":{"allow":["GET"]}}],"collection":[{"href":"https:\/\/cyberforensics.az\/az\/wp-json\/wp\/v2\/pages"}],"about":[{"href":"https:\/\/cyberforensics.az\/az\/wp-json\/wp\/v2\/types\/page"}],"author":[{"embeddable":true,"href":"https:\/\/cyberforensics.az\/az\/wp-json\/wp\/v2\/users\/1"}],"replies":[{"embeddable":true,"href":"https:\/\/cyberforensics.az\/az\/wp-json\/wp\/v2\/comments?post=1695"}],"version-history":[{"count":0,"href":"https:\/\/cyberforensics.az\/az\/wp-json\/wp\/v2\/pages\/1695\/revisions"}],"wp:attachment":[{"href":"https:\/\/cyberforensics.az\/az\/wp-json\/wp\/v2\/media?parent=1695"}],"curies":[{"name":"wp","href":"https:\/\/api.w.org\/{rel}","templated":true}]}}