{"id":1646,"date":"2025-07-22T20:31:31","date_gmt":"2025-07-22T16:31:31","guid":{"rendered":"https:\/\/cyberforensics.az\/?page_id=1646"},"modified":"2025-07-22T20:33:19","modified_gmt":"2025-07-22T16:33:19","slug":"iso-iec-ts-18013-72025","status":"publish","type":"page","link":"https:\/\/cyberforensics.az\/az\/iso-iec-ts-18013-72025\/","title":{"rendered":"ISO\/IEC TS 18013-7:2025"},"content":{"rendered":"<div data-elementor-type=\"wp-page\" data-elementor-id=\"1646\" class=\"elementor elementor-1646\" data-elementor-post-type=\"page\">\n\t\t\t\t<div class=\"elementor-element elementor-element-2c8c1e1c e-flex e-con-boxed e-con e-parent\" data-id=\"2c8c1e1c\" data-element_type=\"container\" data-e-type=\"container\">\n\t\t\t\t\t<div class=\"e-con-inner\">\n\t\t\t\t\t<\/div>\n\t\t\t\t<\/div>\n\t\t<div class=\"elementor-element elementor-element-343e5b36 e-flex e-con-boxed e-con e-parent\" data-id=\"343e5b36\" data-element_type=\"container\" data-e-type=\"container\">\n\t\t\t\t\t<div class=\"e-con-inner\">\n\t\t\t\t<div class=\"elementor-element elementor-element-4a591e26 elementor-widget elementor-widget-spacer\" data-id=\"4a591e26\" data-element_type=\"widget\" data-e-type=\"widget\" data-widget_type=\"spacer.default\">\n\t\t\t\t\t\t\t<div class=\"elementor-spacer\">\n\t\t\t<div class=\"elementor-spacer-inner\"><\/div>\n\t\t<\/div>\n\t\t\t\t\t\t<\/div>\n\t\t\t\t\t<\/div>\n\t\t\t\t<\/div>\n\t\t<div class=\"elementor-element elementor-element-2fd3b269 e-flex e-con-boxed e-con e-parent\" data-id=\"2fd3b269\" data-element_type=\"container\" data-e-type=\"container\">\n\t\t\t\t\t<div class=\"e-con-inner\">\n\t\t\t\t\t<\/div>\n\t\t\t\t<\/div>\n\t\t<div class=\"elementor-element elementor-element-2875a97a e-flex e-con-boxed e-con e-parent\" data-id=\"2875a97a\" data-element_type=\"container\" data-e-type=\"container\">\n\t\t\t\t\t<div class=\"e-con-inner\">\n\t\t\t\t<div class=\"elementor-element elementor-element-1118bb04 elementor-widget elementor-widget-text-editor\" data-id=\"1118bb04\" data-element_type=\"widget\" data-e-type=\"widget\" data-widget_type=\"text-editor.default\">\n\t\t\t\t\t\t\t\t\t<p class=\"stdTitle\"><span class=\"h4 fw-normal d-block mb-2\">\u015e\u0259xsi identifikasiya \u2014 ISO t\u0259l\u0259bl\u0259rin\u0259 uy\u011fun s\u00fcr\u00fcc\u00fcl\u00fck v\u0259siq\u0259si<\/span><span class=\"h4 fw-semibold d-block\">Hiss\u0259 7: Mobil s\u00fcr\u00fcc\u00fcl\u00fck v\u0259siq\u0259si (mDL) \u0259lav\u0259 funksiyalar\u0131<\/span><\/p><h2>Abstract<\/h2><p>This document augments the capabilities of the mobile driving licence (mDL) standardized in ISO\/IEC 18013-5 with the following additional functionality:<\/p><ul><li>presentation of a mobile driving licence to a reader over the internet.<\/li><\/ul>\t\t\t\t\t\t\t\t<\/div>\n\t\t\t\t\t<\/div>\n\t\t\t\t<\/div>\n\t\t<div class=\"elementor-element elementor-element-23002634 e-flex e-con-boxed e-con e-parent\" data-id=\"23002634\" data-element_type=\"container\" data-e-type=\"container\">\n\t\t\t\t\t<div class=\"e-con-inner\">\n\t\t\t\t<div class=\"elementor-element elementor-element-819588b elementor-post-navigation-borders-yes elementor-widget elementor-widget-post-navigation\" data-id=\"819588b\" data-element_type=\"widget\" data-e-type=\"widget\" data-widget_type=\"post-navigation.default\">\n\t\t\t\t\t\t\t<div class=\"elementor-post-navigation\" role=\"navigation\" aria-label=\"Post Navigation\">\r\n\t\t\t<div class=\"elementor-post-navigation__prev elementor-post-navigation__link\">\r\n\t\t\t\t<a href=\"https:\/\/cyberforensics.az\/az\/iso-iec-15408-32022\/\" rel=\"prev\"><span class=\"post-navigation__arrow-wrapper post-navigation__arrow-prev\"><svg aria-hidden=\"true\" class=\"e-font-icon-svg e-fas-angle-left\" viewbox=\"0 0 256 512\" xmlns=\"http:\/\/www.w3.org\/2000\/svg\"><path d=\"M31.7 239l136-136c9.4-9.4 24.6-9.4 33.9 0l22.6 22.6c9.4 9.4 9.4 24.6 0 33.9L127.9 256l96.4 96.4c9.4 9.4 9.4 24.6 0 33.9L201.7 409c-9.4 9.4-24.6 9.4-33.9 0l-136-136c-9.5-9.4-9.5-24.6-.1-34z\"><\/path><\/svg><span class=\"elementor-screen-only\">Prev<\/span><\/span><span class=\"elementor-post-navigation__link__prev\"><span class=\"post-navigation__prev--label\">\u018fvv\u0259lki<\/span><span class=\"post-navigation__prev--title\">ISO\/IEC 15408-3:2022<\/span><\/span><\/a>\t\t\t<\/div>\r\n\t\t\t\t\t\t\t<div class=\"elementor-post-navigation__separator-wrapper\">\r\n\t\t\t\t\t<div class=\"elementor-post-navigation__separator\"><\/div>\r\n\t\t\t\t<\/div>\r\n\t\t\t\t\t\t<div class=\"elementor-post-navigation__next elementor-post-navigation__link\">\r\n\t\t\t\t<a href=\"https:\/\/cyberforensics.az\/az\/iso-iec-tr-29119-112020\/\" rel=\"next\"><span class=\"elementor-post-navigation__link__next\"><span class=\"post-navigation__next--label\">Sonrak\u0131<\/span><span class=\"post-navigation__next--title\">ISO\/IEC TR 29119-11:2020<\/span><\/span><span class=\"post-navigation__arrow-wrapper post-navigation__arrow-next\"><svg aria-hidden=\"true\" class=\"e-font-icon-svg e-fas-angle-right\" viewbox=\"0 0 256 512\" xmlns=\"http:\/\/www.w3.org\/2000\/svg\"><path d=\"M224.3 273l-136 136c-9.4 9.4-24.6 9.4-33.9 0l-22.6-22.6c-9.4-9.4-9.4-24.6 0-33.9l96.4-96.4-96.4-96.4c-9.4-9.4-9.4-24.6 0-33.9L54.3 103c9.4-9.4 24.6-9.4 33.9 0l136 136c9.5 9.4 9.5 24.6.1 34z\"><\/path><\/svg><span class=\"elementor-screen-only\">Sonrak\u0131<\/span><\/span><\/a>\t\t\t<\/div>\r\n\t\t<\/div>\r\n\t\t\t\t\t\t<\/div>\n\t\t\t\t\t<\/div>\n\t\t\t\t<\/div>\n\t\t\t\t<\/div>","protected":false},"excerpt":{"rendered":"<p>ISO\/IEC TS 18013-7:2025 Personal identification \u2014 ISO-compliant driving licencePart 7: Mobile driving licence (mDL) add-on functions Abstract This document augments the capabilities of the mobile driving licence (mDL) standardized in ISO\/IEC 18013-5 with the following additional functionality: presentation of a mobile driving licence to a reader over the internet.<\/p>","protected":false},"author":1,"featured_media":0,"parent":0,"menu_order":0,"comment_status":"closed","ping_status":"closed","template":"","meta":{"footnotes":""},"class_list":["post-1646","page","type-page","status-publish","hentry"],"_links":{"self":[{"href":"https:\/\/cyberforensics.az\/az\/wp-json\/wp\/v2\/pages\/1646","targetHints":{"allow":["GET"]}}],"collection":[{"href":"https:\/\/cyberforensics.az\/az\/wp-json\/wp\/v2\/pages"}],"about":[{"href":"https:\/\/cyberforensics.az\/az\/wp-json\/wp\/v2\/types\/page"}],"author":[{"embeddable":true,"href":"https:\/\/cyberforensics.az\/az\/wp-json\/wp\/v2\/users\/1"}],"replies":[{"embeddable":true,"href":"https:\/\/cyberforensics.az\/az\/wp-json\/wp\/v2\/comments?post=1646"}],"version-history":[{"count":0,"href":"https:\/\/cyberforensics.az\/az\/wp-json\/wp\/v2\/pages\/1646\/revisions"}],"wp:attachment":[{"href":"https:\/\/cyberforensics.az\/az\/wp-json\/wp\/v2\/media?parent=1646"}],"curies":[{"name":"wp","href":"https:\/\/api.w.org\/{rel}","templated":true}]}}