{"id":1619,"date":"2025-07-22T18:38:00","date_gmt":"2025-07-22T14:38:00","guid":{"rendered":"https:\/\/cyberforensics.az\/?page_id=1619"},"modified":"2025-07-22T18:39:26","modified_gmt":"2025-07-22T14:39:26","slug":"elementor-page-1619","status":"publish","type":"page","link":"https:\/\/cyberforensics.az\/az\/elementor-page-1619\/","title":{"rendered":"ISO\/IEC\/IEEE 24748-1:2024"},"content":{"rendered":"<div data-elementor-type=\"wp-page\" data-elementor-id=\"1619\" class=\"elementor elementor-1619\" data-elementor-post-type=\"page\">\n\t\t\t\t<div class=\"elementor-element elementor-element-2aa7406e e-flex e-con-boxed e-con e-parent\" data-id=\"2aa7406e\" data-element_type=\"container\" data-e-type=\"container\">\n\t\t\t\t\t<div class=\"e-con-inner\">\n\t\t\t\t\t<\/div>\n\t\t\t\t<\/div>\n\t\t<div class=\"elementor-element elementor-element-364f44b4 e-flex e-con-boxed e-con e-parent\" data-id=\"364f44b4\" data-element_type=\"container\" data-e-type=\"container\">\n\t\t\t\t\t<div class=\"e-con-inner\">\n\t\t\t\t<div class=\"elementor-element elementor-element-130b33e5 elementor-widget elementor-widget-spacer\" data-id=\"130b33e5\" data-element_type=\"widget\" data-e-type=\"widget\" data-widget_type=\"spacer.default\">\n\t\t\t\t\t\t\t<div class=\"elementor-spacer\">\n\t\t\t<div class=\"elementor-spacer-inner\"><\/div>\n\t\t<\/div>\n\t\t\t\t\t\t<\/div>\n\t\t\t\t\t<\/div>\n\t\t\t\t<\/div>\n\t\t<div class=\"elementor-element elementor-element-2bbec3f6 e-flex e-con-boxed e-con e-parent\" data-id=\"2bbec3f6\" data-element_type=\"container\" data-e-type=\"container\">\n\t\t\t\t\t<div class=\"e-con-inner\">\n\t\t\t\t\t<\/div>\n\t\t\t\t<\/div>\n\t\t<div class=\"elementor-element elementor-element-6102c834 e-flex e-con-boxed e-con e-parent\" data-id=\"6102c834\" data-element_type=\"container\" data-e-type=\"container\">\n\t\t\t\t\t<div class=\"e-con-inner\">\n\t\t\t\t<div class=\"elementor-element elementor-element-2571e1e7 elementor-widget elementor-widget-text-editor\" data-id=\"2571e1e7\" data-element_type=\"widget\" data-e-type=\"widget\" data-widget_type=\"text-editor.default\">\n\t\t\t\t\t\t\t\t\t<p class=\"stdTitle\"><span class=\"h4 fw-normal d-block mb-2\">Sisteml\u0259r v\u0259 proqram m\u00fch\u0259ndisliyi \u2014 H\u0259yat d\u00f6vr\u00fcn\u00fcn idar\u0259 edilm\u0259si<\/span><span class=\"h4 fw-semibold d-block\">1-ci hiss\u0259: H\u0259yat d\u00f6vr\u00fcn\u00fcn idar\u0259 edilm\u0259si \u00fc\u00e7\u00fcn t\u0259limatlar<\/span><\/p><h2>Abstract<\/h2><p>This document provides guidance for the life cycle management of systems and software, complementing the processes described in ISO\/IEC\/IEEE\u00a015288 and ISO\/IEC\/IEEE\u00a012207. This document:<\/p><ul><li>addresses systems concepts and life cycle concepts, models, stages, processes, process application, key points of view, adaptation and use in various domains and by various disciplines;<\/li><li>establishes a common framework for describing life cycles, including their individual stages, for the management of projects that provide or acquire either products or services;<\/li><li>defines the concept of a life cycle;<\/li><li>supports the use of the life cycle processes within an organization or a project; organizations and projects can use these life cycle concepts when acquiring and supplying either products or services;<\/li><li>provides guidance on adapting a life cycle model and the content associated with a life cycle or a part of a life cycle;<\/li><li>describes the relationship between life cycles and their use in applying the processes in ISO\/IEC\/IEEE\u00a015288 (systems aspects) and ISO\/IEC\/IEEE\u00a012207 (software systems aspects);<\/li><li>shows the relationships of life cycle concepts to the hardware, human, services, process, procedure, facility and naturally occurring entity aspects of projects;<\/li><li>describes how its concepts relate to detailed process standards, for example, in the areas of measurement, project management, risk management and model-based systems and software engineering.<\/li><\/ul>\t\t\t\t\t\t\t\t<\/div>\n\t\t\t\t\t<\/div>\n\t\t\t\t<\/div>\n\t\t<div class=\"elementor-element elementor-element-34231023 e-flex e-con-boxed e-con e-parent\" data-id=\"34231023\" data-element_type=\"container\" data-e-type=\"container\">\n\t\t\t\t\t<div class=\"e-con-inner\">\n\t\t\t\t<div class=\"elementor-element elementor-element-7aaea1db elementor-post-navigation-borders-yes elementor-widget elementor-widget-post-navigation\" data-id=\"7aaea1db\" data-element_type=\"widget\" data-e-type=\"widget\" data-widget_type=\"post-navigation.default\">\n\t\t\t\t\t\t\t<div class=\"elementor-post-navigation\" role=\"navigation\" aria-label=\"Post Navigation\">\r\n\t\t\t<div class=\"elementor-post-navigation__prev elementor-post-navigation__link\">\r\n\t\t\t\t<a href=\"https:\/\/cyberforensics.az\/az\/iso-iec-20000-12018\/\" rel=\"prev\"><span class=\"post-navigation__arrow-wrapper post-navigation__arrow-prev\"><svg aria-hidden=\"true\" class=\"e-font-icon-svg e-fas-angle-left\" viewbox=\"0 0 256 512\" xmlns=\"http:\/\/www.w3.org\/2000\/svg\"><path d=\"M31.7 239l136-136c9.4-9.4 24.6-9.4 33.9 0l22.6 22.6c9.4 9.4 9.4 24.6 0 33.9L127.9 256l96.4 96.4c9.4 9.4 9.4 24.6 0 33.9L201.7 409c-9.4 9.4-24.6 9.4-33.9 0l-136-136c-9.5-9.4-9.5-24.6-.1-34z\"><\/path><\/svg><span class=\"elementor-screen-only\">Prev<\/span><\/span><span class=\"elementor-post-navigation__link__prev\"><span class=\"post-navigation__prev--label\">\u018fvv\u0259lki<\/span><span class=\"post-navigation__prev--title\">ISO\/IEC 20000-1:2018<\/span><\/span><\/a>\t\t\t<\/div>\r\n\t\t\t\t\t\t\t<div class=\"elementor-post-navigation__separator-wrapper\">\r\n\t\t\t\t\t<div class=\"elementor-post-navigation__separator\"><\/div>\r\n\t\t\t\t<\/div>\r\n\t\t\t\t\t\t<div class=\"elementor-post-navigation__next elementor-post-navigation__link\">\r\n\t\t\t\t<a href=\"https:\/\/cyberforensics.az\/az\/iso-iec-238942023\/\" rel=\"next\"><span class=\"elementor-post-navigation__link__next\"><span class=\"post-navigation__next--label\">Sonrak\u0131<\/span><span class=\"post-navigation__next--title\">ISO\/IEC 23894:2023<\/span><\/span><span class=\"post-navigation__arrow-wrapper post-navigation__arrow-next\"><svg aria-hidden=\"true\" class=\"e-font-icon-svg e-fas-angle-right\" viewbox=\"0 0 256 512\" xmlns=\"http:\/\/www.w3.org\/2000\/svg\"><path d=\"M224.3 273l-136 136c-9.4 9.4-24.6 9.4-33.9 0l-22.6-22.6c-9.4-9.4-9.4-24.6 0-33.9l96.4-96.4-96.4-96.4c-9.4-9.4-9.4-24.6 0-33.9L54.3 103c9.4-9.4 24.6-9.4 33.9 0l136 136c9.5 9.4 9.5 24.6.1 34z\"><\/path><\/svg><span class=\"elementor-screen-only\">Sonrak\u0131<\/span><\/span><\/a>\t\t\t<\/div>\r\n\t\t<\/div>\r\n\t\t\t\t\t\t<\/div>\n\t\t\t\t\t<\/div>\n\t\t\t\t<\/div>\n\t\t\t\t<\/div>","protected":false},"excerpt":{"rendered":"<p>ISO\/IEC\/IEEE 24748-1:2024 Systems and software engineering \u2014 Life cycle managementPart 1: Guidelines for life cycle management Abstract This document provides guidance for the life cycle management of systems and software, complementing the processes described in ISO\/IEC\/IEEE\u00a015288 and ISO\/IEC\/IEEE\u00a012207. This document: addresses systems concepts and life cycle concepts, models, stages, processes, process application, key points of [&hellip;]<\/p>\n","protected":false},"author":1,"featured_media":0,"parent":0,"menu_order":0,"comment_status":"closed","ping_status":"closed","template":"","meta":{"footnotes":""},"class_list":["post-1619","page","type-page","status-publish","hentry"],"_links":{"self":[{"href":"https:\/\/cyberforensics.az\/az\/wp-json\/wp\/v2\/pages\/1619","targetHints":{"allow":["GET"]}}],"collection":[{"href":"https:\/\/cyberforensics.az\/az\/wp-json\/wp\/v2\/pages"}],"about":[{"href":"https:\/\/cyberforensics.az\/az\/wp-json\/wp\/v2\/types\/page"}],"author":[{"embeddable":true,"href":"https:\/\/cyberforensics.az\/az\/wp-json\/wp\/v2\/users\/1"}],"replies":[{"embeddable":true,"href":"https:\/\/cyberforensics.az\/az\/wp-json\/wp\/v2\/comments?post=1619"}],"version-history":[{"count":0,"href":"https:\/\/cyberforensics.az\/az\/wp-json\/wp\/v2\/pages\/1619\/revisions"}],"wp:attachment":[{"href":"https:\/\/cyberforensics.az\/az\/wp-json\/wp\/v2\/media?parent=1619"}],"curies":[{"name":"wp","href":"https:\/\/api.w.org\/{rel}","templated":true}]}}