{"id":1133,"date":"2025-07-14T15:09:41","date_gmt":"2025-07-14T11:09:41","guid":{"rendered":"https:\/\/cyberforensics.az\/?page_id=1133"},"modified":"2025-07-15T00:57:43","modified_gmt":"2025-07-14T20:57:43","slug":"iso-iec-20000-1-itsms-information-technology","status":"publish","type":"page","link":"https:\/\/cyberforensics.az\/az\/iso-iec-20000-1-itsms-information-technology\/","title":{"rendered":"ISO\/IEC 20000-1 ITSMS (\u0130nformasiya Texnologiyas\u0131)"},"content":{"rendered":"<div data-elementor-type=\"wp-page\" data-elementor-id=\"1133\" class=\"elementor elementor-1133\" data-elementor-post-type=\"page\">\n\t\t\t\t<div class=\"elementor-element elementor-element-4e8c679 e-flex e-con-boxed e-con e-parent\" data-id=\"4e8c679\" data-element_type=\"container\" data-e-type=\"container\">\n\t\t\t\t\t<div class=\"e-con-inner\">\n\t\t\t\t\t<\/div>\n\t\t\t\t<\/div>\n\t\t<div class=\"elementor-element elementor-element-a72e3dd e-flex e-con-boxed e-con e-parent\" data-id=\"a72e3dd\" data-element_type=\"container\" data-e-type=\"container\">\n\t\t\t\t\t<div class=\"e-con-inner\">\n\t\t\t\t<div class=\"elementor-element elementor-element-a131d4c elementor-widget elementor-widget-spacer\" data-id=\"a131d4c\" data-element_type=\"widget\" data-e-type=\"widget\" data-widget_type=\"spacer.default\">\n\t\t\t\t\t\t\t<div class=\"elementor-spacer\">\n\t\t\t<div class=\"elementor-spacer-inner\"><\/div>\n\t\t<\/div>\n\t\t\t\t\t\t<\/div>\n\t\t\t\t\t<\/div>\n\t\t\t\t<\/div>\n\t\t<div class=\"elementor-element elementor-element-14af67e e-flex e-con-boxed e-con e-parent\" data-id=\"14af67e\" data-element_type=\"container\" data-e-type=\"container\">\n\t\t\t\t\t<div class=\"e-con-inner\">\n\t\t\t\t\t<\/div>\n\t\t\t\t<\/div>\n\t\t<div class=\"elementor-element elementor-element-9bee580 e-flex e-con-boxed e-con e-parent\" data-id=\"9bee580\" data-element_type=\"container\" data-e-type=\"container\">\n\t\t\t\t\t<div class=\"e-con-inner\">\n\t\t\t\t<div class=\"elementor-element elementor-element-ed68434 elementor-widget elementor-widget-text-editor\" data-id=\"ed68434\" data-element_type=\"widget\" data-e-type=\"widget\" data-widget_type=\"text-editor.default\">\n\t\t\t\t\t\t\t\t\t<h3>N\u0259dir <span data-huuid=\"16046419630675479716\">ISO\/IEC 20000-1<\/span>?<\/h3><p><span data-huuid=\"14106895786553306973\">ISO\/IEC 20000-1-dir <mark class=\"QVRyCf\">xidm\u0259t idar\u0259etm\u0259 sisteminin (SMS) yarad\u0131lmas\u0131, h\u0259yata ke\u00e7irilm\u0259si, saxlanmas\u0131 v\u0259 davaml\u0131 olaraq t\u0259kmill\u0259\u015fdirilm\u0259si \u00fc\u00e7\u00fcn t\u0259l\u0259bl\u0259ri m\u00fc\u0259yy\u0259n ed\u0259n \u0130T xidm\u0259tl\u0259rinin idar\u0259 edilm\u0259si (ITSM) \u00fc\u00e7\u00fcn beyn\u0259lxalq standart<\/mark>. <\/span><span data-huuid=\"14106895786553307134\">O, raz\u0131la\u015fd\u0131r\u0131lm\u0131\u015f t\u0259l\u0259bl\u0259r\u0259 cavab verm\u0259k v\u0259 d\u0259y\u0259ri \u00e7atd\u0131rmaq \u00fc\u00e7\u00fcn xidm\u0259tl\u0259rin planla\u015fd\u0131r\u0131lmas\u0131na, dizayn\u0131na, ke\u00e7idin\u0259, \u00e7atd\u0131r\u0131lmas\u0131na v\u0259 t\u0259kmill\u0259\u015fdirilm\u0259sin\u0259 diqq\u0259t yetirir. <\/span><span data-huuid=\"14106895786553303199\">Standart m\u00fcxt\u0259lif xidm\u0259t t\u0259minat\u00e7\u0131lar\u0131na, o c\u00fcml\u0259d\u0259n \u0130T, obyektl\u0259rin idar\u0259 edilm\u0259si v\u0259 biznes xidm\u0259tl\u0259rin\u0259 \u015famil edilir.<span class=\"pjBG2e\" data-cid=\"61125ccb-538f-4ced-b04b-603d7ff711e2\"><span class=\"UV3uM\">\u00a0<\/span><\/span><\/span><\/p><div class=\"WaaZC\"><div class=\"RJPOee EIJn2\"><div class=\"rPeykc\" data-hveid=\"CAMQAQ\" data-ved=\"2ahUKEwjdwdnInL2OAxWhxgIHHY1EAycQo_EKegQIAxAB\">\u00a0<\/div><\/div><\/div><div class=\"WaaZC\"><div class=\"RJPOee EIJn2\"><div class=\"rPeykc pyPiTc\" data-hveid=\"CA8QAQ\" data-ved=\"2ahUKEwjdwdnInL2OAxWhxgIHHY1EAycQo_EKegQIDxAB\"><span data-huuid=\"16046419630675479716\">ISO\/IEC 20000-1-in \u0259sas aspektl\u0259ri: <\/span><\/div><\/div><\/div><div class=\"WaaZC\"><div class=\"RJPOee EIJn2\"><ul data-hveid=\"CC0QAQ\" data-ved=\"2ahUKEwjdwdnInL2OAxWhxgIHHY1EAycQm_YKegQILRAB\"><li class=\"K3KsMc\"><div class=\"zMgcWd dSKvsb\" data-il=\"\"><div data-crb-p=\"\"><div class=\"xFTqob\"><div class=\"Gur8Ad\"><span data-huuid=\"16046419630675477453\"><strong>Xidm\u0259t \u0130dar\u0259etm\u0259 Sistemi (SMS):<\/strong> <\/span><\/div><div class=\"vM0jzc\"><p><span data-huuid=\"16046419630675478064\">Planla\u015fd\u0131rma, h\u0259yata ke\u00e7irm\u0259, \u0259m\u0259liyyat, monitorinq, n\u0259z\u0259rd\u0259n ke\u00e7irm\u0259, texniki xidm\u0259t v\u0259 t\u0259kmill\u0259\u015fdirm\u0259ni \u0259hat\u0259 ed\u0259n \u0130T xidm\u0259tl\u0259rinin idar\u0259 edilm\u0259si \u00fc\u00e7\u00fcn \u00e7\u0259r\u00e7iv\u0259ni m\u00fc\u0259yy\u0259n edir.<span class=\"pjBG2e\" data-cid=\"b27c7fc0-62ff-4615-9703-53ef625877a7\"><span class=\"UV3uM\">\u00a0<\/span><\/span><\/span><\/p><div class=\"NPrrbc\" data-cid=\"b27c7fc0-62ff-4615-9703-53ef625877a7\" data-uuids=\"16046419630675477453,16046419630675478064\"><div class=\"BMebGe btku5b fCrZyc LwdV0e FR7ZSc qVhvac OJeuxf\" tabindex=\"0\" role=\"button\" aria-label=\"\u018flaq\u0259dar ba\u011flant\u0131lara bax\u0131n\" data-hveid=\"CCcQAQ\" data-ved=\"2ahUKEwjdwdnInL2OAxWhxgIHHY1EAycQ3fYKegQIJxAB\">\u00a0<\/div><\/div><\/div><\/div><\/div><div data-crb-p=\"\"><div class=\"xFTqob\"><div class=\"vM0jzc\">\u00a0<\/div><\/div><\/div><div data-crb-p=\"\"><div class=\"xFTqob\"><div class=\"Gur8Ad\"><span data-huuid=\"16046419630675479286\"><strong>Xidm\u0259t m\u00fcdd\u0259ti:<\/strong> <\/span><\/div><div class=\"vM0jzc\"><p><span data-huuid=\"16046419630675479897\">Planla\u015fd\u0131rma v\u0259 dizayndan ke\u00e7id, \u00e7atd\u0131r\u0131lma v\u0259 davaml\u0131 t\u0259kmill\u0259\u015fdirm\u0259y\u0259 q\u0259d\u0259r xidm\u0259tl\u0259rin b\u00fct\u00fcn h\u0259yat d\u00f6vr\u00fcn\u00fc \u0259hat\u0259 edir.<span class=\"pjBG2e\" data-cid=\"58ef5e4d-c54d-4cea-a5c1-a6872840f954\"><span class=\"UV3uM\">\u00a0<\/span><\/span><\/span><\/p><div class=\"NPrrbc\" data-cid=\"58ef5e4d-c54d-4cea-a5c1-a6872840f954\" data-uuids=\"16046419630675479286,16046419630675479897\"><div class=\"BMebGe btku5b fCrZyc LwdV0e FR7ZSc qVhvac OJeuxf\" tabindex=\"0\" role=\"button\" aria-label=\"\u018flaq\u0259dar ba\u011flant\u0131lara bax\u0131n\" data-hveid=\"CCYQAQ\" data-ved=\"2ahUKEwjdwdnInL2OAxWhxgIHHY1EAycQ3fYKegQIJhAB\">\u00a0<\/div><\/div><\/div><\/div><\/div><div data-crb-p=\"\"><div class=\"xFTqob\"><div class=\"vM0jzc\">\u00a0<\/div><\/div><\/div><\/div><\/li><\/ul><\/div><\/div><ul><li class=\"K3KsMc\"><div class=\"zMgcWd dSKvsb\" data-il=\"\"><div data-crb-p=\"\"><div class=\"xFTqob\"><div class=\"Gur8Ad\"><span data-huuid=\"16046419630675477023\"><strong>T\u0259l\u0259bl\u0259r:<\/strong> <\/span><\/div><div class=\"vM0jzc\"><p><span data-huuid=\"16046419630675477634\">T\u0259\u015fkilat\u0131n \u0130T xidm\u0259tl\u0259rini idar\u0259 etm\u0259k v\u0259 t\u0259kmill\u0259\u015fdirm\u0259k qabiliyy\u0259tini n\u00fcmayi\u015f etdirm\u0259k \u00fc\u00e7\u00fcn t\u0259l\u0259bl\u0259ri m\u00fc\u0259yy\u0259n edir.<span class=\"pjBG2e\" data-cid=\"a807e16a-aaa4-48b1-acbc-f39f9d95a65c\"><span class=\"UV3uM\">\u00a0<\/span><\/span><\/span><\/p><div class=\"NPrrbc\" data-cid=\"a807e16a-aaa4-48b1-acbc-f39f9d95a65c\" data-uuids=\"16046419630675477023,16046419630675477634\"><div class=\"BMebGe btku5b fCrZyc LwdV0e FR7ZSc qVhvac OJeuxf\" tabindex=\"0\" role=\"button\" aria-label=\"\u018flaq\u0259dar ba\u011flant\u0131lara bax\u0131n\" data-hveid=\"CCAQAQ\" data-ved=\"2ahUKEwjdwdnInL2OAxWhxgIHHY1EAycQ3fYKegQIIBAB\">\u00a0<\/div><\/div><\/div><\/div><\/div><div data-crb-p=\"\"><div class=\"xFTqob\"><div class=\"vM0jzc\">\u00a0<\/div><\/div><\/div><\/div><\/li><li class=\"K3KsMc\"><div class=\"zMgcWd dSKvsb\" data-il=\"\"><div data-crb-p=\"\"><div class=\"xFTqob\"><div class=\"Gur8Ad\"><span data-huuid=\"16046419630675478856\"><strong>Davaml\u0131 T\u0259kmill\u0259\u015fdirm\u0259:<\/strong> <\/span><\/div><div class=\"vM0jzc\"><p><span data-huuid=\"16046419630675479467\">SMS-in v\u0259 onun d\u0259st\u0259kl\u0259diyi xidm\u0259tl\u0259rin davaml\u0131 t\u0259kmill\u0259\u015fdirilm\u0259sini vur\u011fulay\u0131r.<span class=\"pjBG2e\" data-cid=\"0101e0a0-9103-4814-b303-63ce1c38eb06\"><span class=\"UV3uM\">\u00a0<\/span><\/span><\/span><\/p><div class=\"NPrrbc\" data-cid=\"0101e0a0-9103-4814-b303-63ce1c38eb06\" data-uuids=\"16046419630675478856,16046419630675479467\"><div class=\"BMebGe btku5b fCrZyc LwdV0e FR7ZSc qVhvac OJeuxf\" tabindex=\"0\" role=\"button\" aria-label=\"\u018flaq\u0259dar ba\u011flant\u0131lara bax\u0131n\" data-hveid=\"CCkQAQ\" data-ved=\"2ahUKEwjdwdnInL2OAxWhxgIHHY1EAycQ3fYKegQIKRAB\"><div class=\"niO4u\"><div class=\"kHtcsd\">\u00a0<\/div><\/div><\/div><\/div><\/div><\/div><\/div><div data-crb-p=\"\"><div class=\"xFTqob\"><div class=\"vM0jzc\">\u00a0<\/div><\/div><\/div><\/div><\/li><li class=\"K3KsMc\"><div class=\"zMgcWd dSKvsb\" data-il=\"\"><div data-crb-p=\"\"><div class=\"xFTqob\"><div class=\"Gur8Ad\"><span data-huuid=\"16046419630675476593\"><strong>Uy\u011funluq:<\/strong> <\/span><\/div><div class=\"vM0jzc\"><p><span data-huuid=\"16046419630675477204\">B\u00fct\u00fcn \u00f6l\u00e7\u00fcl\u0259rd\u0259 v\u0259 m\u00fcxt\u0259lif sektorlarda, o c\u00fcml\u0259d\u0259n daxili v\u0259 ya xarici xidm\u0259t g\u00f6st\u0259r\u0259n t\u0259\u015fkilatlar \u00fc\u00e7\u00fcn uy\u011fundur.<span class=\"pjBG2e\" data-cid=\"92c2e334-3c39-4eb1-ba7a-8b4742434aff\"><span class=\"UV3uM\">\u00a0<\/span><\/span><\/span><\/p><div class=\"NPrrbc\" data-cid=\"92c2e334-3c39-4eb1-ba7a-8b4742434aff\" data-uuids=\"16046419630675476593,16046419630675477204\"><div class=\"BMebGe btku5b fCrZyc LwdV0e FR7ZSc qVhvac OJeuxf\" tabindex=\"0\" role=\"button\" aria-label=\"\u018flaq\u0259dar ba\u011flant\u0131lara bax\u0131n\" data-hveid=\"CCMQAQ\" data-ved=\"2ahUKEwjdwdnInL2OAxWhxgIHHY1EAycQ3fYKegQIIxAB\">\u00a0<\/div><\/div><\/div><\/div><\/div><div data-crb-p=\"\"><div class=\"xFTqob\"><div class=\"vM0jzc\">\u00a0<\/div><\/div><\/div><\/div><\/li><li class=\"K3KsMc\"><div class=\"zMgcWd dSKvsb\" data-il=\"\"><div data-crb-p=\"\"><div class=\"xFTqob\"><div class=\"Gur8Ad\"><span data-huuid=\"16046419630675478426\"><strong>ITIL il\u0259 uy\u011funla\u015fma:<\/strong> <\/span><\/div><div class=\"vM0jzc\"><p><span data-huuid=\"16046419630675479037\">ISO\/IEC 20000-1 \u0259n yax\u015f\u0131 t\u0259cr\u00fcb\u0259l\u0259r \u00fc\u00e7\u00fcn ITIL \u00e7\u0259r\u00e7iv\u0259sin\u0259 geni\u015f \u015f\u0259kild\u0259 uy\u011funla\u015fd\u0131r\u0131l\u0131b v\u0259 ondan istifad\u0259 edir.<span class=\"pjBG2e\" data-cid=\"ca0d1baf-d5db-4879-9df9-22a73531f6e9\"><span class=\"UV3uM\">\u00a0<\/span><\/span><\/span><\/p><div class=\"NPrrbc\" data-cid=\"ca0d1baf-d5db-4879-9df9-22a73531f6e9\" data-uuids=\"16046419630675478426,16046419630675479037\"><div class=\"BMebGe btku5b fCrZyc LwdV0e FR7ZSc qVhvac OJeuxf\" tabindex=\"0\" role=\"button\" aria-label=\"\u018flaq\u0259dar ba\u011flant\u0131lara bax\u0131n\" data-hveid=\"CBcQAQ\" data-ved=\"2ahUKEwjdwdnInL2OAxWhxgIHHY1EAycQ3fYKegQIFxAB\"><div class=\"niO4u\"><div class=\"kHtcsd\">\u00a0<\/div><\/div><\/div><\/div><\/div><\/div><\/div><div data-crb-p=\"\"><div class=\"xFTqob\"><div class=\"vM0jzc\">\u00a0<\/div><\/div><\/div><\/div><\/li><\/ul><div class=\"WaaZC\"><div class=\"RJPOee EIJn2\">\u00a0<\/div><\/div><div class=\"WaaZC\"><div class=\"RJPOee EIJn2\"><div class=\"rPeykc pyPiTc\" data-hveid=\"CDMQAQ\" data-ved=\"2ahUKEwjdwdnInL2OAxWhxgIHHY1EAycQo_EKegQIMxAB\"><span data-huuid=\"16046419630675478177\">ISO\/IEC 20000-1 sertifikat\u0131n\u0131n \u00fcst\u00fcnl\u00fckl\u0259ri: <\/span><\/div><div data-hveid=\"CDMQAQ\" data-ved=\"2ahUKEwjdwdnInL2OAxWhxgIHHY1EAycQo_EKegQIMxAB\">\u00a0<\/div><\/div><\/div><div class=\"WaaZC\"><div class=\"RJPOee EIJn2\"><ul data-hveid=\"CEUQAQ\" data-ved=\"2ahUKEwjdwdnInL2OAxWhxgIHHY1EAycQm_YKegQIRRAB\"><li class=\"K3KsMc\"><div class=\"zMgcWd dSKvsb\" data-il=\"\"><div data-crb-p=\"\"><div class=\"xFTqob\"><div class=\"Gur8Ad\"><span data-huuid=\"16046419630675480010\"><strong>T\u0259kmill\u0259\u015fdirilmi\u015f xidm\u0259t keyfiyy\u0259ti:<\/strong> <\/span><\/div><div class=\"vM0jzc\"><span data-huuid=\"16046419630675476525\">M\u00fc\u015ft\u0259ri m\u0259mnunlu\u011funun artmas\u0131na s\u0259b\u0259b olan ard\u0131c\u0131l v\u0259 etibarl\u0131 xidm\u0259tin t\u0259min edilm\u0259sin\u0259 k\u00f6m\u0259k edir. <\/span><\/div><\/div><\/div><\/div><\/li><li class=\"K3KsMc\"><div class=\"zMgcWd dSKvsb\" data-il=\"\"><div data-crb-p=\"\"><div class=\"xFTqob\"><div class=\"Gur8Ad\"><span data-huuid=\"16046419630675477747\"><strong>Artan s\u0259m\u0259r\u0259lilik:<\/strong> <\/span><\/div><div class=\"vM0jzc\"><span data-huuid=\"16046419630675478358\">Prosesl\u0259ri v\u0259 resurslardan istifad\u0259ni optimalla\u015fd\u0131r\u0131r, bu da x\u0259rcl\u0259r\u0259 q\u0259na\u0259t\u0259 v\u0259 m\u0259hsuldarl\u0131\u011f\u0131n artmas\u0131na s\u0259b\u0259b olur. <\/span><\/div><\/div><\/div><\/div><\/li><li class=\"K3KsMc\"><div class=\"zMgcWd dSKvsb\" data-il=\"\"><div data-crb-p=\"\"><div class=\"xFTqob\"><div class=\"Gur8Ad\"><span data-huuid=\"16046419630675479580\"><strong>T\u0259kmill\u0259\u015fdirilmi\u015f riskl\u0259rin idar\u0259 edilm\u0259si:<\/strong> <\/span><\/div><div class=\"vM0jzc\"><span data-huuid=\"16046419630675480191\">Xidm\u0259tl\u0259rin g\u00f6st\u0259rilm\u0259si il\u0259 ba\u011fl\u0131 riskl\u0259rin m\u00fc\u0259yy\u0259n edilm\u0259si, qiym\u0259tl\u0259ndirilm\u0259si v\u0259 azald\u0131lmas\u0131 \u00fc\u00e7\u00fcn \u00e7\u0259r\u00e7iv\u0259 t\u0259min edir. <\/span><\/div><\/div><\/div><\/div><\/li><li class=\"K3KsMc\"><div class=\"zMgcWd dSKvsb\" data-il=\"\"><div data-crb-p=\"\"><div class=\"xFTqob\"><div class=\"Gur8Ad\"><span data-huuid=\"16046419630675477317\"><strong>R\u0259qab\u0259t \u00fcst\u00fcnl\u00fcy\u00fc:<\/strong> <\/span><\/div><div class=\"vM0jzc\"><span data-huuid=\"16046419630675477928\">T\u0259\u015fkilat\u0131n n\u00fcfuzunu v\u0259 bazar m\u00f6vqeyini y\u00fcks\u0259ld\u0259n keyfiyy\u0259t\u0259 v\u0259 \u0259n yax\u015f\u0131 t\u0259cr\u00fcb\u0259l\u0259r\u0259 sadiqlik n\u00fcmayi\u015f etdirir. <\/span><\/div><\/div><\/div><\/div><\/li><li class=\"K3KsMc\"><div class=\"zMgcWd dSKvsb\" data-il=\"\"><div data-crb-p=\"\"><div class=\"xFTqob\"><div class=\"Gur8Ad\"><span data-huuid=\"16046419630675479150\"><strong>S\u0259naye standartlar\u0131na uy\u011funluq:<\/strong> <\/span><\/div><div class=\"vM0jzc\"><p><span data-huuid=\"16046419630675479761\">\u0130T xidm\u0259tl\u0259rinin idar\u0259 edilm\u0259si \u00fc\u00e7\u00fcn beyn\u0259lxalq s\u0259viyy\u0259d\u0259 tan\u0131nm\u0131\u015f \u0259n yax\u015f\u0131 t\u0259cr\u00fcb\u0259l\u0259r\u0259 uy\u011funla\u015fma \u00fc\u00e7\u00fcn \u00e7\u0259r\u00e7iv\u0259 t\u0259min edir.<span class=\"pjBG2e\" data-cid=\"f31bd95f-e52b-4ed5-9c34-96144b1021a5\"><span class=\"UV3uM\">\u00a0<\/span><\/span><\/span><\/p><div class=\"NPrrbc\" data-cid=\"f31bd95f-e52b-4ed5-9c34-96144b1021a5\" data-uuids=\"16046419630675480010,16046419630675476525,16046419630675477747,16046419630675478358,16046419630675479580,16046419630675480191,16046419630675477317,16046419630675477928,16046419630675479150,16046419630675479761\"><div class=\"BMebGe btku5b fCrZyc LwdV0e FR7ZSc qVhvac OJeuxf\" tabindex=\"0\" role=\"button\" aria-label=\"\u018flaq\u0259dar ba\u011flant\u0131lara bax\u0131n\" data-hveid=\"CEMQAQ\" data-ved=\"2ahUKEwjdwdnInL2OAxWhxgIHHY1EAycQ3fYKegQIQxAB\"><div class=\"niO4u\"><div class=\"kHtcsd\">\u00a0<\/div><\/div><\/div><\/div><\/div><\/div><\/div><\/div><\/li><\/ul><\/div><\/div>\t\t\t\t\t\t\t\t<\/div>\n\t\t\t\t\t<\/div>\n\t\t\t\t<\/div>\n\t\t<div class=\"elementor-element elementor-element-98fac0c e-flex e-con-boxed e-con e-parent\" data-id=\"98fac0c\" data-element_type=\"container\" data-e-type=\"container\">\n\t\t\t\t\t<div class=\"e-con-inner\">\n\t\t\t\t<div class=\"elementor-element elementor-element-3af7f52 elementor-post-navigation-borders-yes elementor-widget elementor-widget-post-navigation\" data-id=\"3af7f52\" data-element_type=\"widget\" data-e-type=\"widget\" data-widget_type=\"post-navigation.default\">\n\t\t\t\t\t\t\t<div class=\"elementor-post-navigation\" role=\"navigation\" aria-label=\"Post Navigation\">\r\n\t\t\t<div class=\"elementor-post-navigation__prev elementor-post-navigation__link\">\r\n\t\t\t\t<a href=\"https:\/\/cyberforensics.az\/az\/iso-55001-ams-asset-management\/\" rel=\"prev\"><span class=\"post-navigation__arrow-wrapper post-navigation__arrow-prev\"><svg aria-hidden=\"true\" class=\"e-font-icon-svg e-fas-angle-left\" viewbox=\"0 0 256 512\" xmlns=\"http:\/\/www.w3.org\/2000\/svg\"><path d=\"M31.7 239l136-136c9.4-9.4 24.6-9.4 33.9 0l22.6 22.6c9.4 9.4 9.4 24.6 0 33.9L127.9 256l96.4 96.4c9.4 9.4 9.4 24.6 0 33.9L201.7 409c-9.4 9.4-24.6 9.4-33.9 0l-136-136c-9.5-9.4-9.5-24.6-.1-34z\"><\/path><\/svg><span class=\"elementor-screen-only\">Prev<\/span><\/span><span class=\"elementor-post-navigation__link__prev\"><span class=\"post-navigation__prev--label\">\u018fvv\u0259lki<\/span><span class=\"post-navigation__prev--title\">ISO 55001 AMS (Aktivl\u0259rin \u0130dar\u0259 Edilm\u0259si)<\/span><\/span><\/a>\t\t\t<\/div>\r\n\t\t\t\t\t\t\t<div class=\"elementor-post-navigation__separator-wrapper\">\r\n\t\t\t\t\t<div class=\"elementor-post-navigation__separator\"><\/div>\r\n\t\t\t\t<\/div>\r\n\t\t\t\t\t\t<div class=\"elementor-post-navigation__next elementor-post-navigation__link\">\r\n\t\t\t\t<a href=\"https:\/\/cyberforensics.az\/az\/iso-iec-27701-pims-information-security-privacy\/\" rel=\"next\"><span class=\"elementor-post-navigation__link__next\"><span class=\"post-navigation__next--label\">Sonrak\u0131<\/span><span class=\"post-navigation__next--title\">ISO\/IEC 27701 PIMS (\u0130nformasiya T\u0259hl\u00fck\u0259sizliyi M\u0259xfiliyi)<\/span><\/span><span class=\"post-navigation__arrow-wrapper post-navigation__arrow-next\"><svg aria-hidden=\"true\" class=\"e-font-icon-svg e-fas-angle-right\" viewbox=\"0 0 256 512\" xmlns=\"http:\/\/www.w3.org\/2000\/svg\"><path d=\"M224.3 273l-136 136c-9.4 9.4-24.6 9.4-33.9 0l-22.6-22.6c-9.4-9.4-9.4-24.6 0-33.9l96.4-96.4-96.4-96.4c-9.4-9.4-9.4-24.6 0-33.9L54.3 103c9.4-9.4 24.6-9.4 33.9 0l136 136c9.5 9.4 9.5 24.6.1 34z\"><\/path><\/svg><span class=\"elementor-screen-only\">Sonrak\u0131<\/span><\/span><\/a>\t\t\t<\/div>\r\n\t\t<\/div>\r\n\t\t\t\t\t\t<\/div>\n\t\t\t\t\t<\/div>\n\t\t\t\t<\/div>\n\t\t\t\t<\/div>","protected":false},"excerpt":{"rendered":"<p>ISO\/IEC 20000-1 What is ISO\/IEC 20000-1? ISO\/IEC 20000-1 is an international standard for IT service management (ITSM), specifying requirements for establishing, implementing, maintaining, and continually improving a service management system (SMS). It focuses on the planning, design, transition, delivery, and improvement of services to meet agreed requirements and deliver value. The standard is applicable to [&hellip;]<\/p>\n","protected":false},"author":1,"featured_media":0,"parent":0,"menu_order":0,"comment_status":"closed","ping_status":"closed","template":"","meta":{"footnotes":""},"class_list":["post-1133","page","type-page","status-publish","hentry"],"_links":{"self":[{"href":"https:\/\/cyberforensics.az\/az\/wp-json\/wp\/v2\/pages\/1133","targetHints":{"allow":["GET"]}}],"collection":[{"href":"https:\/\/cyberforensics.az\/az\/wp-json\/wp\/v2\/pages"}],"about":[{"href":"https:\/\/cyberforensics.az\/az\/wp-json\/wp\/v2\/types\/page"}],"author":[{"embeddable":true,"href":"https:\/\/cyberforensics.az\/az\/wp-json\/wp\/v2\/users\/1"}],"replies":[{"embeddable":true,"href":"https:\/\/cyberforensics.az\/az\/wp-json\/wp\/v2\/comments?post=1133"}],"version-history":[{"count":0,"href":"https:\/\/cyberforensics.az\/az\/wp-json\/wp\/v2\/pages\/1133\/revisions"}],"wp:attachment":[{"href":"https:\/\/cyberforensics.az\/az\/wp-json\/wp\/v2\/media?parent=1133"}],"curies":[{"name":"wp","href":"https:\/\/api.w.org\/{rel}","templated":true}]}}