{"id":1127,"date":"2025-07-14T15:08:35","date_gmt":"2025-07-14T11:08:35","guid":{"rendered":"https:\/\/cyberforensics.az\/?page_id=1127"},"modified":"2025-07-15T01:36:02","modified_gmt":"2025-07-14T21:36:02","slug":"iso-13485-mdqms-medical-devices","status":"publish","type":"page","link":"https:\/\/cyberforensics.az\/az\/iso-13485-mdqms-medical-devices\/","title":{"rendered":"ISO 13485 MDQMS (Tibbi Cihazlar)"},"content":{"rendered":"<div data-elementor-type=\"wp-page\" data-elementor-id=\"1127\" class=\"elementor elementor-1127\" data-elementor-post-type=\"page\">\n\t\t\t\t<div class=\"elementor-element elementor-element-1dace614 e-flex e-con-boxed e-con e-parent\" data-id=\"1dace614\" data-element_type=\"container\" data-e-type=\"container\">\n\t\t\t\t\t<div class=\"e-con-inner\">\n\t\t\t\t\t<\/div>\n\t\t\t\t<\/div>\n\t\t<div class=\"elementor-element elementor-element-48bf7607 e-flex e-con-boxed e-con e-parent\" data-id=\"48bf7607\" data-element_type=\"container\" data-e-type=\"container\">\n\t\t\t\t\t<div class=\"e-con-inner\">\n\t\t\t\t<div class=\"elementor-element elementor-element-614ff346 elementor-widget elementor-widget-spacer\" data-id=\"614ff346\" data-element_type=\"widget\" data-e-type=\"widget\" data-widget_type=\"spacer.default\">\n\t\t\t\t\t\t\t<div class=\"elementor-spacer\">\n\t\t\t<div class=\"elementor-spacer-inner\"><\/div>\n\t\t<\/div>\n\t\t\t\t\t\t<\/div>\n\t\t\t\t\t<\/div>\n\t\t\t\t<\/div>\n\t\t<div class=\"elementor-element elementor-element-4447b1f9 e-flex e-con-boxed e-con e-parent\" data-id=\"4447b1f9\" data-element_type=\"container\" data-e-type=\"container\">\n\t\t\t\t\t<div class=\"e-con-inner\">\n\t\t\t\t\t<\/div>\n\t\t\t\t<\/div>\n\t\t<div class=\"elementor-element elementor-element-92dba75 e-flex e-con-boxed e-con e-parent\" data-id=\"92dba75\" data-element_type=\"container\" data-e-type=\"container\">\n\t\t\t\t\t<div class=\"e-con-inner\">\n\t\t\t\t<div class=\"elementor-element elementor-element-4fce6df9 elementor-widget elementor-widget-text-editor\" data-id=\"4fce6df9\" data-element_type=\"widget\" data-e-type=\"widget\" data-widget_type=\"text-editor.default\">\n\t\t\t\t\t\t\t\t\t<h2>What is ISO 13485?<\/h2><p>ISO 13485 is the internationally recognized standard for quality management systems in the design and manufacture of medical devices. It outlines specific requirements that help organizations <strong>ensure their medical devices meet both customer and regulatory demands for safety and efficacy.<\/strong><\/p><h2>Why is ISO 13485 important?<\/h2><p>ISO 13485 is crucial for manufacturers and suppliers of medical devices as it establishes a framework to ensure consistent design, development, production, and delivery of medical devices that are safe for their intended purpose. It aids in meeting rigorous regulatory requirements and managing risk, while ensuring best practices in the manufacture of medical devices. This standard not only facilitates market access across different countries but also enhances trust among stakeholders through demonstrated commitment to safety and quality.<\/p><h2>Benefits<\/h2><ul id=\"benefits\" class=\"list-unstyled\" role=\"list\"><li><i class=\"bi bi-check-circle-fill text-success\"><\/i> <strong>Risk management enhancement<\/strong>: Provides systematic methods to identify and mitigate risks throughout the product lifecycle, ensuring patient and user safety<\/li><li><strong><i class=\"bi bi-check-circle-fill text-success\"><\/i> Regulatory compliance<\/strong>: Helps organizations meet strict regulatory requirements specific to medical device manufacturing, crucial for market access and global trade.<\/li><li><i class=\"bi bi-check-circle-fill text-success\"><\/i> <strong>Operational efficiency<\/strong>: Streamlines processes to improve overall efficiency and effectiveness, reducing waste and increasing productivity<\/li><li><strong><i class=\"bi bi-check-circle-fill text-success\"><\/i> Market access<\/strong>: Facilitates entry into global markets with standardized compliance, enhancing competitive advantage<\/li><li><strong><i class=\"bi bi-check-circle-fill text-success\"><\/i>\u00a0Enhanced reputation<\/strong>: Builds credibility and trust with stakeholders, including regulators, customers, and end-users, through proven adherence to a globally recognized quality standard<\/li><\/ul>\t\t\t\t\t\t\t\t<\/div>\n\t\t\t\t\t<\/div>\n\t\t\t\t<\/div>\n\t\t<div class=\"elementor-element elementor-element-63ad4546 e-flex e-con-boxed e-con e-parent\" data-id=\"63ad4546\" data-element_type=\"container\" data-e-type=\"container\">\n\t\t\t\t\t<div class=\"e-con-inner\">\n\t\t\t\t<div class=\"elementor-element elementor-element-5bf62277 elementor-post-navigation-borders-yes elementor-widget elementor-widget-post-navigation\" data-id=\"5bf62277\" data-element_type=\"widget\" data-e-type=\"widget\" data-widget_type=\"post-navigation.default\">\n\t\t\t\t\t\t\t<div class=\"elementor-post-navigation\" role=\"navigation\" aria-label=\"Post Navigation\">\r\n\t\t\t<div class=\"elementor-post-navigation__prev elementor-post-navigation__link\">\r\n\t\t\t\t<a href=\"https:\/\/cyberforensics.az\/az\/iso-22301-bcms-business-continuity\/\" rel=\"prev\"><span class=\"post-navigation__arrow-wrapper post-navigation__arrow-prev\"><svg aria-hidden=\"true\" class=\"e-font-icon-svg e-fas-angle-left\" viewbox=\"0 0 256 512\" xmlns=\"http:\/\/www.w3.org\/2000\/svg\"><path d=\"M31.7 239l136-136c9.4-9.4 24.6-9.4 33.9 0l22.6 22.6c9.4 9.4 9.4 24.6 0 33.9L127.9 256l96.4 96.4c9.4 9.4 9.4 24.6 0 33.9L201.7 409c-9.4 9.4-24.6 9.4-33.9 0l-136-136c-9.5-9.4-9.5-24.6-.1-34z\"><\/path><\/svg><span class=\"elementor-screen-only\">Prev<\/span><\/span><span class=\"elementor-post-navigation__link__prev\"><span class=\"post-navigation__prev--label\">\u018fvv\u0259lki<\/span><span class=\"post-navigation__prev--title\">ISO 22301 BCMS (Biznes Davaml\u0131l\u0131\u011f\u0131)<\/span><\/span><\/a>\t\t\t<\/div>\r\n\t\t\t\t\t\t\t<div class=\"elementor-post-navigation__separator-wrapper\">\r\n\t\t\t\t\t<div class=\"elementor-post-navigation__separator\"><\/div>\r\n\t\t\t\t<\/div>\r\n\t\t\t\t\t\t<div class=\"elementor-post-navigation__next elementor-post-navigation__link\">\r\n\t\t\t\t<a href=\"https:\/\/cyberforensics.az\/az\/iso-55001-ams-asset-management\/\" rel=\"next\"><span class=\"elementor-post-navigation__link__next\"><span class=\"post-navigation__next--label\">Sonrak\u0131<\/span><span class=\"post-navigation__next--title\">ISO 55001 AMS (Aktivl\u0259rin \u0130dar\u0259 Edilm\u0259si)<\/span><\/span><span class=\"post-navigation__arrow-wrapper post-navigation__arrow-next\"><svg aria-hidden=\"true\" class=\"e-font-icon-svg e-fas-angle-right\" viewbox=\"0 0 256 512\" xmlns=\"http:\/\/www.w3.org\/2000\/svg\"><path d=\"M224.3 273l-136 136c-9.4 9.4-24.6 9.4-33.9 0l-22.6-22.6c-9.4-9.4-9.4-24.6 0-33.9l96.4-96.4-96.4-96.4c-9.4-9.4-9.4-24.6 0-33.9L54.3 103c9.4-9.4 24.6-9.4 33.9 0l136 136c9.5 9.4 9.5 24.6.1 34z\"><\/path><\/svg><span class=\"elementor-screen-only\">Sonrak\u0131<\/span><\/span><\/a>\t\t\t<\/div>\r\n\t\t<\/div>\r\n\t\t\t\t\t\t<\/div>\n\t\t\t\t\t<\/div>\n\t\t\t\t<\/div>\n\t\t\t\t<\/div>","protected":false},"excerpt":{"rendered":"<p>ISO 13485:2016 What is ISO 13485? ISO 13485 is the internationally recognized standard for quality management systems in the design and manufacture of medical devices. It outlines specific requirements that help organizations ensure their medical devices meet both customer and regulatory demands for safety and efficacy. Why is ISO 13485 important? ISO 13485 is crucial [&hellip;]<\/p>\n","protected":false},"author":1,"featured_media":0,"parent":0,"menu_order":0,"comment_status":"closed","ping_status":"closed","template":"","meta":{"footnotes":""},"class_list":["post-1127","page","type-page","status-publish","hentry"],"_links":{"self":[{"href":"https:\/\/cyberforensics.az\/az\/wp-json\/wp\/v2\/pages\/1127","targetHints":{"allow":["GET"]}}],"collection":[{"href":"https:\/\/cyberforensics.az\/az\/wp-json\/wp\/v2\/pages"}],"about":[{"href":"https:\/\/cyberforensics.az\/az\/wp-json\/wp\/v2\/types\/page"}],"author":[{"embeddable":true,"href":"https:\/\/cyberforensics.az\/az\/wp-json\/wp\/v2\/users\/1"}],"replies":[{"embeddable":true,"href":"https:\/\/cyberforensics.az\/az\/wp-json\/wp\/v2\/comments?post=1127"}],"version-history":[{"count":0,"href":"https:\/\/cyberforensics.az\/az\/wp-json\/wp\/v2\/pages\/1127\/revisions"}],"wp:attachment":[{"href":"https:\/\/cyberforensics.az\/az\/wp-json\/wp\/v2\/media?parent=1127"}],"curies":[{"name":"wp","href":"https:\/\/api.w.org\/{rel}","templated":true}]}}