{"id":1124,"date":"2025-07-14T15:07:51","date_gmt":"2025-07-14T11:07:51","guid":{"rendered":"https:\/\/cyberforensics.az\/?page_id=1124"},"modified":"2025-07-15T01:03:12","modified_gmt":"2025-07-14T21:03:12","slug":"iso-22301-bcms-business-continuity","status":"publish","type":"page","link":"https:\/\/cyberforensics.az\/az\/iso-22301-bcms-business-continuity\/","title":{"rendered":"ISO 22301 BCMS (Biznes Davaml\u0131l\u0131\u011f\u0131)"},"content":{"rendered":"<div data-elementor-type=\"wp-page\" data-elementor-id=\"1124\" class=\"elementor elementor-1124\" data-elementor-post-type=\"page\">\n\t\t\t\t<div class=\"elementor-element elementor-element-4fcaa3c6 e-flex e-con-boxed e-con e-parent\" data-id=\"4fcaa3c6\" data-element_type=\"container\" data-e-type=\"container\">\n\t\t\t\t\t<div class=\"e-con-inner\">\n\t\t\t\t\t<\/div>\n\t\t\t\t<\/div>\n\t\t<div class=\"elementor-element elementor-element-492ba8e8 e-flex e-con-boxed e-con e-parent\" data-id=\"492ba8e8\" data-element_type=\"container\" data-e-type=\"container\">\n\t\t\t\t\t<div class=\"e-con-inner\">\n\t\t\t\t<div class=\"elementor-element elementor-element-309d1d98 elementor-widget elementor-widget-spacer\" data-id=\"309d1d98\" data-element_type=\"widget\" data-e-type=\"widget\" data-widget_type=\"spacer.default\">\n\t\t\t\t\t\t\t<div class=\"elementor-spacer\">\n\t\t\t<div class=\"elementor-spacer-inner\"><\/div>\n\t\t<\/div>\n\t\t\t\t\t\t<\/div>\n\t\t\t\t\t<\/div>\n\t\t\t\t<\/div>\n\t\t<div class=\"elementor-element elementor-element-268d4a65 e-flex e-con-boxed e-con e-parent\" data-id=\"268d4a65\" data-element_type=\"container\" data-e-type=\"container\">\n\t\t\t\t\t<div class=\"e-con-inner\">\n\t\t\t\t\t<\/div>\n\t\t\t\t<\/div>\n\t\t<div class=\"elementor-element elementor-element-3f0656e6 e-flex e-con-boxed e-con e-parent\" data-id=\"3f0656e6\" data-element_type=\"container\" data-e-type=\"container\">\n\t\t\t\t\t<div class=\"e-con-inner\">\n\t\t\t\t<div class=\"elementor-element elementor-element-1f4d1d08 elementor-widget elementor-widget-text-editor\" data-id=\"1f4d1d08\" data-element_type=\"widget\" data-e-type=\"widget\" data-widget_type=\"text-editor.default\">\n\t\t\t\t\t\t\t\t\t<h2>What is ISO 22301?<\/h2><p>ISO 22301 is the international standard for Business Continuity Management Systems (BCMS). It provides a framework for organizations to plan, establish, implement, operate, monitor, review, maintain, and continually improve a documented management system to protect against, reduce the likelihood of, and ensure recovery from disruptive incidents.<\/p><h2>Why is ISO 22301 important?<\/h2><p>This standard is crucial for organizations to enhance their resilience against various unforeseen disruptions, ensuring continuity of operations and services. It helps in identifying risks, preparing for emergencies, and improving recovery time.<\/p><h2>Benefits\u00a0of ISO 22301<\/h2><ul id=\"benefits\" class=\"list-unstyled\" role=\"list\"><li><i class=\"bi bi-check-circle-fill text-success\"><\/i><strong>\u00a0Enhances<\/strong> organizational resilience<\/li><li><strong><i class=\"bi bi-check-circle-fill text-success\"><\/i> Improves<\/strong> risk management processes<\/li><li><i class=\"bi bi-check-circle-fill text-success\"><\/i>\u00a0Ensures a <strong>systematic response<\/strong> to crises<\/li><li><i class=\"bi bi-check-circle-fill text-success\"><\/i>\u00a0<strong>Increases trust<\/strong> among stakeholders<\/li><\/ul>\t\t\t\t\t\t\t\t<\/div>\n\t\t\t\t\t<\/div>\n\t\t\t\t<\/div>\n\t\t<div class=\"elementor-element elementor-element-4c196c2d e-flex e-con-boxed e-con e-parent\" data-id=\"4c196c2d\" data-element_type=\"container\" data-e-type=\"container\">\n\t\t\t\t\t<div class=\"e-con-inner\">\n\t\t\t\t<div class=\"elementor-element elementor-element-994903d elementor-post-navigation-borders-yes elementor-widget elementor-widget-post-navigation\" data-id=\"994903d\" data-element_type=\"widget\" data-e-type=\"widget\" data-widget_type=\"post-navigation.default\">\n\t\t\t\t\t\t\t<div class=\"elementor-post-navigation\" role=\"navigation\" aria-label=\"Post Navigation\">\r\n\t\t\t<div class=\"elementor-post-navigation__prev elementor-post-navigation__link\">\r\n\t\t\t\t<a href=\"https:\/\/cyberforensics.az\/az\/iso-21001-eoms-educational-organizations\/\" rel=\"prev\"><span class=\"post-navigation__arrow-wrapper post-navigation__arrow-prev\"><svg aria-hidden=\"true\" class=\"e-font-icon-svg e-fas-angle-left\" viewbox=\"0 0 256 512\" xmlns=\"http:\/\/www.w3.org\/2000\/svg\"><path d=\"M31.7 239l136-136c9.4-9.4 24.6-9.4 33.9 0l22.6 22.6c9.4 9.4 9.4 24.6 0 33.9L127.9 256l96.4 96.4c9.4 9.4 9.4 24.6 0 33.9L201.7 409c-9.4 9.4-24.6 9.4-33.9 0l-136-136c-9.5-9.4-9.5-24.6-.1-34z\"><\/path><\/svg><span class=\"elementor-screen-only\">Prev<\/span><\/span><span class=\"elementor-post-navigation__link__prev\"><span class=\"post-navigation__prev--label\">\u018fvv\u0259lki<\/span><span class=\"post-navigation__prev--title\">ISO 21001- EOMS (T\u0259hsil T\u0259\u015fkilatlar\u0131)<\/span><\/span><\/a>\t\t\t<\/div>\r\n\t\t\t\t\t\t\t<div class=\"elementor-post-navigation__separator-wrapper\">\r\n\t\t\t\t\t<div class=\"elementor-post-navigation__separator\"><\/div>\r\n\t\t\t\t<\/div>\r\n\t\t\t\t\t\t<div class=\"elementor-post-navigation__next elementor-post-navigation__link\">\r\n\t\t\t\t<a href=\"https:\/\/cyberforensics.az\/az\/iso-13485-mdqms-medical-devices\/\" rel=\"next\"><span class=\"elementor-post-navigation__link__next\"><span class=\"post-navigation__next--label\">Sonrak\u0131<\/span><span class=\"post-navigation__next--title\">ISO 13485 MDQMS (Tibbi Cihazlar)<\/span><\/span><span class=\"post-navigation__arrow-wrapper post-navigation__arrow-next\"><svg aria-hidden=\"true\" class=\"e-font-icon-svg e-fas-angle-right\" viewbox=\"0 0 256 512\" xmlns=\"http:\/\/www.w3.org\/2000\/svg\"><path d=\"M224.3 273l-136 136c-9.4 9.4-24.6 9.4-33.9 0l-22.6-22.6c-9.4-9.4-9.4-24.6 0-33.9l96.4-96.4-96.4-96.4c-9.4-9.4-9.4-24.6 0-33.9L54.3 103c9.4-9.4 24.6-9.4 33.9 0l136 136c9.5 9.4 9.5 24.6.1 34z\"><\/path><\/svg><span class=\"elementor-screen-only\">Sonrak\u0131<\/span><\/span><\/a>\t\t\t<\/div>\r\n\t\t<\/div>\r\n\t\t\t\t\t\t<\/div>\n\t\t\t\t\t<\/div>\n\t\t\t\t<\/div>\n\t\t\t\t<\/div>","protected":false},"excerpt":{"rendered":"<p>ISO 22301:2019 What is ISO 22301? ISO 22301 is the international standard for Business Continuity Management Systems (BCMS). It provides a framework for organizations to plan, establish, implement, operate, monitor, review, maintain, and continually improve a documented management system to protect against, reduce the likelihood of, and ensure recovery from disruptive incidents. Why is ISO [&hellip;]<\/p>\n","protected":false},"author":1,"featured_media":0,"parent":0,"menu_order":0,"comment_status":"closed","ping_status":"closed","template":"","meta":{"footnotes":""},"class_list":["post-1124","page","type-page","status-publish","hentry"],"_links":{"self":[{"href":"https:\/\/cyberforensics.az\/az\/wp-json\/wp\/v2\/pages\/1124","targetHints":{"allow":["GET"]}}],"collection":[{"href":"https:\/\/cyberforensics.az\/az\/wp-json\/wp\/v2\/pages"}],"about":[{"href":"https:\/\/cyberforensics.az\/az\/wp-json\/wp\/v2\/types\/page"}],"author":[{"embeddable":true,"href":"https:\/\/cyberforensics.az\/az\/wp-json\/wp\/v2\/users\/1"}],"replies":[{"embeddable":true,"href":"https:\/\/cyberforensics.az\/az\/wp-json\/wp\/v2\/comments?post=1124"}],"version-history":[{"count":0,"href":"https:\/\/cyberforensics.az\/az\/wp-json\/wp\/v2\/pages\/1124\/revisions"}],"wp:attachment":[{"href":"https:\/\/cyberforensics.az\/az\/wp-json\/wp\/v2\/media?parent=1124"}],"curies":[{"name":"wp","href":"https:\/\/api.w.org\/{rel}","templated":true}]}}