{"id":1121,"date":"2025-07-14T15:07:21","date_gmt":"2025-07-14T11:07:21","guid":{"rendered":"https:\/\/cyberforensics.az\/?page_id=1121"},"modified":"2025-07-15T02:05:27","modified_gmt":"2025-07-14T22:05:27","slug":"iso-21001-eoms-educational-organizations","status":"publish","type":"page","link":"https:\/\/cyberforensics.az\/az\/iso-21001-eoms-educational-organizations\/","title":{"rendered":"ISO 21001- EOMS (T\u0259hsil T\u0259\u015fkilatlar\u0131)"},"content":{"rendered":"<div data-elementor-type=\"wp-page\" data-elementor-id=\"1121\" class=\"elementor elementor-1121\" data-elementor-post-type=\"page\">\n\t\t\t\t<div class=\"elementor-element elementor-element-4d81322f e-flex e-con-boxed e-con e-parent\" data-id=\"4d81322f\" data-element_type=\"container\" data-e-type=\"container\">\n\t\t\t\t\t<div class=\"e-con-inner\">\n\t\t\t\t\t<\/div>\n\t\t\t\t<\/div>\n\t\t<div class=\"elementor-element elementor-element-3a79c407 e-flex e-con-boxed e-con e-parent\" data-id=\"3a79c407\" data-element_type=\"container\" data-e-type=\"container\">\n\t\t\t\t\t<div class=\"e-con-inner\">\n\t\t\t\t<div class=\"elementor-element elementor-element-619ce543 elementor-widget elementor-widget-spacer\" data-id=\"619ce543\" data-element_type=\"widget\" data-e-type=\"widget\" data-widget_type=\"spacer.default\">\n\t\t\t\t\t\t\t<div class=\"elementor-spacer\">\n\t\t\t<div class=\"elementor-spacer-inner\"><\/div>\n\t\t<\/div>\n\t\t\t\t\t\t<\/div>\n\t\t\t\t\t<\/div>\n\t\t\t\t<\/div>\n\t\t<div class=\"elementor-element elementor-element-112724e7 e-flex e-con-boxed e-con e-parent\" data-id=\"112724e7\" data-element_type=\"container\" data-e-type=\"container\">\n\t\t\t\t\t<div class=\"e-con-inner\">\n\t\t\t\t\t<\/div>\n\t\t\t\t<\/div>\n\t\t<div class=\"elementor-element elementor-element-283626e e-flex e-con-boxed e-con e-parent\" data-id=\"283626e\" data-element_type=\"container\" data-e-type=\"container\">\n\t\t\t\t\t<div class=\"e-con-inner\">\n\t\t\t\t<div class=\"elementor-element elementor-element-1049c7e0 elementor-widget elementor-widget-text-editor\" data-id=\"1049c7e0\" data-element_type=\"widget\" data-e-type=\"widget\" data-widget_type=\"text-editor.default\">\n\t\t\t\t\t\t\t\t\t<h3>What is ISO 21001?<\/h3><p>ISO 21001 is the international standard for Educational Organizations Management Systems (EOMS). It helps all types of educational institutions \u2014 from schools and universities to training centres and corporate learning departments \u2014 improve the quality of their educational services and better meet the needs of learners and other stakeholders.<\/p><h3>Why is ISO 21001 important?<\/h3><p>As education evolves, institutions face growing pressure to deliver inclusive, learner-centred, and high-quality learning experiences. ISO 21001 provides a clear framework to align objectives with learners&#8217; needs, foster innovation, promote consistency, and continually improve educational outcomes \u2014 all while boosting credibility and social responsibility.<\/p><h3>Benefits<\/h3><ul id=\"benefits\" class=\"list-unstyled\" role=\"list\"><li><i class=\"bi bi-check-circle-fill text-success\"><\/i> Aligns educational activities with mission, vision, and policy<\/li><li><i class=\"bi bi-check-circle-fill text-success\"><\/i> Improves satisfaction of learners and staff<\/li><li><i class=\"bi bi-check-circle-fill text-success\"><\/i> Supports inclusive and equitable education for all<\/li><li><i class=\"bi bi-check-circle-fill text-success\"><\/i> Enhances credibility and trust in educational services<\/li><li><i class=\"bi bi-check-circle-fill text-success\"><\/i> Encourages innovation and continuous improvement<\/li><li><i class=\"bi bi-check-circle-fill text-success\"><\/i> Helps meet the needs of learners with diverse needs, including distance and lifelong learners<\/li><\/ul>\t\t\t\t\t\t\t\t<\/div>\n\t\t\t\t\t<\/div>\n\t\t\t\t<\/div>\n\t\t<div class=\"elementor-element elementor-element-46f8ec58 e-flex e-con-boxed e-con e-parent\" data-id=\"46f8ec58\" data-element_type=\"container\" data-e-type=\"container\">\n\t\t\t\t\t<div class=\"e-con-inner\">\n\t\t\t\t<div class=\"elementor-element elementor-element-18be7a86 elementor-post-navigation-borders-yes elementor-widget elementor-widget-post-navigation\" data-id=\"18be7a86\" data-element_type=\"widget\" data-e-type=\"widget\" data-widget_type=\"post-navigation.default\">\n\t\t\t\t\t\t\t<div class=\"elementor-post-navigation\" role=\"navigation\" aria-label=\"Post Navigation\">\r\n\t\t\t<div class=\"elementor-post-navigation__prev elementor-post-navigation__link\">\r\n\t\t\t\t<a href=\"https:\/\/cyberforensics.az\/az\/iso-iec-27000\/\" rel=\"prev\"><span class=\"post-navigation__arrow-wrapper post-navigation__arrow-prev\"><svg aria-hidden=\"true\" class=\"e-font-icon-svg e-fas-angle-left\" viewbox=\"0 0 256 512\" xmlns=\"http:\/\/www.w3.org\/2000\/svg\"><path d=\"M31.7 239l136-136c9.4-9.4 24.6-9.4 33.9 0l22.6 22.6c9.4 9.4 9.4 24.6 0 33.9L127.9 256l96.4 96.4c9.4 9.4 9.4 24.6 0 33.9L201.7 409c-9.4 9.4-24.6 9.4-33.9 0l-136-136c-9.5-9.4-9.5-24.6-.1-34z\"><\/path><\/svg><span class=\"elementor-screen-only\">Prev<\/span><\/span><span class=\"elementor-post-navigation__link__prev\"><span class=\"post-navigation__prev--label\">\u018fvv\u0259lki<\/span><span class=\"post-navigation__prev--title\">ISO\/IEC 27000 ISMS (Information Security)<\/span><\/span><\/a>\t\t\t<\/div>\r\n\t\t\t\t\t\t\t<div class=\"elementor-post-navigation__separator-wrapper\">\r\n\t\t\t\t\t<div class=\"elementor-post-navigation__separator\"><\/div>\r\n\t\t\t\t<\/div>\r\n\t\t\t\t\t\t<div class=\"elementor-post-navigation__next elementor-post-navigation__link\">\r\n\t\t\t\t<a href=\"https:\/\/cyberforensics.az\/az\/iso-22301-bcms-business-continuity\/\" rel=\"next\"><span class=\"elementor-post-navigation__link__next\"><span class=\"post-navigation__next--label\">Sonrak\u0131<\/span><span class=\"post-navigation__next--title\">ISO 22301 BCMS (Biznes Davaml\u0131l\u0131\u011f\u0131)<\/span><\/span><span class=\"post-navigation__arrow-wrapper post-navigation__arrow-next\"><svg aria-hidden=\"true\" class=\"e-font-icon-svg e-fas-angle-right\" viewbox=\"0 0 256 512\" xmlns=\"http:\/\/www.w3.org\/2000\/svg\"><path d=\"M224.3 273l-136 136c-9.4 9.4-24.6 9.4-33.9 0l-22.6-22.6c-9.4-9.4-9.4-24.6 0-33.9l96.4-96.4-96.4-96.4c-9.4-9.4-9.4-24.6 0-33.9L54.3 103c9.4-9.4 24.6-9.4 33.9 0l136 136c9.5 9.4 9.5 24.6.1 34z\"><\/path><\/svg><span class=\"elementor-screen-only\">Sonrak\u0131<\/span><\/span><\/a>\t\t\t<\/div>\r\n\t\t<\/div>\r\n\t\t\t\t\t\t<\/div>\n\t\t\t\t\t<\/div>\n\t\t\t\t<\/div>\n\t\t\t\t<\/div>","protected":false},"excerpt":{"rendered":"<p>ISO 21001:2025 What is ISO 21001? ISO 21001 is the international standard for Educational Organizations Management Systems (EOMS). It helps all types of educational institutions \u2014 from schools and universities to training centres and corporate learning departments \u2014 improve the quality of their educational services and better meet the needs of learners and other stakeholders. [&hellip;]<\/p>\n","protected":false},"author":1,"featured_media":0,"parent":0,"menu_order":0,"comment_status":"closed","ping_status":"closed","template":"","meta":{"footnotes":""},"class_list":["post-1121","page","type-page","status-publish","hentry"],"_links":{"self":[{"href":"https:\/\/cyberforensics.az\/az\/wp-json\/wp\/v2\/pages\/1121","targetHints":{"allow":["GET"]}}],"collection":[{"href":"https:\/\/cyberforensics.az\/az\/wp-json\/wp\/v2\/pages"}],"about":[{"href":"https:\/\/cyberforensics.az\/az\/wp-json\/wp\/v2\/types\/page"}],"author":[{"embeddable":true,"href":"https:\/\/cyberforensics.az\/az\/wp-json\/wp\/v2\/users\/1"}],"replies":[{"embeddable":true,"href":"https:\/\/cyberforensics.az\/az\/wp-json\/wp\/v2\/comments?post=1121"}],"version-history":[{"count":0,"href":"https:\/\/cyberforensics.az\/az\/wp-json\/wp\/v2\/pages\/1121\/revisions"}],"wp:attachment":[{"href":"https:\/\/cyberforensics.az\/az\/wp-json\/wp\/v2\/media?parent=1121"}],"curies":[{"name":"wp","href":"https:\/\/api.w.org\/{rel}","templated":true}]}}