{"id":1066,"date":"2025-07-13T17:00:42","date_gmt":"2025-07-13T13:00:42","guid":{"rendered":"https:\/\/cyberforensics.az\/?page_id=1066"},"modified":"2025-07-27T16:07:23","modified_gmt":"2025-07-27T12:07:23","slug":"penetration-test","status":"publish","type":"page","link":"https:\/\/cyberforensics.az\/az\/penetration-test\/","title":{"rendered":"N\u00fcfuz Testi"},"content":{"rendered":"<div data-elementor-type=\"wp-page\" data-elementor-id=\"1066\" class=\"elementor elementor-1066\" data-elementor-post-type=\"page\">\n\t\t\t\t<div class=\"elementor-element elementor-element-7ca016ff e-flex e-con-boxed e-con e-parent\" data-id=\"7ca016ff\" data-element_type=\"container\" data-e-type=\"container\">\n\t\t\t\t\t<div class=\"e-con-inner\">\n\t\t\t\t\t<\/div>\n\t\t\t\t<\/div>\n\t\t<div class=\"elementor-element elementor-element-4130babf e-flex e-con-boxed e-con e-parent\" data-id=\"4130babf\" data-element_type=\"container\" data-e-type=\"container\">\n\t\t\t\t\t<div class=\"e-con-inner\">\n\t\t\t\t<div class=\"elementor-element elementor-element-7881fc0a elementor-widget elementor-widget-spacer\" data-id=\"7881fc0a\" data-element_type=\"widget\" data-e-type=\"widget\" data-widget_type=\"spacer.default\">\n\t\t\t\t\t\t\t<div class=\"elementor-spacer\">\n\t\t\t<div class=\"elementor-spacer-inner\"><\/div>\n\t\t<\/div>\n\t\t\t\t\t\t<\/div>\n\t\t\t\t\t<\/div>\n\t\t\t\t<\/div>\n\t\t<div class=\"elementor-element elementor-element-5d881e5c e-flex e-con-boxed e-con e-parent\" data-id=\"5d881e5c\" data-element_type=\"container\" data-e-type=\"container\">\n\t\t\t\t\t<div class=\"e-con-inner\">\n\t\t\t\t\t<\/div>\n\t\t\t\t<\/div>\n\t\t<div class=\"elementor-element elementor-element-3ba89c33 e-flex e-con-boxed e-con e-parent\" data-id=\"3ba89c33\" data-element_type=\"container\" data-e-type=\"container\">\n\t\t\t\t\t<div class=\"e-con-inner\">\n\t\t\t\t<div class=\"elementor-element elementor-element-230586a9 elementor-widget elementor-widget-text-editor\" data-id=\"230586a9\" data-element_type=\"widget\" data-e-type=\"widget\" data-widget_type=\"text-editor.default\">\n\t\t\t\t\t\t\t\t\t<div class=\"et_pb_column et_pb_column_4_4 et_pb_column_2_tb_body et_pb_css_mix_blend_mode_passthrough et-last-child\"><h4><strong>Potensial z\u0259iflikl\u0259ri a\u015fkar etm\u0259k v\u0259 qorumaq \u00fc\u00e7\u00fcn real d\u00fcnya h\u00fccumlar\u0131n\u0131 simulyasiya edin.<\/strong><\/h4><h5>S\u0131zma Testi Xidm\u0259tl\u0259rimiz<\/h5><\/div>\t\t\t\t\t\t\t\t<\/div>\n\t\t\t\t<div class=\"elementor-element elementor-element-5045745d elementor-widget elementor-widget-ucaddon_content_accordion\" data-id=\"5045745d\" data-element_type=\"widget\" data-e-type=\"widget\" data-widget_type=\"ucaddon_content_accordion.default\">\n\t\t\t\t<div class=\"elementor-widget-container\">\n\t\t\t\t\t\n<!-- start Content Accordion -->\n\t\t<link id='font-awesome-css' href='https:\/\/cyberforensics.az\/wp-content\/plugins\/unlimited-elements-for-elementor-premium\/assets_libraries\/font-awesome6\/fontawesome-all.min.css' type='text\/css' rel='stylesheet' >\n\t\t<link id='font-awesome-4-shim-css' href='https:\/\/cyberforensics.az\/wp-content\/plugins\/unlimited-elements-for-elementor-premium\/assets_libraries\/font-awesome6\/fontawesome-v4-shims.min.css' type='text\/css' rel='stylesheet' >\n\n<style>\/* widget: Content Accordion *\/\n\n\r\n@keyframes uc_content_accordion_elementor_5045745d__item-animation {\r\n  0% {\r\n            transform:scale(0.2);\r\n        \t        \tfilter: blur(10px);\r\n\t\t\t\r\n    \t    opacity: 0;\r\n  }\r\n  100% {\r\n            transform:scale(1);\r\n        \t            filter: blur(0px);\r\n            \r\n    \t\topacity: 1;\r\n  }\r\n}\r\n\r\n\r\n#uc_content_accordion_elementor_5045745d .uc_ac_box{\r\n\topacity:0;\r\n}\r\n\r\n\r\n#uc_content_accordion_elementor_5045745d .uc-entrance-animate {\r\n  opacity:1;\r\n}\r\n\r\n#uc_content_accordion_elementor_5045745d .uc-entrance-animate {\r\n\tanimation: uc_content_accordion_elementor_5045745d__item-animation 1s cubic-bezier(0.470, 0.000, 0.745, 0.715) both;\r\n}\r\n\r\n\t\t\t\n\n#uc_content_accordion_elementor_5045745d *{\n  box-sizing: border-box;\n}\n\n#uc_content_accordion_elementor_5045745d .ue_heading_title{\n  margin:0;\n  flex-grow:1;\n  display:flex;\n  flex-direction:row;\n}\n\n#uc_content_accordion_elementor_5045745d .uc_container .uc-heading{\n\tdisplay:flex;\n    align-items:center;\n\toverflow:hidden;\n\tcursor:pointer;  \n}\n\n#uc_content_accordion_elementor_5045745d .uc_container .uc_content{\n    display:none;\n}\n\n#uc_content_accordion_elementor_5045745d .uc_container .uc-heading span.ue_accordion_icon{\n\tdisplay:flex;\n    align-items:center;\n   \tjustify-content:center;\n    flex-grow:0;\n    flex-shrink:0;\n}\n\n#uc_content_accordion_elementor_5045745d .uc_ac_box.uc-item-active span.uc_dactive{\n\tdisplay:none;\n}\n\n#uc_content_accordion_elementor_5045745d .uc_ac_box:not(.uc-item-active) span.uc_active{\n\tdisplay:none;\n}\n\n#uc_content_accordion_elementor_5045745d span.ue_accordion_icon svg{\n  height:1em;\n  width:1em;\n}\n\n#uc_content_accordion_elementor_5045745d .uc_container .uc_btn {\n    text-align: center;\n    display: inline-block;\n    text-decoration: none;\n    transition: ease-in-out all 0.25s;\n}\n\n#uc_content_accordion_elementor_5045745d .ue-item-image img{\n  width:100%;\n  display:block;\n  object-fit:cover;\n}\n\n<\/style>\n\n<div class=\"uc_material_accordion\"  id=\"uc_content_accordion_elementor_5045745d\"  data-name=\"\" data-scroll=\"off\" data-offset=\"0\" data-closeothers=\"true\" data-set-hash=\"false\" data-transition-duration=\"400\" >\n  <div class=\"uc_container uc-items-wrapper\">\n    \n\n\t\t\n\n\n<div id=\"#ue-tab1\" class=\"uc_ac_box elementor-repeater-item-7b2b708 uc-item-active\" style=\"background-color:;\">\n  <a href=\"javascript:void(0)\" class=\"uc-heading uc_trigger\" role=\"button\">\n    <span class=\"uc_dactive bbb ue_accordion_icon\"><i class='fas fa-plus'><\/i><\/span> \n    <span class=\"uc_active bbb ue_accordion_icon\"><i class='fas fa-minus'><\/i><\/span>\n    <div class=\"ue_heading_title\"> API Testi<\/div>\n  <\/a>\n  \n  <div class=\"uc_content\" style='display:block'>\n        \n      \n         \n                        \n              <div class=\"ue-item-title\"> <\/div>\n      \n              <div class=\"ue-item-text\"><p>API (t\u0259tbiq proqramla\u015fd\u0131rma interfeysi) testinin diqq\u0259ti domen m\u0259ntiqinin, m\u0259lumat cavablar\u0131n\u0131n, t\u0259hl\u00fck\u0259sizliyin v\u0259 performans\u0131n s\u0131naqdan ke\u00e7irilm\u0259sidir. API n\u00fcfuz testi z\u0259iflikl\u0259rin yoxlan\u0131lmas\u0131 v\u0259 API-l\u0259rinizd\u0259 g\u00fccl\u00fc son n\u00f6qt\u0259l\u0259rin qurulmas\u0131 \u00fc\u00e7\u00fcn b\u00fct\u00fcn prosesl\u0259ri \u0259hat\u0259 edir. Proqram t\u0259minat\u0131n\u0131n s\u0131na\u011f\u0131 onun funksionall\u0131\u011f\u0131n\u0131, t\u0259hl\u00fck\u0259sizliyini, performans\u0131n\u0131 v\u0259 etibarl\u0131l\u0131\u011f\u0131n\u0131 yoxlamaq \u00fc\u00e7\u00fcn API-ni t\u0259hlil edir<\/p><\/div>\n      \n              \n      <\/div> \n<\/div>\n\n\n\n\n\n<div id=\"#ue-tab2\" class=\"uc_ac_box elementor-repeater-item-e4bb25e\" style=\"background-color:;\">\n  <a href=\"javascript:void(0)\" class=\"uc-heading uc_trigger\" role=\"button\">\n    <span class=\"uc_dactive bbb ue_accordion_icon\"><i class='fas fa-plus'><\/i><\/span> \n    <span class=\"uc_active bbb ue_accordion_icon\"><i class='fas fa-minus'><\/i><\/span>\n    <div class=\"ue_heading_title\">Mobil T\u0259tbiq Testi<\/div>\n  <\/a>\n  \n  <div class=\"uc_content\" >\n        \n      \n         \n                        \n              <div class=\"ue-item-title\"> <\/div>\n      \n              <div class=\"ue-item-text\"><p><span id=\"line672\">Mobil proqram testi t\u0259tbiql\u0259rin keyfiyy\u0259t, funksionall\u0131q, uy\u011funluq, istifad\u0259y\u0259 yararl\u0131l\u0131q v\u0259 performans bax\u0131m\u0131ndan s\u0131naqdan ke\u00e7irildiyi bir prosesdir. \u018fsas m\u0259qs\u0259dl\u0259r bunlard\u0131r:<\/span><\/p><p><span id=\"line674\">Mobil proqram\u0131n sensor ekran, klaviatura v\u0259 displey daxil olmaqla komponentl\u0259rl\u0259 qar\u015f\u0131l\u0131ql\u0131 \u0259laq\u0259y\u0259 reaksiyas\u0131n\u0131 m\u00fc\u0259yy\u0259nl\u0259\u015fdirin. <\/span><span id=\"line675\">\u018fm\u0259liyyat sisteminin dig\u0259r OS platformalar\u0131 il\u0259 uy\u011fun olub olmad\u0131\u011f\u0131n\u0131 yoxlay\u0131n. <\/span><span id=\"line676\">T\u0259tbiq daxilind\u0259 kod s\u0259hvl\u0259rini h\u0259ll edin<\/span><\/p><\/div>\n      \n              \n      <\/div> \n<\/div>\n\n\n\n\n\n<div id=\"#ue-tab3\" class=\"uc_ac_box elementor-repeater-item-39ff3ee\" style=\"background-color:;\">\n  <a href=\"javascript:void(0)\" class=\"uc-heading uc_trigger\" role=\"button\">\n    <span class=\"uc_dactive bbb ue_accordion_icon\"><i class='fas fa-plus'><\/i><\/span> \n    <span class=\"uc_active bbb ue_accordion_icon\"><i class='fas fa-minus'><\/i><\/span>\n    <div class=\"ue_heading_title\">Daxili Q\u0259l\u0259m Testi<\/div>\n  <\/a>\n  \n  <div class=\"uc_content\" >\n        \n      \n         \n                        \n              <div class=\"ue-item-title\"> <\/div>\n      \n              <div class=\"ue-item-text\"><p><span id=\"line685\">\u015e\u0259xsi \u015f\u0259b\u0259k\u0259 m\u0259kan\u0131nda daxili n\u00fcfuz s\u0131na\u011f\u0131 tamamlan\u0131r. Canl\u0131 t\u0259cav\u00fczkar\u0131n xarici t\u0259hl\u00fck\u0259sizlik duru\u015fu vasit\u0259sil\u0259 giri\u015f \u0259ld\u0259 etdiyi ssenarid\u0259 apar\u0131l\u0131r.<\/span><\/p><\/div>\n      \n              \n      <\/div> \n<\/div>\n\n\n\n\n\n<div id=\"#ue-tab4\" class=\"uc_ac_box elementor-repeater-item-d690d39\" style=\"background-color:;\">\n  <a href=\"javascript:void(0)\" class=\"uc-heading uc_trigger\" role=\"button\">\n    <span class=\"uc_dactive bbb ue_accordion_icon\"><i class='fas fa-plus'><\/i><\/span> \n    <span class=\"uc_active bbb ue_accordion_icon\"><i class='fas fa-minus'><\/i><\/span>\n    <div class=\"ue_heading_title\">Xarici Q\u0259l\u0259m Testi<\/div>\n  <\/a>\n  \n  <div class=\"uc_content\" >\n        \n      \n         \n                        \n              <div class=\"ue-item-title\"> <\/div>\n      \n              <div class=\"ue-item-text\"><p><span id=\"line693\">Xarici n\u00fcfuz s\u0131na\u011f\u0131 t\u0259\u015fkilat\u0131n\u0131z\u0131n perimetr sisteml\u0259rinin t\u0259hl\u00fck\u0259sizliyinin qiym\u0259tl\u0259ndirilm\u0259sidir. Sisteminiz\u0259 h\u00fccumu t\u0259qlid etm\u0259kl\u0259 siz biznesinizin real h\u0259yatda ba\u015f ver\u0259n h\u00fccuma nec\u0259 tab g\u0259tir\u0259c\u0259yi bar\u0259d\u0259 fikir \u0259ld\u0259 edirsiniz; o, kibert\u0259hl\u00fck\u0259sizliy\u0259 m\u0259ruz qalmalar\u0131 vur\u011fulay\u0131r, siz\u0259 pis aktyorlara qar\u015f\u0131 m\u00fcdafi\u0259nizi d\u00fcz\u0259ltm\u0259k v\u0259 g\u00fccl\u0259ndirm\u0259k imkan\u0131 verir.<\/span><\/p><\/div>\n      \n              \n      <\/div> \n<\/div>\n\n\n\n\n\n<div id=\"#ue-tab5\" class=\"uc_ac_box elementor-repeater-item-bff6d9c\" style=\"background-color:;\">\n  <a href=\"javascript:void(0)\" class=\"uc-heading uc_trigger\" role=\"button\">\n    <span class=\"uc_dactive bbb ue_accordion_icon\"><i class='fas fa-plus'><\/i><\/span> \n    <span class=\"uc_active bbb ue_accordion_icon\"><i class='fas fa-minus'><\/i><\/span>\n    <div class=\"ue_heading_title\">Q\u0131rm\u0131z\u0131 Komanda<\/div>\n  <\/a>\n  \n  <div class=\"uc_content\" >\n        \n      \n         \n                        \n              <div class=\"ue-item-title\"> <\/div>\n      \n              <div class=\"ue-item-text\"><p><span id=\"line701\">Q\u0131rm\u0131z\u0131 Komanda \u0259sas m\u0259qs\u0259dl\u0259r\u0259 diqq\u0259t yetirir, a\u015fkarlanman\u0131n qar\u015f\u0131s\u0131n\u0131 almaq \u00fc\u00e7\u00fcn gizli v\u0259 yay\u0131nma\/qar\u0131\u015fd\u0131rma taktikalar\u0131n\u0131 t\u0259tbiq ed\u0259rk\u0259n h\u0259ssas m\u0259lumatlara \u00e7\u0131x\u0131\u015f \u0259ld\u0259 etm\u0259y\u0259 \u00e7al\u0131\u015f\u0131r. Tipik olaraq, Q\u0131rm\u0131z\u0131 Komandan\u0131n qiym\u0259tl\u0259ndirm\u0259si x\u00fcsusi m\u0259qs\u0259dl\u0259ri v\u0259 h\u0259d\u0259fl\u0259ri m\u00fc\u0259yy\u0259nl\u0259\u015fdirir. K\u0259\u015ffiyyata daha \u00e7ox vaxt s\u0259rf etm\u0259k v\u0259 daha \u00e7ox resurs t\u0259l\u0259b etm\u0259k \u00fc\u00e7\u00fcn Q\u0131rm\u0131z\u0131 Komandan\u0131n qiym\u0259tl\u0259ndirm\u0259l\u0259ri m\u00fc\u0259yy\u0259n edilmi\u015f t\u0259hl\u00fck\u0259sizlik z\u0259iflikl\u0259rinin t\u0259\u015fkilat \u00fc\u00e7\u00fcn yarada bil\u0259c\u0259yi risk s\u0259viyy\u0259sinin daha \u0259trafl\u0131 ba\u015fa d\u00fc\u015f\u00fclm\u0259si il\u0259 n\u0259tic\u0259l\u0259n\u0259 bil\u0259r.]<\/span><\/p><\/div>\n      \n              \n      <\/div> \n<\/div>\n\n\n\n\n\n<div id=\"#ue-tab6\" class=\"uc_ac_box elementor-repeater-item-c64fc1b\" style=\"background-color:;\">\n  <a href=\"javascript:void(0)\" class=\"uc-heading uc_trigger\" role=\"button\">\n    <span class=\"uc_dactive bbb ue_accordion_icon\"><i class='fas fa-plus'><\/i><\/span> \n    <span class=\"uc_active bbb ue_accordion_icon\"><i class='fas fa-minus'><\/i><\/span>\n    <div class=\"ue_heading_title\">Sosial M\u00fch\u0259ndislik<\/div>\n  <\/a>\n  \n  <div class=\"uc_content\" >\n        \n      \n         \n                        \n              <div class=\"ue-item-title\"> <\/div>\n      \n              <div class=\"ue-item-text\"><p><span id=\"line709\">Sosial m\u00fch\u0259ndislik \u015f\u0259b\u0259k\u0259nin insan aspektin\u0259 diqq\u0259t yetirir. \u0130nsan s\u0259hvi v\u0259 hakerl\u0259rin daim \u00f6z taktikalar\u0131n\u0131 t\u0259kmill\u0259\u015fdirdiyi kibert\u0259hl\u00fck\u0259sizlik pozuntular\u0131n\u0131n b\u00f6y\u00fck \u0259ks\u0259riyy\u0259ti il\u0259 sosial m\u00fch\u0259ndislik testl\u0259ri t\u0259hl\u00fck\u0259l\u0259rin qar\u015f\u0131s\u0131n\u0131 alma\u011fa k\u00f6m\u0259k edir.<\/span><\/p><p><span id=\"line710\">S\u0131naq istifad\u0259\u00e7il\u0259rin nam\u0259lum linkl\u0259r\u0259 klikl\u0259m\u0259sini, \u015firk\u0259t m\u0259lumatlar\u0131n\u0131 yaymalar\u0131n\u0131, etimadnam\u0259l\u0259rind\u0259n imtina etm\u0259l\u0259rini v\u0259 ya Q\u0131rm\u0131z\u0131 Komandaya h\u00fccuma qar\u015f\u0131 ba\u015fqa bir yol verm\u0259sini yoxlamaq \u00fc\u00e7\u00fcn h\u0259yata ke\u00e7irilir. Sosial m\u00fch\u0259ndisliyin m\u0259qs\u0259di h\u0259d\u0259fi haker\u0259 ist\u0259nil\u0259n m\u0259lumat\u0131 a\u015fkar ed\u0259n m\u00fc\u0259yy\u0259n bir h\u0259r\u0259k\u0259ti h\u0259yata ke\u00e7irm\u0259kdir.<\/span><\/p><\/div>\n      \n              \n      <\/div> \n<\/div>\n\n\n\n\n\n<div id=\"#ue-tab7\" class=\"uc_ac_box elementor-repeater-item-6f4a47c\" style=\"background-color:;\">\n  <a href=\"javascript:void(0)\" class=\"uc-heading uc_trigger\" role=\"button\">\n    <span class=\"uc_dactive bbb ue_accordion_icon\"><i class='fas fa-plus'><\/i><\/span> \n    <span class=\"uc_active bbb ue_accordion_icon\"><i class='fas fa-minus'><\/i><\/span>\n    <div class=\"ue_heading_title\">Z\u0259ifliyin Skanlanmas\u0131<\/div>\n  <\/a>\n  \n  <div class=\"uc_content\" >\n        \n      \n         \n                        \n              <div class=\"ue-item-title\"> <\/div>\n      \n              <div class=\"ue-item-text\"><p><span id=\"line718\">Z\u0259iflikl\u0259rin skan edilm\u0259si g\u00f6st\u0259ril\u0259n xidm\u0259tin \u0259n \u0259sas n\u00f6v\u00fcd\u00fcr. Bu, m\u00fc\u0259ssis\u0259l\u0259r\u0259 \u00f6z \u015f\u0259b\u0259k\u0259l\u0259rini, sisteml\u0259rini v\u0259 t\u0259tbiql\u0259rini z\u0259iflikl\u0259r \u00fc\u00e7\u00fcn izl\u0259m\u0259y\u0259 imkan verir. Z\u0259ifliyin skan edilm\u0259si v\u0259 n\u00fcfuz testinin f\u0259rqi ondan ibar\u0259tdir ki, z\u0259ifliyin skan edilm\u0259si \u015f\u0259b\u0259k\u0259nizin t\u0259hl\u00fck\u0259sizliyini, m\u0259s\u0259l\u0259n, n\u00fcfuzetm\u0259 testi kimi, onu pozma\u011fa c\u0259hd etm\u0259d\u0259n yoxlay\u0131r.<\/span><\/p><\/div>\n      \n              \n      <\/div> \n<\/div>\n\n\n\n\n\n<div id=\"#ue-tab8\" class=\"uc_ac_box elementor-repeater-item-31d7f6e\" style=\"background-color:;\">\n  <a href=\"javascript:void(0)\" class=\"uc-heading uc_trigger\" role=\"button\">\n    <span class=\"uc_dactive bbb ue_accordion_icon\"><i class='fas fa-plus'><\/i><\/span> \n    <span class=\"uc_active bbb ue_accordion_icon\"><i class='fas fa-minus'><\/i><\/span>\n    <div class=\"ue_heading_title\">Veb T\u0259tbiq Testi<\/div>\n  <\/a>\n  \n  <div class=\"uc_content\" >\n        \n      \n         \n                        \n              <div class=\"ue-item-title\"> <\/div>\n      \n              <div class=\"ue-item-text\"><p><span id=\"line726\">Veb T\u0259tbiq testi sizin sahib oldu\u011funuz proqramda apar\u0131l\u0131r. S\u0131naq t\u0259sdiql\u0259nm\u0259mi\u015f, autentifikasiya edilmi\u015f v\u0259 ya h\u0259r ikisinin kombinasiyas\u0131 il\u0259 tamamlana bil\u0259r. Bu test n\u00f6v\u00fc zaman\u0131 Penetrasiya Testi komandas\u0131 bir s\u0131ra f\u0259aliyy\u0259tl\u0259r\u0259 diqq\u0259t yetir\u0259c\u0259k.<\/span><\/p><\/div>\n      \n              \n      <\/div> \n<\/div>\n\n  <\/div>\n<\/div>\n<!-- end Content Accordion -->\t\t\t\t<\/div>\n\t\t\t\t<\/div>\n\t\t\t\t\t<\/div>\n\t\t\t\t<\/div>\n\t\t<div class=\"elementor-element elementor-element-75651aa e-flex e-con-boxed e-con e-parent\" data-id=\"75651aa\" data-element_type=\"container\" data-e-type=\"container\">\n\t\t\t\t\t<div class=\"e-con-inner\">\n\t\t\t\t\t<\/div>\n\t\t\t\t<\/div>\n\t\t<div class=\"elementor-element elementor-element-7d06b984 e-flex e-con-boxed e-con e-parent\" data-id=\"7d06b984\" data-element_type=\"container\" data-e-type=\"container\">\n\t\t\t\t\t<div class=\"e-con-inner\">\n\t\t\t\t<div class=\"elementor-element elementor-element-2e2a1f03 elementor-post-navigation-borders-yes elementor-widget elementor-widget-post-navigation\" data-id=\"2e2a1f03\" data-element_type=\"widget\" data-e-type=\"widget\" data-widget_type=\"post-navigation.default\">\n\t\t\t\t\t\t\t<div class=\"elementor-post-navigation\" role=\"navigation\" aria-label=\"Post Navigation\">\r\n\t\t\t<div class=\"elementor-post-navigation__prev elementor-post-navigation__link\">\r\n\t\t\t\t<a href=\"https:\/\/cyberforensics.az\/az\/compliance-programs\/\" rel=\"prev\"><span class=\"post-navigation__arrow-wrapper post-navigation__arrow-prev\"><svg aria-hidden=\"true\" class=\"e-font-icon-svg e-fas-angle-left\" viewbox=\"0 0 256 512\" xmlns=\"http:\/\/www.w3.org\/2000\/svg\"><path d=\"M31.7 239l136-136c9.4-9.4 24.6-9.4 33.9 0l22.6 22.6c9.4 9.4 9.4 24.6 0 33.9L127.9 256l96.4 96.4c9.4 9.4 9.4 24.6 0 33.9L201.7 409c-9.4 9.4-24.6 9.4-33.9 0l-136-136c-9.5-9.4-9.5-24.6-.1-34z\"><\/path><\/svg><span class=\"elementor-screen-only\">Prev<\/span><\/span><span class=\"elementor-post-navigation__link__prev\"><span class=\"post-navigation__prev--label\">\u018fvv\u0259lki<\/span><span class=\"post-navigation__prev--title\">Uy\u011funluq Proqramlar\u0131<\/span><\/span><\/a>\t\t\t<\/div>\r\n\t\t\t\t\t\t\t<div class=\"elementor-post-navigation__separator-wrapper\">\r\n\t\t\t\t\t<div class=\"elementor-post-navigation__separator\"><\/div>\r\n\t\t\t\t<\/div>\r\n\t\t\t\t\t\t<div class=\"elementor-post-navigation__next elementor-post-navigation__link\">\r\n\t\t\t\t<a href=\"https:\/\/cyberforensics.az\/az\/privacy-risk\/\" rel=\"next\"><span class=\"elementor-post-navigation__link__next\"><span class=\"post-navigation__next--label\">Sonrak\u0131<\/span><span class=\"post-navigation__next--title\">M\u0259xfilik + Risk<\/span><\/span><span class=\"post-navigation__arrow-wrapper post-navigation__arrow-next\"><svg aria-hidden=\"true\" class=\"e-font-icon-svg e-fas-angle-right\" viewbox=\"0 0 256 512\" xmlns=\"http:\/\/www.w3.org\/2000\/svg\"><path d=\"M224.3 273l-136 136c-9.4 9.4-24.6 9.4-33.9 0l-22.6-22.6c-9.4-9.4-9.4-24.6 0-33.9l96.4-96.4-96.4-96.4c-9.4-9.4-9.4-24.6 0-33.9L54.3 103c9.4-9.4 24.6-9.4 33.9 0l136 136c9.5 9.4 9.5 24.6.1 34z\"><\/path><\/svg><span class=\"elementor-screen-only\">Sonrak\u0131<\/span><\/span><\/a>\t\t\t<\/div>\r\n\t\t<\/div>\r\n\t\t\t\t\t\t<\/div>\n\t\t\t\t\t<\/div>\n\t\t\t\t<\/div>\n\t\t\t\t<\/div>","protected":false},"excerpt":{"rendered":"<p>Penetration Testing Simulate Real-World Attacks To Detect And Secure Potential Vulnerabilities. Our Penetration Testing Services API Testing API (application programming interface) testing\u2019s focus is the testing of domain logic, data responses, security, and performance. API penetration testing involves all processes of checking for vulnerabilities and building strong endpoints in your APIs. The software testing analyzes [&hellip;]<\/p>\n","protected":false},"author":1,"featured_media":0,"parent":0,"menu_order":0,"comment_status":"closed","ping_status":"closed","template":"","meta":{"footnotes":""},"class_list":["post-1066","page","type-page","status-publish","hentry"],"_links":{"self":[{"href":"https:\/\/cyberforensics.az\/az\/wp-json\/wp\/v2\/pages\/1066","targetHints":{"allow":["GET"]}}],"collection":[{"href":"https:\/\/cyberforensics.az\/az\/wp-json\/wp\/v2\/pages"}],"about":[{"href":"https:\/\/cyberforensics.az\/az\/wp-json\/wp\/v2\/types\/page"}],"author":[{"embeddable":true,"href":"https:\/\/cyberforensics.az\/az\/wp-json\/wp\/v2\/users\/1"}],"replies":[{"embeddable":true,"href":"https:\/\/cyberforensics.az\/az\/wp-json\/wp\/v2\/comments?post=1066"}],"version-history":[{"count":0,"href":"https:\/\/cyberforensics.az\/az\/wp-json\/wp\/v2\/pages\/1066\/revisions"}],"wp:attachment":[{"href":"https:\/\/cyberforensics.az\/az\/wp-json\/wp\/v2\/media?parent=1066"}],"curies":[{"name":"wp","href":"https:\/\/api.w.org\/{rel}","templated":true}]}}