{"id":1050,"date":"2025-07-13T16:38:09","date_gmt":"2025-07-13T12:38:09","guid":{"rendered":"https:\/\/cyberforensics.az\/?page_id=1050"},"modified":"2025-07-27T15:36:33","modified_gmt":"2025-07-27T11:36:33","slug":"financial","status":"publish","type":"page","link":"https:\/\/cyberforensics.az\/az\/financial\/","title":{"rendered":"Maliyy\u0259 xidm\u0259tl\u0259ri"},"content":{"rendered":"<div data-elementor-type=\"wp-page\" data-elementor-id=\"1050\" class=\"elementor elementor-1050\" data-elementor-post-type=\"page\">\n\t\t\t\t<div class=\"elementor-element elementor-element-477f58f8 e-flex e-con-boxed e-con e-parent\" data-id=\"477f58f8\" data-element_type=\"container\" data-e-type=\"container\">\n\t\t\t\t\t<div class=\"e-con-inner\">\n\t\t\t\t\t<\/div>\n\t\t\t\t<\/div>\n\t\t<div class=\"elementor-element elementor-element-20d14ad7 e-flex e-con-boxed e-con e-parent\" data-id=\"20d14ad7\" data-element_type=\"container\" data-e-type=\"container\">\n\t\t\t\t\t<div class=\"e-con-inner\">\n\t\t\t\t<div class=\"elementor-element elementor-element-789361f4 elementor-widget elementor-widget-spacer\" data-id=\"789361f4\" data-element_type=\"widget\" data-e-type=\"widget\" data-widget_type=\"spacer.default\">\n\t\t\t\t\t\t\t<div class=\"elementor-spacer\">\n\t\t\t<div class=\"elementor-spacer-inner\"><\/div>\n\t\t<\/div>\n\t\t\t\t\t\t<\/div>\n\t\t\t\t\t<\/div>\n\t\t\t\t<\/div>\n\t\t<div class=\"elementor-element elementor-element-2c6d529c e-flex e-con-boxed e-con e-parent\" data-id=\"2c6d529c\" data-element_type=\"container\" data-e-type=\"container\">\n\t\t\t\t\t<div class=\"e-con-inner\">\n\t\t\t\t\t<\/div>\n\t\t\t\t<\/div>\n\t\t<div class=\"elementor-element elementor-element-7794ea01 e-flex e-con-boxed e-con e-parent\" data-id=\"7794ea01\" data-element_type=\"container\" data-e-type=\"container\">\n\t\t\t\t\t<div class=\"e-con-inner\">\n\t\t\t\t<div class=\"elementor-element elementor-element-5f9e9742 elementor-widget elementor-widget-text-editor\" data-id=\"5f9e9742\" data-element_type=\"widget\" data-e-type=\"widget\" data-widget_type=\"text-editor.default\">\n\t\t\t\t\t\t\t\t\t<div class=\"et_pb_column et_pb_column_4_4 et_pb_column_2_tb_body et_pb_css_mix_blend_mode_passthrough et-last-child\"><div class=\"et_pb_module et_pb_de_mach_acf_item et_pb_de_mach_acf_item_4_tb_body dmach-text-before-pos-same_line dmach-label-pos-same_line dmach-vertical-alignment-middle et_pb_de_mach_alignment_ dmach-acf-has-value dmach-image-icon-placement-left\"><div class=\"et_pb_module_inner\"><div class=\"dmach-acf-item-container\"><div class=\"dmach-acf-item-content\"><h5 class=\"dmach-acf-value\">Maliyy\u0259 Xidm\u0259tl\u0259ri v\u0259 Fintechy-d\u0259 G\u00fcv\u0259n, Uy\u011funluq v\u0259 Kibert\u0259hl\u00fck\u0259sizliyin yarad\u0131lmas\u0131<\/h5><\/div><div class=\"et_pb_module et_pb_de_mach_acf_item et_pb_de_mach_acf_item_4_tb_body dmach-text-before-pos-same_line dmach-label-pos-same_line dmach-vertical-alignment-middle et_pb_de_mach_alignment_ dmach-acf-has-value dmach-image-icon-placement-left\"><div class=\"et_pb_module_inner\"><div class=\"dmach-acf-item-container\"><div class=\"dmach-acf-item-content\"><h5 class=\"dmach-acf-value\">Maliyy\u0259 xidm\u0259tl\u0259ri, Fintech uy\u011funlu\u011fu v\u0259 t\u0259hl\u00fck\u0259sizliyi g\u00fccl\u0259ndirm\u0259k \u00fc\u00e7\u00fcn haz\u0131rlanm\u0131\u015f xidm\u0259tl\u0259r<\/h5><\/div><div class=\"repeater_sep\">\u00a0<\/div><\/div><\/div><\/div><div class=\"et_pb_module et_pb_de_mach_acf_item et_pb_de_mach_acf_item_5_tb_body dmach-text-before-pos-same_line dmach-label-pos-same_line dmach-vertical-alignment-middle et_pb_de_mach_alignment_ dmach-acf-has-value dmach-image-icon-placement-left\"><div class=\"et_pb_module_inner\"><div class=\"dmach-acf-item-container\"><div class=\"dmach-acf-item-content\"><p class=\"dmach-acf-value\">Maliyy\u0259 xidm\u0259tl\u0259rind\u0259 t\u0259nziml\u0259m\u0259l\u0259r daim t\u0259kmill\u0259\u015fir, h\u0259m maliyy\u0259 institutlar\u0131ndan, h\u0259m d\u0259 onlar\u0131 d\u0259st\u0259kl\u0259y\u0259n t\u0259\u015fkilatlardan g\u00fccl\u00fc t\u0259hl\u00fck\u0259sizlik v\u0259 uy\u011funluq strategiyalar\u0131 saxlama\u011f\u0131 t\u0259l\u0259b edir. Biz maliyy\u0259 firmalar\u0131na v\u0259 onlar\u0131n t\u0259r\u0259fda\u015flar\u0131na s\u0259naye standartlar\u0131na cavab verm\u0259k \u00fc\u00e7\u00fcn kibert\u0259hl\u00fck\u0259sizlik proqramlar\u0131n\u0131 qiym\u0259tl\u0259ndirm\u0259k v\u0259 t\u0259kmill\u0259\u015fdirm\u0259kd\u0259 k\u00f6m\u0259k edirik. Biznesinizin t\u0259hl\u00fck\u0259sizlik dayan\u0131ql\u0131\u011f\u0131n\u0131 nec\u0259 g\u00fccl\u0259ndir\u0259 bil\u0259c\u0259yini v\u0259 yaranan t\u0259hdidl\u0259ri nec\u0259 qabaqlaya bil\u0259c\u0259yini k\u0259\u015ff edin.<\/p><\/div><\/div><\/div><\/div><\/div><\/div><\/div><\/div>\t\t\t\t\t\t\t\t<\/div>\n\t\t\t\t<div class=\"elementor-element elementor-element-5d0386f5 elementor-widget elementor-widget-ucaddon_content_accordion\" data-id=\"5d0386f5\" data-element_type=\"widget\" data-e-type=\"widget\" data-widget_type=\"ucaddon_content_accordion.default\">\n\t\t\t\t<div class=\"elementor-widget-container\">\n\t\t\t\t\t\n<!-- start Content Accordion -->\n\t\t<link id='font-awesome-css' href='https:\/\/cyberforensics.az\/wp-content\/plugins\/unlimited-elements-for-elementor-premium\/assets_libraries\/font-awesome6\/fontawesome-all.min.css' type='text\/css' rel='stylesheet' >\n\t\t<link id='font-awesome-4-shim-css' href='https:\/\/cyberforensics.az\/wp-content\/plugins\/unlimited-elements-for-elementor-premium\/assets_libraries\/font-awesome6\/fontawesome-v4-shims.min.css' type='text\/css' rel='stylesheet' >\n\n<style>\/* widget: Content Accordion *\/\n\n\r\n@keyframes uc_content_accordion_elementor_5d0386f5__item-animation {\r\n  0% {\r\n            transform:scale(0.2);\r\n        \t        \tfilter: blur(10px);\r\n\t\t\t\r\n    \t    opacity: 0;\r\n  }\r\n  100% {\r\n            transform:scale(1);\r\n        \t            filter: blur(0px);\r\n            \r\n    \t\topacity: 1;\r\n  }\r\n}\r\n\r\n\r\n#uc_content_accordion_elementor_5d0386f5 .uc_ac_box{\r\n\topacity:0;\r\n}\r\n\r\n\r\n#uc_content_accordion_elementor_5d0386f5 .uc-entrance-animate {\r\n  opacity:1;\r\n}\r\n\r\n#uc_content_accordion_elementor_5d0386f5 .uc-entrance-animate {\r\n\tanimation: uc_content_accordion_elementor_5d0386f5__item-animation 1s cubic-bezier(0.470, 0.000, 0.745, 0.715) both;\r\n}\r\n\r\n\t\t\t\n\n#uc_content_accordion_elementor_5d0386f5 *{\n  box-sizing: border-box;\n}\n\n#uc_content_accordion_elementor_5d0386f5 .ue_heading_title{\n  margin:0;\n  flex-grow:1;\n  display:flex;\n  flex-direction:row;\n}\n\n#uc_content_accordion_elementor_5d0386f5 .uc_container .uc-heading{\n\tdisplay:flex;\n    align-items:center;\n\toverflow:hidden;\n\tcursor:pointer;  \n}\n\n#uc_content_accordion_elementor_5d0386f5 .uc_container .uc_content{\n    display:none;\n}\n\n#uc_content_accordion_elementor_5d0386f5 .uc_container .uc-heading span.ue_accordion_icon{\n\tdisplay:flex;\n    align-items:center;\n   \tjustify-content:center;\n    flex-grow:0;\n    flex-shrink:0;\n}\n\n#uc_content_accordion_elementor_5d0386f5 .uc_ac_box.uc-item-active span.uc_dactive{\n\tdisplay:none;\n}\n\n#uc_content_accordion_elementor_5d0386f5 .uc_ac_box:not(.uc-item-active) span.uc_active{\n\tdisplay:none;\n}\n\n#uc_content_accordion_elementor_5d0386f5 span.ue_accordion_icon svg{\n  height:1em;\n  width:1em;\n}\n\n#uc_content_accordion_elementor_5d0386f5 .uc_container .uc_btn {\n    text-align: center;\n    display: inline-block;\n    text-decoration: none;\n    transition: ease-in-out all 0.25s;\n}\n\n#uc_content_accordion_elementor_5d0386f5 .ue-item-image img{\n  width:100%;\n  display:block;\n  object-fit:cover;\n}\n\n<\/style>\n\n<div class=\"uc_material_accordion\"  id=\"uc_content_accordion_elementor_5d0386f5\"  data-name=\"\" data-scroll=\"off\" data-offset=\"0\" data-closeothers=\"true\" data-set-hash=\"false\" data-transition-duration=\"400\" >\n  <div class=\"uc_container uc-items-wrapper\">\n    \n\n\t\t\n\n\n<div id=\"#ue-tab1\" class=\"uc_ac_box elementor-repeater-item-7b2b708 uc-item-active\" style=\"background-color:;\">\n  <a href=\"javascript:void(0)\" class=\"uc-heading uc_trigger\" role=\"button\">\n    <span class=\"uc_dactive bbb ue_accordion_icon\"><i class='fas fa-plus'><\/i><\/span> \n    <span class=\"uc_active bbb ue_accordion_icon\"><i class='fas fa-minus'><\/i><\/span>\n    <div class=\"ue_heading_title\">PCI DSS Uy\u011funlu\u011fu<\/div>\n  <\/a>\n  \n  <div class=\"uc_content\" style='display:block'>\n        \n      \n         \n                        \n              <div class=\"ue-item-title\"> <\/div>\n      \n              <div class=\"ue-item-text\"><div class=\"et_pb_module et_pb_text et_pb_text_1  et_pb_text_align_left et_pb_bg_layout_light\"><div class=\"et_pb_text_inner\"><h4><strong>Kredit kart\u0131 m\u0259lumatlar\u0131n\u0131 idar\u0259 ed\u0259n m\u00fc\u0259ssis\u0259l\u0259r \u00fc\u00e7\u00fcn pe\u015f\u0259kar qiym\u0259tl\u0259ndirm\u0259l\u0259r v\u0259 m\u0259sl\u0259h\u0259tl\u0259r<\/strong><\/h4><p>\u00d6d\u0259ni\u015f Kart\u0131 S\u0259nayesi M\u0259lumat T\u0259hl\u00fck\u0259sizliyi Standart\u0131 (PCI DSS) kredit kart\u0131 \u00f6d\u0259ni\u015fl\u0259rini q\u0259bul ed\u0259n ist\u0259nil\u0259n \u00f6l\u00e7\u00fcl\u00fc \u015firk\u0259tl\u0259r\u0259 \u015famil edilir. Bu t\u0259hl\u00fck\u0259sizlik standartlar\u0131 internet \u00f6d\u0259ni\u015f kart\u0131 saxtakarl\u0131\u011f\u0131n\u0131 azaltma\u011fa k\u00f6m\u0259k edir. Yaln\u0131z t\u0259sdiq edilmi\u015f PCI QSA t\u0259r\u0259find\u0259n tamamlanan qiym\u0259tl\u0259ndirm\u0259l\u0259r \u00d6d\u0259ni\u015f Kart\u0131 markalar\u0131 t\u0259r\u0259find\u0259n tan\u0131n\u0131r.<\/p><p>\u018fg\u0259r \u015firk\u0259tiniz kart \u00f6d\u0259ni\u015fl\u0259rini q\u0259bul etm\u0259k v\u0259 kart sahibinin m\u0259lumatlar\u0131n\u0131 saxlamaq, emal etm\u0259k v\u0259 ya \u00f6t\u00fcrm\u0259k niyy\u0259tind\u0259dirs\u0259, m\u0259lumatlar\u0131n PCI-y\u0259 uy\u011fun hostinq provayderi il\u0259 t\u0259hl\u00fck\u0259sizliyin\u0259 \u0259min olmal\u0131s\u0131n\u0131z.<\/p><\/div><\/div><\/div>\n      \n              \n      <\/div> \n<\/div>\n\n\n\n\n\n<div id=\"#ue-tab2\" class=\"uc_ac_box elementor-repeater-item-66574b8\" style=\"background-color:;\">\n  <a href=\"javascript:void(0)\" class=\"uc-heading uc_trigger\" role=\"button\">\n    <span class=\"uc_dactive bbb ue_accordion_icon\"><i class='fas fa-plus'><\/i><\/span> \n    <span class=\"uc_active bbb ue_accordion_icon\"><i class='fas fa-minus'><\/i><\/span>\n    <div class=\"ue_heading_title\">GDPR Uy\u011funlu\u011fu<\/div>\n  <\/a>\n  \n  <div class=\"uc_content\" >\n        \n      \n         \n                        \n              <div class=\"ue-item-title\"> <\/div>\n      \n              <div class=\"ue-item-text\"><div class=\"et_pb_module et_pb_text et_pb_text_1  et_pb_text_align_left et_pb_bg_layout_light\"><div class=\"et_pb_text_inner\"><h4><strong>GDPR Uy\u011funluq Standartlar\u0131na \u0259m\u0259l etm\u0259kl\u0259 M\u0259lumatlar\u0131n Qorunmas\u0131n\u0131 T\u0259kmill\u0259\u015fdirin.<\/strong><\/h4><p>\u00dcmumi M\u0259lumatlar\u0131n Qorunmas\u0131 Qaydas\u0131 (GDPR) Avropa \u0130ttifaq\u0131 v\u0259t\u0259nda\u015flar\u0131n\u0131n \u015f\u0259xsi m\u0259lumatlar\u0131n\u0131n toplanmas\u0131 v\u0259 emal\u0131 \u00fc\u00e7\u00fcn t\u0259limatlar\u0131 m\u00fc\u0259yy\u0259n ed\u0259n \u00e7\u0259r\u00e7iv\u0259dir. AB v\u0259t\u0259nda\u015f\u0131n\u0131n m\u0259xfi m\u0259lumatlar\u0131n\u0131 saxlayan h\u0259r hans\u0131 \u015firk\u0259t, harada yerl\u0259\u015fm\u0259sind\u0259n as\u0131l\u0131 olmayaraq, GDPR-y\u0259 uy\u011fun olmal\u0131d\u0131r.<\/p><p>\u018fg\u0259r biznesiniz AB-d\u0259 m\u00fc\u015ft\u0259ril\u0259rin ad\u0131ndan h\u0259ssas m\u0259lumatlar\u0131 toplay\u0131r, emal edir v\u0259 ya saxlay\u0131rsa, sizd\u0259n GDPR-\u0259 \u0259m\u0259l etm\u0259lisiniz. Bu t\u0259nziml\u0259m\u0259 ekstraterritoriald\u0131r v\u0259 qlobal s\u0259viyy\u0259d\u0259 t\u0259tbiq edilir.<\/p><\/div><\/div><\/div>\n      \n              \n      <\/div> \n<\/div>\n\n\n\n\n\n<div id=\"#ue-tab3\" class=\"uc_ac_box elementor-repeater-item-428d726\" style=\"background-color:;\">\n  <a href=\"javascript:void(0)\" class=\"uc-heading uc_trigger\" role=\"button\">\n    <span class=\"uc_dactive bbb ue_accordion_icon\"><i class='fas fa-plus'><\/i><\/span> \n    <span class=\"uc_active bbb ue_accordion_icon\"><i class='fas fa-minus'><\/i><\/span>\n    <div class=\"ue_heading_title\">GovRAMP Avtorizasiyas\u0131<\/div>\n  <\/a>\n  \n  <div class=\"uc_content\" >\n        \n      \n         \n                        \n              <div class=\"ue-item-title\"> <\/div>\n      \n              <div class=\"ue-item-text\"><h4>StateRAMP Sertifikat\u0131<\/h4><p>Biz StateRAMP t\u0259r\u0259find\u0259n t\u0259sdiql\u0259nmi\u015f bulud t\u0259hl\u00fck\u0259sizliyin\u0259 nail olmaqda t\u0259\u015fkilatlara k\u00f6m\u0259k etm\u0259k \u00fc\u00e7\u00fcn StateRAMP Bo\u015flu\u011funun Qiym\u0259tl\u0259ndirilm\u0259si v\u0259 M\u0259sl\u0259h\u0259t xidm\u0259tl\u0259ri t\u0259klif edirik. Bizim bo\u015fluqlar\u0131n qiym\u0259tl\u0259ndirilm\u0259si cari uy\u011funluq statusunuzu qiym\u0259tl\u0259ndirir v\u0259 t\u0259kmill\u0259\u015fdirm\u0259y\u0259 ehtiyac\u0131 olan sah\u0259l\u0259ri m\u00fc\u0259yy\u0259nl\u0259\u015fdir\u0259r\u0259k sizi StateRAMP yoxlamas\u0131na aparan yola \u00e7\u0131xar\u0131r. \u018flav\u0259 olaraq, m\u0259sl\u0259h\u0259t xidm\u0259tl\u0259rimiz haz\u0131rk\u0131 arxitekturan\u0131z\u0131, s\u0259n\u0259dl\u0259rinizi, siyas\u0259tl\u0259rinizi v\u0259 prosedurlar\u0131n\u0131z\u0131 \u0259l\u0259 ke\u00e7ir\u0259r\u0259k haz\u0131rl\u0131q prosesind\u0259 siz\u0259 r\u0259hb\u0259rlik edir. Biz bu tap\u0131nt\u0131lar\u0131 t\u0259hlil edirik, t\u00f6vsiy\u0259l\u0259r veririk v\u0259 h\u0259yata ke\u00e7iril\u0259 bil\u0259n n\u00f6vb\u0259ti add\u0131mlarla t\u0259klif olunan icra plan\u0131n\u0131 t\u0259qdim edirik. Ekspert r\u0259hb\u0259rliyimizl\u0259 bulud t\u0259hl\u00fck\u0259sizliyi m\u0259qs\u0259dl\u0259riniz\u0259 v\u0259 StateRAMP uy\u011funluq t\u0259l\u0259bl\u0259rin\u0259 cavab verm\u0259k \u00fc\u00e7\u00fcn inamla i\u015fl\u0259y\u0259 bil\u0259rsiniz.<\/p><\/div>\n      \n              \n      <\/div> \n<\/div>\n\n  <\/div>\n<\/div>\n<!-- end Content Accordion -->\t\t\t\t<\/div>\n\t\t\t\t<\/div>\n\t\t\t\t\t<\/div>\n\t\t\t\t<\/div>\n\t\t<div class=\"elementor-element elementor-element-7ced74b9 e-flex e-con-boxed e-con e-parent\" data-id=\"7ced74b9\" data-element_type=\"container\" data-e-type=\"container\">\n\t\t\t\t\t<div class=\"e-con-inner\">\n\t\t\t\t\t<\/div>\n\t\t\t\t<\/div>\n\t\t<div class=\"elementor-element elementor-element-31d64bda e-flex e-con-boxed e-con e-parent\" data-id=\"31d64bda\" data-element_type=\"container\" data-e-type=\"container\">\n\t\t\t\t\t<div class=\"e-con-inner\">\n\t\t\t\t<div class=\"elementor-element elementor-element-68911dad elementor-post-navigation-borders-yes elementor-widget elementor-widget-post-navigation\" data-id=\"68911dad\" data-element_type=\"widget\" data-e-type=\"widget\" data-widget_type=\"post-navigation.default\">\n\t\t\t\t\t\t\t<div class=\"elementor-post-navigation\" role=\"navigation\" aria-label=\"Post Navigation\">\r\n\t\t\t<div class=\"elementor-post-navigation__prev elementor-post-navigation__link\">\r\n\t\t\t\t<a href=\"https:\/\/cyberforensics.az\/az\/healthcare\/\" rel=\"prev\"><span class=\"post-navigation__arrow-wrapper post-navigation__arrow-prev\"><svg aria-hidden=\"true\" class=\"e-font-icon-svg e-fas-angle-left\" viewbox=\"0 0 256 512\" xmlns=\"http:\/\/www.w3.org\/2000\/svg\"><path d=\"M31.7 239l136-136c9.4-9.4 24.6-9.4 33.9 0l22.6 22.6c9.4 9.4 9.4 24.6 0 33.9L127.9 256l96.4 96.4c9.4 9.4 9.4 24.6 0 33.9L201.7 409c-9.4 9.4-24.6 9.4-33.9 0l-136-136c-9.5-9.4-9.5-24.6-.1-34z\"><\/path><\/svg><span class=\"elementor-screen-only\">Prev<\/span><\/span><span class=\"elementor-post-navigation__link__prev\"><span class=\"post-navigation__prev--label\">\u018fvv\u0259lki<\/span><span class=\"post-navigation__prev--title\">S\u0259hiyy\u0259<\/span><\/span><\/a>\t\t\t<\/div>\r\n\t\t\t\t\t\t\t<div class=\"elementor-post-navigation__separator-wrapper\">\r\n\t\t\t\t\t<div class=\"elementor-post-navigation__separator\"><\/div>\r\n\t\t\t\t<\/div>\r\n\t\t\t\t\t\t<div class=\"elementor-post-navigation__next elementor-post-navigation__link\">\r\n\t\t\t\t<a href=\"https:\/\/cyberforensics.az\/az\/oil-gas\/\" rel=\"next\"><span class=\"elementor-post-navigation__link__next\"><span class=\"post-navigation__next--label\">Sonrak\u0131<\/span><span class=\"post-navigation__next--title\">Neft v\u0259 Qaz<\/span><\/span><span class=\"post-navigation__arrow-wrapper post-navigation__arrow-next\"><svg aria-hidden=\"true\" class=\"e-font-icon-svg e-fas-angle-right\" viewbox=\"0 0 256 512\" xmlns=\"http:\/\/www.w3.org\/2000\/svg\"><path d=\"M224.3 273l-136 136c-9.4 9.4-24.6 9.4-33.9 0l-22.6-22.6c-9.4-9.4-9.4-24.6 0-33.9l96.4-96.4-96.4-96.4c-9.4-9.4-9.4-24.6 0-33.9L54.3 103c9.4-9.4 24.6-9.4 33.9 0l136 136c9.5 9.4 9.5 24.6.1 34z\"><\/path><\/svg><span class=\"elementor-screen-only\">Sonrak\u0131<\/span><\/span><\/a>\t\t\t<\/div>\r\n\t\t<\/div>\r\n\t\t\t\t\t\t<\/div>\n\t\t\t\t\t<\/div>\n\t\t\t\t<\/div>\n\t\t\t\t<\/div>","protected":false},"excerpt":{"rendered":"<p>Financial Services Building Trust, Compliance &amp; Cybersecurity in Financial Services &amp; Fintechy Services Designed to Strengthen Financial Services &amp; Fintech Compliance &amp; Security \u00a0 Regulations in financial services are constantly evolving, requiring both financial institutions and the organizations that support them to maintain strong security and compliance strategies. We helps financial firms and their partners [&hellip;]<\/p>\n","protected":false},"author":1,"featured_media":0,"parent":0,"menu_order":0,"comment_status":"closed","ping_status":"closed","template":"","meta":{"footnotes":""},"class_list":["post-1050","page","type-page","status-publish","hentry"],"_links":{"self":[{"href":"https:\/\/cyberforensics.az\/az\/wp-json\/wp\/v2\/pages\/1050","targetHints":{"allow":["GET"]}}],"collection":[{"href":"https:\/\/cyberforensics.az\/az\/wp-json\/wp\/v2\/pages"}],"about":[{"href":"https:\/\/cyberforensics.az\/az\/wp-json\/wp\/v2\/types\/page"}],"author":[{"embeddable":true,"href":"https:\/\/cyberforensics.az\/az\/wp-json\/wp\/v2\/users\/1"}],"replies":[{"embeddable":true,"href":"https:\/\/cyberforensics.az\/az\/wp-json\/wp\/v2\/comments?post=1050"}],"version-history":[{"count":0,"href":"https:\/\/cyberforensics.az\/az\/wp-json\/wp\/v2\/pages\/1050\/revisions"}],"wp:attachment":[{"href":"https:\/\/cyberforensics.az\/az\/wp-json\/wp\/v2\/media?parent=1050"}],"curies":[{"name":"wp","href":"https:\/\/api.w.org\/{rel}","templated":true}]}}