{"id":1044,"date":"2025-07-13T16:36:24","date_gmt":"2025-07-13T12:36:24","guid":{"rendered":"https:\/\/cyberforensics.az\/?page_id=1044"},"modified":"2025-07-27T15:18:06","modified_gmt":"2025-07-27T11:18:06","slug":"government","status":"publish","type":"page","link":"https:\/\/cyberforensics.az\/az\/government\/","title":{"rendered":"H\u00f6kum\u0259t"},"content":{"rendered":"<div data-elementor-type=\"wp-page\" data-elementor-id=\"1044\" class=\"elementor elementor-1044\" data-elementor-post-type=\"page\">\n\t\t\t\t<div class=\"elementor-element elementor-element-525e3fb8 e-flex e-con-boxed e-con e-parent\" data-id=\"525e3fb8\" data-element_type=\"container\" data-e-type=\"container\">\n\t\t\t\t\t<div class=\"e-con-inner\">\n\t\t\t\t\t<\/div>\n\t\t\t\t<\/div>\n\t\t<div class=\"elementor-element elementor-element-59779f65 e-flex e-con-boxed e-con e-parent\" data-id=\"59779f65\" data-element_type=\"container\" data-e-type=\"container\">\n\t\t\t\t\t<div class=\"e-con-inner\">\n\t\t\t\t<div class=\"elementor-element elementor-element-1477134d elementor-widget elementor-widget-spacer\" data-id=\"1477134d\" data-element_type=\"widget\" data-e-type=\"widget\" data-widget_type=\"spacer.default\">\n\t\t\t\t\t\t\t<div class=\"elementor-spacer\">\n\t\t\t<div class=\"elementor-spacer-inner\"><\/div>\n\t\t<\/div>\n\t\t\t\t\t\t<\/div>\n\t\t\t\t\t<\/div>\n\t\t\t\t<\/div>\n\t\t<div class=\"elementor-element elementor-element-6e44c4b7 e-flex e-con-boxed e-con e-parent\" data-id=\"6e44c4b7\" data-element_type=\"container\" data-e-type=\"container\">\n\t\t\t\t\t<div class=\"e-con-inner\">\n\t\t\t\t\t<\/div>\n\t\t\t\t<\/div>\n\t\t<div class=\"elementor-element elementor-element-11a7b427 e-flex e-con-boxed e-con e-parent\" data-id=\"11a7b427\" data-element_type=\"container\" data-e-type=\"container\">\n\t\t\t\t\t<div class=\"e-con-inner\">\n\t\t\t\t<div class=\"elementor-element elementor-element-4292e4c3 elementor-widget elementor-widget-text-editor\" data-id=\"4292e4c3\" data-element_type=\"widget\" data-e-type=\"widget\" data-widget_type=\"text-editor.default\">\n\t\t\t\t\t\t\t\t\t<div class=\"et_pb_column et_pb_column_4_4 et_pb_column_2_tb_body et_pb_css_mix_blend_mode_passthrough et-last-child\"><div class=\"et_pb_column et_pb_column_4_4 et_pb_column_2_tb_body et_pb_css_mix_blend_mode_passthrough et-last-child\"><div class=\"et_pb_module et_pb_de_mach_acf_item et_pb_de_mach_acf_item_4_tb_body dmach-text-before-pos-same_line dmach-label-pos-same_line dmach-vertical-alignment-middle et_pb_de_mach_alignment_ dmach-acf-has-value dmach-image-icon-placement-left\"><div class=\"et_pb_module_inner\"><div class=\"dmach-acf-item-container\"><div class=\"dmach-acf-item-content\"><h5 class=\"dmach-acf-value\">D\u00f6vl\u0259t Sektorunda biznesl\u0259 m\u0259\u015f\u011ful olan \u015firk\u0259tl\u0259ri g\u00fccl\u0259ndirm\u0259k \u00fc\u00e7\u00fcn n\u0259z\u0259rd\u0259 tutulmu\u015f Uy\u011funluq v\u0259 T\u0259hl\u00fck\u0259sizlik Xidm\u0259tl\u0259ri<\/h5><p>D\u00f6vl\u0259t qurumlar\u0131 v\u0259 podrat\u00e7\u0131lar \u00fc\u00e7\u00fcn uy\u011funla\u015fd\u0131r\u0131lm\u0131\u015f kibert\u0259hl\u00fck\u0259sizlik v\u0259 riskl\u0259rin idar\u0259 edilm\u0259si h\u0259ll\u0259ri il\u0259 uy\u011funlu\u011fu t\u0259min edin, h\u0259ssas m\u0259lumatlar\u0131 qoruyun v\u0259 federal t\u0259hl\u00fck\u0259sizlik t\u0259l\u0259bl\u0259rin\u0259 cavab verin.<\/p><\/div><\/div><\/div><\/div><\/div><\/div>\t\t\t\t\t\t\t\t<\/div>\n\t\t\t\t<div class=\"elementor-element elementor-element-61ce3031 elementor-widget elementor-widget-ucaddon_content_accordion\" data-id=\"61ce3031\" data-element_type=\"widget\" data-e-type=\"widget\" data-widget_type=\"ucaddon_content_accordion.default\">\n\t\t\t\t<div class=\"elementor-widget-container\">\n\t\t\t\t\t\n<!-- start Content Accordion -->\n\t\t<link id='font-awesome-css' href='https:\/\/cyberforensics.az\/wp-content\/plugins\/unlimited-elements-for-elementor-premium\/assets_libraries\/font-awesome6\/fontawesome-all.min.css' type='text\/css' rel='stylesheet' >\n\t\t<link id='font-awesome-4-shim-css' href='https:\/\/cyberforensics.az\/wp-content\/plugins\/unlimited-elements-for-elementor-premium\/assets_libraries\/font-awesome6\/fontawesome-v4-shims.min.css' type='text\/css' rel='stylesheet' >\n\n<style>\/* widget: Content Accordion *\/\n\n\r\n@keyframes uc_content_accordion_elementor_61ce3031__item-animation {\r\n  0% {\r\n            transform:scale(0.2);\r\n        \t        \tfilter: blur(10px);\r\n\t\t\t\r\n    \t    opacity: 0;\r\n  }\r\n  100% {\r\n            transform:scale(1);\r\n        \t            filter: blur(0px);\r\n            \r\n    \t\topacity: 1;\r\n  }\r\n}\r\n\r\n\r\n#uc_content_accordion_elementor_61ce3031 .uc_ac_box{\r\n\topacity:0;\r\n}\r\n\r\n\r\n#uc_content_accordion_elementor_61ce3031 .uc-entrance-animate {\r\n  opacity:1;\r\n}\r\n\r\n#uc_content_accordion_elementor_61ce3031 .uc-entrance-animate {\r\n\tanimation: uc_content_accordion_elementor_61ce3031__item-animation 1s cubic-bezier(0.470, 0.000, 0.745, 0.715) both;\r\n}\r\n\r\n\t\t\t\n\n#uc_content_accordion_elementor_61ce3031 *{\n  box-sizing: border-box;\n}\n\n#uc_content_accordion_elementor_61ce3031 .ue_heading_title{\n  margin:0;\n  flex-grow:1;\n  display:flex;\n  flex-direction:row;\n}\n\n#uc_content_accordion_elementor_61ce3031 .uc_container .uc-heading{\n\tdisplay:flex;\n    align-items:center;\n\toverflow:hidden;\n\tcursor:pointer;  \n}\n\n#uc_content_accordion_elementor_61ce3031 .uc_container .uc_content{\n    display:none;\n}\n\n#uc_content_accordion_elementor_61ce3031 .uc_container .uc-heading span.ue_accordion_icon{\n\tdisplay:flex;\n    align-items:center;\n   \tjustify-content:center;\n    flex-grow:0;\n    flex-shrink:0;\n}\n\n#uc_content_accordion_elementor_61ce3031 .uc_ac_box.uc-item-active span.uc_dactive{\n\tdisplay:none;\n}\n\n#uc_content_accordion_elementor_61ce3031 .uc_ac_box:not(.uc-item-active) span.uc_active{\n\tdisplay:none;\n}\n\n#uc_content_accordion_elementor_61ce3031 span.ue_accordion_icon svg{\n  height:1em;\n  width:1em;\n}\n\n#uc_content_accordion_elementor_61ce3031 .uc_container .uc_btn {\n    text-align: center;\n    display: inline-block;\n    text-decoration: none;\n    transition: ease-in-out all 0.25s;\n}\n\n#uc_content_accordion_elementor_61ce3031 .ue-item-image img{\n  width:100%;\n  display:block;\n  object-fit:cover;\n}\n\n<\/style>\n\n<div class=\"uc_material_accordion\"  id=\"uc_content_accordion_elementor_61ce3031\"  data-name=\"\" data-scroll=\"off\" data-offset=\"0\" data-closeothers=\"true\" data-set-hash=\"false\" data-transition-duration=\"400\" >\n  <div class=\"uc_container uc-items-wrapper\">\n    \n\n\t\t\n\n\n<div id=\"#ue-tab1\" class=\"uc_ac_box elementor-repeater-item-7b2b708 uc-item-active\" style=\"background-color:;\">\n  <a href=\"javascript:void(0)\" class=\"uc-heading uc_trigger\" role=\"button\">\n    <span class=\"uc_dactive bbb ue_accordion_icon\"><i class='fas fa-plus'><\/i><\/span> \n    <span class=\"uc_active bbb ue_accordion_icon\"><i class='fas fa-minus'><\/i><\/span>\n    <div class=\"ue_heading_title\"> NIST Qiym\u0259tl\u0259ndirm\u0259l\u0259ri<\/div>\n  <\/a>\n  \n  <div class=\"uc_content\" style='display:block'>\n        \n      \n         \n                        \n              <div class=\"ue-item-title\"> <\/div>\n      \n              <div class=\"ue-item-text\"><h4>NIST Cybersecurity Framework Assessments<\/h4><div class=\"et_pb_module et_pb_text et_pb_text_1  et_pb_text_align_left et_pb_bg_layout_light\"><div class=\"et_pb_text_inner\"><h4>Cyberforensics t\u0259r\u0259find\u0259n tamamlanan prioritetl\u0259\u015fdirilmi\u015f, \u00e7evik, t\u0259krarlana bil\u0259n v\u0259 s\u0259rf\u0259li NIST CSF qiym\u0259tl\u0259ndirm\u0259si t\u0259\u015fkilatlara geni\u015f \u015f\u0259kild\u0259 q\u0259bul edil\u0259n v\u0259 f\u0259rdil\u0259\u015fdiril\u0259 bil\u0259n h\u0259yat d\u00f6vr\u00fc vasit\u0259sil\u0259 kibert\u0259hl\u00fck\u0259sizlikl\u0259 ba\u011fl\u0131 risk yaratma\u011fa v\u0259 idar\u0259 etm\u0259y\u0259 k\u00f6m\u0259k edir.<\/h4><p>Kibert\u0259hl\u00fck\u0259sizlik h\u00fccumlar\u0131 s\u0259ngim\u0259k bilmir. Onlar h\u0259m saylar\u0131, h\u0259m d\u0259 inc\u0259liyi il\u0259 artma\u011fa davam edirl\u0259r v\u0259 h\u0259r \u00f6l\u00e7\u00fcd\u0259 t\u0259\u015fkilatlar h\u0259d\u0259f\u0259 al\u0131n\u0131r. Bu art\u0131q \u0259g\u0259r bir m\u0259s\u0259l\u0259 deyil; daha do\u011frusu n\u0259 vaxtd\u0131r.<\/p><p>NIST Kibert\u0259hl\u00fck\u0259sizlik \u00c7\u0259r\u00e7iv\u0259si (CSF) h\u0259r hans\u0131 sektorda v\u0259 ya icmada t\u0259\u015fkilatlara kibert\u0259hl\u00fck\u0259sizlik riskini daha yax\u015f\u0131 idar\u0259 etm\u0259k v\u0259 azaltmaqda k\u00f6m\u0259k etm\u0259k \u00fc\u00e7\u00fcn h\u00f6kum\u0259t v\u0259 s\u0259nayenin \u0259m\u0259kda\u015fl\u0131\u011f\u0131 vasit\u0259sil\u0259 haz\u0131rlanm\u0131\u015fd\u0131r. CSF \u00e7evik bir \u00e7\u0259r\u00e7iv\u0259 oldu\u011fundan, t\u0259\u015fkilatlar ondan m\u00fcvafiq kibert\u0259hl\u00fck\u0259sizlik riskl\u0259rini m\u00fc\u0259yy\u0259n etm\u0259k v\u0259 riskl\u0259rin azald\u0131lmas\u0131n\u0131 maksimum d\u0259r\u0259c\u0259d\u0259 art\u0131rmaq \u00fc\u00e7\u00fcn investisiyalar\u0131 prioritetl\u0259\u015fdirm\u0259k \u00fc\u00e7\u00fcn istifad\u0259 ed\u0259 bil\u0259rl\u0259r.<\/p><\/div><\/div><\/div>\n      \n              \n      <\/div> \n<\/div>\n\n\n\n\n\n<div id=\"#ue-tab2\" class=\"uc_ac_box elementor-repeater-item-f591a9d\" style=\"background-color:;\">\n  <a href=\"javascript:void(0)\" class=\"uc-heading uc_trigger\" role=\"button\">\n    <span class=\"uc_dactive bbb ue_accordion_icon\"><i class='fas fa-plus'><\/i><\/span> \n    <span class=\"uc_active bbb ue_accordion_icon\"><i class='fas fa-minus'><\/i><\/span>\n    <div class=\"ue_heading_title\">N\u00fcfuz Testi<\/div>\n  <\/a>\n  \n  <div class=\"uc_content\" >\n        \n      \n         \n                        \n              <div class=\"ue-item-title\"> <\/div>\n      \n              <div class=\"ue-item-text\"><h4><strong>Potensial z\u0259iflikl\u0259ri a\u015fkar etm\u0259k v\u0259 qorumaq \u00fc\u00e7\u00fcn real d\u00fcnya h\u00fccumlar\u0131n\u0131 simulyasiya edin.<\/strong><\/h4><p>\u00c7ox tez-tez, bir \u015firk\u0259t m\u0259lumatlar\u0131n pozulmas\u0131na m\u0259ruz qald\u0131qda, hans\u0131 t\u0259hl\u00fck\u0259sizlik bo\u015fluqlar\u0131n\u0131n pozuntuya s\u0259b\u0259b oldu\u011fu bar\u0259d\u0259 he\u00e7 bir fikir yoxdur. Ancaq bir h\u00fccum ba\u015f verdikd\u0259, \u00e7ox vaxt \u00e7ox gec olur. U\u011furlu bir kiberh\u00fccum, uy\u011funluq c\u0259rim\u0259l\u0259ri, korlanm\u0131\u015f reputasiya v\u0259 son x\u0259rc \u2013 ma\u011fazan\u0131 ba\u011flamaq yolunda b\u00f6y\u00fck itki il\u0259 n\u0259tic\u0259l\u0259n\u0259 bil\u0259r. Inc-\u0259 g\u00f6r\u0259, ki\u00e7ik v\u0259 orta biznesin 60 faizi m\u0259lumatlar\u0131n s\u0131zmas\u0131ndan alt\u0131 ay sonra i\u015fini dayand\u0131r\u0131r.<\/p><p>360 Qabaqc\u0131l n\u00fcfuzetm\u0259 testi xidm\u0259ti istifad\u0259 oluna bil\u0259n z\u0259iflikl\u0259rin h\u0259d\u0259fl\u0259nm\u0259si, m\u00fc\u0259yy\u0259n edilm\u0259si v\u0259 aradan qald\u0131r\u0131lmas\u0131 \u00fc\u00e7\u00fcn ayd\u0131n add\u0131mlar\u0131n t\u0259min edilm\u0259si \u00fc\u00e7\u00fcn sisteminizin infrastrukturuna v\u0259 t\u0259hl\u00fck\u0259sizlik n\u0259zar\u0259tl\u0259rin\u0259 qar\u015f\u0131 simulyasiya edilmi\u015f h\u00fccumdur. Etik hakerl\u0259rd\u0259n ibar\u0259t komandam\u0131z \u0130T sisteml\u0259rinizin t\u0259hl\u00fck\u0259sizliyini simulyasiya edilmi\u015f real d\u00fcnya h\u00fccumlar\u0131 il\u0259 qiym\u0259tl\u0259ndirir v\u0259 potensial t\u0259hl\u00fck\u0259sizlik riskl\u0259rini vur\u011fulay\u0131r ki, siz t\u0259\u015fkilat\u0131n\u0131z\u0131n \u00fcmumi risk v\u0259ziyy\u0259tini yax\u015f\u0131la\u015fd\u0131ras\u0131n\u0131z.<\/p><\/div>\n      \n              \n      <\/div> \n<\/div>\n\n\n\n\n\n<div id=\"#ue-tab3\" class=\"uc_ac_box elementor-repeater-item-eb83c4b\" style=\"background-color:;\">\n  <a href=\"javascript:void(0)\" class=\"uc-heading uc_trigger\" role=\"button\">\n    <span class=\"uc_dactive bbb ue_accordion_icon\"><i class='fas fa-plus'><\/i><\/span> \n    <span class=\"uc_active bbb ue_accordion_icon\"><i class='fas fa-minus'><\/i><\/span>\n    <div class=\"ue_heading_title\">CMMC Sertifikat\u0131<\/div>\n  <\/a>\n  \n  <div class=\"uc_content\" >\n        \n      \n         \n                        \n              <div class=\"ue-item-title\"> <\/div>\n      \n              <div class=\"ue-item-text\"><h4>Kibert\u0259hl\u00fck\u0259sizlik Yetkinlik Modeli Sertifikat\u0131<\/h4><p>\u00a0<\/p><div class=\"et_pb_module et_pb_text et_pb_text_1  et_pb_text_align_left et_pb_bg_layout_light\"><div class=\"et_pb_text_inner\"><p>Kibert\u0259hl\u00fck\u0259sizlik Yetkinlik Modeli Sertifikat\u0131, n\u0259zar\u0259t edil\u0259n m\u0259xfi olmayan m\u0259lumatlar\u0131 (CUI) toplayan, emal ed\u0259n v\u0259 ya saxlayan M\u00fcdafi\u0259 Departamenti (DoD) podrat\u00e7\u0131lar \u00fc\u00e7\u00fcn birl\u0259\u015fdirilmi\u015f standartd\u0131r. Uy\u011funluq standart\u0131 DFARS 252.204.7012 v\u0259 NIST 800-171 standartlar\u0131n\u0131n t\u0259kam\u00fcl\u00fcd\u00fcr v\u0259 \u00f6lk\u0259nin \u0259n h\u0259ssas m\u0259lumatlar\u0131n\u0131 qorumaq \u00fc\u00e7\u00fcn n\u0259z\u0259rd\u0259 tutulub.<\/p><p>M\u00fcdafi\u0259 S\u0259nayesi Bazas\u0131n\u0131n (DIB) kibert\u0259hl\u00fck\u0259sizlik m\u00f6vqeyini t\u0259kmill\u0259\u015fdirm\u0259k \u00fc\u00e7\u00fcn n\u0259z\u0259rd\u0259 tutulmu\u015f \u00e7\u0259r\u00e7iv\u0259 bir ne\u00e7\u0259 kibert\u0259hl\u00fck\u0259sizlik standartlar\u0131n\u0131 v\u0259 \u0259n yax\u015f\u0131 t\u0259cr\u00fcb\u0259l\u0259ri bir ne\u00e7\u0259 yetkinlik s\u0259viyy\u0259l\u0259ri \u00fczr\u0259 x\u0259rit\u0259l\u0259\u015fdirilmi\u015f n\u0259zar\u0259tl\u0259rl\u0259 birl\u0259\u015fdirir.<\/p><p>CMMC 2.0 qayda yaratma yolu il\u0259 kodla\u015fd\u0131r\u0131ld\u0131qdan sonra, DoD \u015firk\u0259tl\u0259rd\u0259n yenid\u0259n i\u015fl\u0259nmi\u015f CMMC \u00e7\u0259r\u00e7iv\u0259sin\u0259 riay\u0259t etm\u0259yi t\u0259l\u0259b ed\u0259c\u0259k.<\/p><\/div><\/div><p>\u00a0<\/p><\/div>\n      \n              \n      <\/div> \n<\/div>\n\n  <\/div>\n<\/div>\n<!-- end Content Accordion -->\t\t\t\t<\/div>\n\t\t\t\t<\/div>\n\t\t\t\t\t<\/div>\n\t\t\t\t<\/div>\n\t\t<div class=\"elementor-element elementor-element-3fc27f00 e-flex e-con-boxed e-con e-parent\" data-id=\"3fc27f00\" data-element_type=\"container\" data-e-type=\"container\">\n\t\t\t\t\t<div class=\"e-con-inner\">\n\t\t\t\t\t<\/div>\n\t\t\t\t<\/div>\n\t\t<div class=\"elementor-element elementor-element-6d9abfc2 e-flex e-con-boxed e-con e-parent\" data-id=\"6d9abfc2\" data-element_type=\"container\" data-e-type=\"container\">\n\t\t\t\t\t<div class=\"e-con-inner\">\n\t\t\t\t<div class=\"elementor-element elementor-element-49ea60b8 elementor-post-navigation-borders-yes elementor-widget elementor-widget-post-navigation\" data-id=\"49ea60b8\" data-element_type=\"widget\" data-e-type=\"widget\" data-widget_type=\"post-navigation.default\">\n\t\t\t\t\t\t\t<div class=\"elementor-post-navigation\" role=\"navigation\" aria-label=\"Post Navigation\">\r\n\t\t\t<div class=\"elementor-post-navigation__prev elementor-post-navigation__link\">\r\n\t\t\t\t<a href=\"https:\/\/cyberforensics.az\/az\/software-data\/\" rel=\"prev\"><span class=\"post-navigation__arrow-wrapper post-navigation__arrow-prev\"><svg aria-hidden=\"true\" class=\"e-font-icon-svg e-fas-angle-left\" viewbox=\"0 0 256 512\" xmlns=\"http:\/\/www.w3.org\/2000\/svg\"><path d=\"M31.7 239l136-136c9.4-9.4 24.6-9.4 33.9 0l22.6 22.6c9.4 9.4 9.4 24.6 0 33.9L127.9 256l96.4 96.4c9.4 9.4 9.4 24.6 0 33.9L201.7 409c-9.4 9.4-24.6 9.4-33.9 0l-136-136c-9.5-9.4-9.5-24.6-.1-34z\"><\/path><\/svg><span class=\"elementor-screen-only\">Prev<\/span><\/span><span class=\"elementor-post-navigation__link__prev\"><span class=\"post-navigation__prev--label\">\u018fvv\u0259lki<\/span><span class=\"post-navigation__prev--title\">Proqram t\u0259minat\u0131 v\u0259 M\u0259lumat<\/span><\/span><\/a>\t\t\t<\/div>\r\n\t\t\t\t\t\t\t<div class=\"elementor-post-navigation__separator-wrapper\">\r\n\t\t\t\t\t<div class=\"elementor-post-navigation__separator\"><\/div>\r\n\t\t\t\t<\/div>\r\n\t\t\t\t\t\t<div class=\"elementor-post-navigation__next elementor-post-navigation__link\">\r\n\t\t\t\t<a href=\"https:\/\/cyberforensics.az\/az\/healthcare\/\" rel=\"next\"><span class=\"elementor-post-navigation__link__next\"><span class=\"post-navigation__next--label\">Sonrak\u0131<\/span><span class=\"post-navigation__next--title\">S\u0259hiyy\u0259<\/span><\/span><span class=\"post-navigation__arrow-wrapper post-navigation__arrow-next\"><svg aria-hidden=\"true\" class=\"e-font-icon-svg e-fas-angle-right\" viewbox=\"0 0 256 512\" xmlns=\"http:\/\/www.w3.org\/2000\/svg\"><path d=\"M224.3 273l-136 136c-9.4 9.4-24.6 9.4-33.9 0l-22.6-22.6c-9.4-9.4-9.4-24.6 0-33.9l96.4-96.4-96.4-96.4c-9.4-9.4-9.4-24.6 0-33.9L54.3 103c9.4-9.4 24.6-9.4 33.9 0l136 136c9.5 9.4 9.5 24.6.1 34z\"><\/path><\/svg><span class=\"elementor-screen-only\">Sonrak\u0131<\/span><\/span><\/a>\t\t\t<\/div>\r\n\t\t<\/div>\r\n\t\t\t\t\t\t<\/div>\n\t\t\t\t\t<\/div>\n\t\t\t\t<\/div>\n\t\t\t\t<\/div>","protected":false},"excerpt":{"rendered":"<p>Government Compliance &amp; Security Services Designed to Strengthen Companies doing business in the Public Sector Ensure compliance, protect sensitive data, and meet federal security requirements with tailored cybersecurity and risk management solutions for government agencies and contractors. NIST Assessments NIST Cybersecurity Framework Assessments The prioritized, flexible, repeatable, and cost-effective NIST CSF assessment completed by Cyberforensics [&hellip;]<\/p>\n","protected":false},"author":1,"featured_media":0,"parent":0,"menu_order":0,"comment_status":"closed","ping_status":"closed","template":"","meta":{"footnotes":""},"class_list":["post-1044","page","type-page","status-publish","hentry"],"_links":{"self":[{"href":"https:\/\/cyberforensics.az\/az\/wp-json\/wp\/v2\/pages\/1044","targetHints":{"allow":["GET"]}}],"collection":[{"href":"https:\/\/cyberforensics.az\/az\/wp-json\/wp\/v2\/pages"}],"about":[{"href":"https:\/\/cyberforensics.az\/az\/wp-json\/wp\/v2\/types\/page"}],"author":[{"embeddable":true,"href":"https:\/\/cyberforensics.az\/az\/wp-json\/wp\/v2\/users\/1"}],"replies":[{"embeddable":true,"href":"https:\/\/cyberforensics.az\/az\/wp-json\/wp\/v2\/comments?post=1044"}],"version-history":[{"count":0,"href":"https:\/\/cyberforensics.az\/az\/wp-json\/wp\/v2\/pages\/1044\/revisions"}],"wp:attachment":[{"href":"https:\/\/cyberforensics.az\/az\/wp-json\/wp\/v2\/media?parent=1044"}],"curies":[{"name":"wp","href":"https:\/\/api.w.org\/{rel}","templated":true}]}}