{"id":1041,"date":"2025-07-13T16:35:38","date_gmt":"2025-07-13T12:35:38","guid":{"rendered":"https:\/\/cyberforensics.az\/?page_id=1041"},"modified":"2025-07-27T15:05:05","modified_gmt":"2025-07-27T11:05:05","slug":"software-data","status":"publish","type":"page","link":"https:\/\/cyberforensics.az\/az\/software-data\/","title":{"rendered":"Proqram t\u0259minat\u0131 v\u0259 M\u0259lumat"},"content":{"rendered":"<div data-elementor-type=\"wp-page\" data-elementor-id=\"1041\" class=\"elementor elementor-1041\" data-elementor-post-type=\"page\">\n\t\t\t\t<div class=\"elementor-element elementor-element-73ac3550 e-flex e-con-boxed e-con e-parent\" data-id=\"73ac3550\" data-element_type=\"container\" data-e-type=\"container\">\n\t\t\t\t\t<div class=\"e-con-inner\">\n\t\t\t\t\t<\/div>\n\t\t\t\t<\/div>\n\t\t<div class=\"elementor-element elementor-element-79db7d1e e-flex e-con-boxed e-con e-parent\" data-id=\"79db7d1e\" data-element_type=\"container\" data-e-type=\"container\">\n\t\t\t\t\t<div class=\"e-con-inner\">\n\t\t\t\t<div class=\"elementor-element elementor-element-2542a5d0 elementor-widget elementor-widget-spacer\" data-id=\"2542a5d0\" data-element_type=\"widget\" data-e-type=\"widget\" data-widget_type=\"spacer.default\">\n\t\t\t\t\t\t\t<div class=\"elementor-spacer\">\n\t\t\t<div class=\"elementor-spacer-inner\"><\/div>\n\t\t<\/div>\n\t\t\t\t\t\t<\/div>\n\t\t\t\t\t<\/div>\n\t\t\t\t<\/div>\n\t\t<div class=\"elementor-element elementor-element-5f9559fe e-flex e-con-boxed e-con e-parent\" data-id=\"5f9559fe\" data-element_type=\"container\" data-e-type=\"container\">\n\t\t\t\t\t<div class=\"e-con-inner\">\n\t\t\t\t\t<\/div>\n\t\t\t\t<\/div>\n\t\t<div class=\"elementor-element elementor-element-34cd161 e-flex e-con-boxed e-con e-parent\" data-id=\"34cd161\" data-element_type=\"container\" data-e-type=\"container\">\n\t\t\t\t\t<div class=\"e-con-inner\">\n\t\t\t\t<div class=\"elementor-element elementor-element-2c0ed7d6 elementor-widget elementor-widget-text-editor\" data-id=\"2c0ed7d6\" data-element_type=\"widget\" data-e-type=\"widget\" data-widget_type=\"text-editor.default\">\n\t\t\t\t\t\t\t\t\t<div class=\"et_pb_column et_pb_column_4_4 et_pb_column_2_tb_body et_pb_css_mix_blend_mode_passthrough et-last-child\"><div class=\"et_pb_module et_pb_de_mach_acf_item et_pb_de_mach_acf_item_4_tb_body dmach-text-before-pos-same_line dmach-label-pos-same_line dmach-vertical-alignment-middle et_pb_de_mach_alignment_ dmach-acf-has-value dmach-image-icon-placement-left\"><div class=\"et_pb_module_inner\"><div class=\"dmach-acf-item-container\"><div class=\"dmach-acf-item-content\"><h5 class=\"dmach-acf-value\">Proqram t\u0259minat\u0131n\u0131n v\u0259 M\u0259lumatlar\u0131n Uy\u011funlu\u011funun v\u0259 T\u0259hl\u00fck\u0259sizliyin G\u00fccl\u0259ndirilm\u0259si \u00fc\u00e7\u00fcn n\u0259z\u0259rd\u0259 tutulmu\u015f xidm\u0259tl\u0259r<\/h5><\/div><div class=\"repeater_sep\">\u00a0<\/div><\/div><\/div><\/div><div class=\"et_pb_module et_pb_de_mach_acf_item et_pb_de_mach_acf_item_5_tb_body dmach-text-before-pos-same_line dmach-label-pos-same_line dmach-vertical-alignment-middle et_pb_de_mach_alignment_ dmach-acf-has-value dmach-image-icon-placement-left\"><div class=\"et_pb_module_inner\"><div class=\"dmach-acf-item-container\"><div class=\"dmach-acf-item-content\"><p class=\"dmach-acf-value\">Proqram t\u0259minat\u0131 v\u0259 m\u0259lumatlara \u0259saslanan t\u0259\u015fkilatlar \u00fc\u00e7\u00fcn uy\u011funla\u015fd\u0131r\u0131lm\u0131\u015f kibert\u0259hl\u00fck\u0259sizlik v\u0259 uy\u011funluq h\u0259ll\u0259ri il\u0259 m\u0259lumatlar\u0131n\u0131z\u0131 qoruyun, uy\u011funluq t\u0259l\u0259bl\u0259rin\u0259 cavab verin v\u0259 m\u00fc\u015ft\u0259ri etibar\u0131n\u0131 art\u0131r\u0131n.<\/p><\/div><\/div><\/div><\/div><\/div>\t\t\t\t\t\t\t\t<\/div>\n\t\t\t\t<div class=\"elementor-element elementor-element-ff47d35 elementor-widget elementor-widget-ucaddon_content_accordion\" data-id=\"ff47d35\" data-element_type=\"widget\" data-e-type=\"widget\" data-widget_type=\"ucaddon_content_accordion.default\">\n\t\t\t\t<div class=\"elementor-widget-container\">\n\t\t\t\t\t\n<!-- start Content Accordion -->\n\t\t<link id='font-awesome-css' href='https:\/\/cyberforensics.az\/wp-content\/plugins\/unlimited-elements-for-elementor-premium\/assets_libraries\/font-awesome6\/fontawesome-all.min.css' type='text\/css' rel='stylesheet' >\n\t\t<link id='font-awesome-4-shim-css' href='https:\/\/cyberforensics.az\/wp-content\/plugins\/unlimited-elements-for-elementor-premium\/assets_libraries\/font-awesome6\/fontawesome-v4-shims.min.css' type='text\/css' rel='stylesheet' >\n\n<style>\/* widget: Content Accordion *\/\n\n\r\n@keyframes uc_content_accordion_elementor_ff47d35__item-animation {\r\n  0% {\r\n            transform:scale(0.2);\r\n        \t        \tfilter: blur(10px);\r\n\t\t\t\r\n    \t    opacity: 0;\r\n  }\r\n  100% {\r\n            transform:scale(1);\r\n        \t            filter: blur(0px);\r\n            \r\n    \t\topacity: 1;\r\n  }\r\n}\r\n\r\n\r\n#uc_content_accordion_elementor_ff47d35 .uc_ac_box{\r\n\topacity:0;\r\n}\r\n\r\n\r\n#uc_content_accordion_elementor_ff47d35 .uc-entrance-animate {\r\n  opacity:1;\r\n}\r\n\r\n#uc_content_accordion_elementor_ff47d35 .uc-entrance-animate {\r\n\tanimation: uc_content_accordion_elementor_ff47d35__item-animation 1s cubic-bezier(0.470, 0.000, 0.745, 0.715) both;\r\n}\r\n\r\n\t\t\t\n\n#uc_content_accordion_elementor_ff47d35 *{\n  box-sizing: border-box;\n}\n\n#uc_content_accordion_elementor_ff47d35 .ue_heading_title{\n  margin:0;\n  flex-grow:1;\n  display:flex;\n  flex-direction:row;\n}\n\n#uc_content_accordion_elementor_ff47d35 .uc_container .uc-heading{\n\tdisplay:flex;\n    align-items:center;\n\toverflow:hidden;\n\tcursor:pointer;  \n}\n\n#uc_content_accordion_elementor_ff47d35 .uc_container .uc_content{\n    display:none;\n}\n\n#uc_content_accordion_elementor_ff47d35 .uc_container .uc-heading span.ue_accordion_icon{\n\tdisplay:flex;\n    align-items:center;\n   \tjustify-content:center;\n    flex-grow:0;\n    flex-shrink:0;\n}\n\n#uc_content_accordion_elementor_ff47d35 .uc_ac_box.uc-item-active span.uc_dactive{\n\tdisplay:none;\n}\n\n#uc_content_accordion_elementor_ff47d35 .uc_ac_box:not(.uc-item-active) span.uc_active{\n\tdisplay:none;\n}\n\n#uc_content_accordion_elementor_ff47d35 span.ue_accordion_icon svg{\n  height:1em;\n  width:1em;\n}\n\n#uc_content_accordion_elementor_ff47d35 .uc_container .uc_btn {\n    text-align: center;\n    display: inline-block;\n    text-decoration: none;\n    transition: ease-in-out all 0.25s;\n}\n\n#uc_content_accordion_elementor_ff47d35 .ue-item-image img{\n  width:100%;\n  display:block;\n  object-fit:cover;\n}\n\n<\/style>\n\n<div class=\"uc_material_accordion\"  id=\"uc_content_accordion_elementor_ff47d35\"  data-name=\"\" data-scroll=\"off\" data-offset=\"0\" data-closeothers=\"true\" data-set-hash=\"false\" data-transition-duration=\"400\" >\n  <div class=\"uc_container uc-items-wrapper\">\n    \n\n\t\t\n\n\n<div id=\"#ue-tab1\" class=\"uc_ac_box elementor-repeater-item-7b2b708 uc-item-active\" style=\"background-color:;\">\n  <a href=\"javascript:void(0)\" class=\"uc-heading uc_trigger\" role=\"button\">\n    <span class=\"uc_dactive bbb ue_accordion_icon\"><i class='fas fa-plus'><\/i><\/span> \n    <span class=\"uc_active bbb ue_accordion_icon\"><i class='fas fa-minus'><\/i><\/span>\n    <div class=\"ue_heading_title\"> ISO Sertifikatlar<\/div>\n  <\/a>\n  \n  <div class=\"uc_content\" style='display:block'>\n        \n      \n         \n                        \n              <div class=\"ue-item-title\"> <\/div>\n      \n              <div class=\"ue-item-text\"><div class=\"et_pb_module et_pb_text et_pb_text_0 et_pb_text_align_left et_pb_bg_layout_light\"><p>\u00a0<\/p><h3>ISO 27001 Sertifikat\u0131<\/h3><\/div><div class=\"et_pb_module et_pb_text et_pb_text_1 et_pb_text_align_left et_pb_bg_layout_light\"><div class=\"et_pb_text_inner\"><h4>Kibert\u0259hl\u00fck\u0259sizlik Proqram\u0131n\u0131z\u0131n Sizi T\u0259hl\u00fck\u0259siz saxlamaq \u00fc\u00e7\u00fcn n\u0259z\u0259rd\u0259 tutuldu\u011fundan \u0259min olun.<\/h4><p>ISO 27001 \u0130nformasiya T\u0259hl\u00fck\u0259sizliyi \u0130dar\u0259etm\u0259 Sisteml\u0259ri (\u0130MS) \u00fc\u00e7\u00fcn t\u0259l\u0259bl\u0259ri m\u00fc\u0259yy\u0259n edir v\u0259 informasiya t\u0259hl\u00fck\u0259sizliyinin idar\u0259 edilm\u0259si \u00fc\u00e7\u00fcn praktiki t\u0259limat verir. ISO 27001 t\u0259hl\u00fck\u0259sizlik standartlar\u0131 t\u0259\u015fkilat\u0131n informasiya t\u0259hl\u00fck\u0259sizliyi idar\u0259etm\u0259 sisteminin yarad\u0131lmas\u0131, idar\u0259 edilm\u0259si v\u0259 qiym\u0259tl\u0259ndirilm\u0259si \u00fc\u00e7\u00fcn, \u015f\u00fcbh\u0259siz ki, \u0259n geni\u015f \u015f\u0259kild\u0259 q\u0259bul edilmi\u015f v\u0259 geni\u015f \u015f\u0259kild\u0259 t\u0259tbiq oluna bil\u0259n \u00e7\u0259r\u00e7iv\u0259l\u0259rd\u0259n ibar\u0259tdir.<\/p><p>ISO 27001 sertifikat\u0131na sahib olmaq m\u00fc\u015ft\u0259ril\u0259riniz\u0259 kibert\u0259hl\u00fck\u0259sizlik riskini azaltmaq \u00fc\u00e7\u00fcn proaktiv yana\u015fma n\u00fcmayi\u015f etdirdiyinizi n\u00fcmayi\u015f etdirir. ISO 27001 sertifikat\u0131 t\u0259\u015fkilat\u0131n \u0130BS-nin monitorinqi v\u0259 saxlanmas\u0131 \u00fc\u00e7\u00fcn \u0259v\u0259zsizdir. \u00dcst\u0259lik, bu sertifikat potensial m\u00fc\u015ft\u0259ril\u0259r\u0259 v\u0259 biznes t\u0259r\u0259fda\u015flar\u0131na m\u0259lumatlar\u0131n t\u0259hl\u00fck\u0259sizliyi praktikalar\u0131n\u0131za arxay\u0131n ola bil\u0259c\u0259kl\u0259ri mesaj\u0131 g\u00f6nd\u0259rir v\u0259 siz\u0259 ISO 27001 sertifikat\u0131 olmayan r\u0259qibl\u0259r \u00fcz\u0259rind\u0259 \u00fcst\u00fcnl\u00fck verir.<\/p><\/div><\/div><\/div>\n      \n              \n      <\/div> \n<\/div>\n\n\n\n\n\n<div id=\"#ue-tab2\" class=\"uc_ac_box elementor-repeater-item-f66f48c\" style=\"background-color:;\">\n  <a href=\"javascript:void(0)\" class=\"uc-heading uc_trigger\" role=\"button\">\n    <span class=\"uc_dactive bbb ue_accordion_icon\"><i class='fas fa-plus'><\/i><\/span> \n    <span class=\"uc_active bbb ue_accordion_icon\"><i class='fas fa-minus'><\/i><\/span>\n    <div class=\"ue_heading_title\"> N\u00fcfuz Testi<\/div>\n  <\/a>\n  \n  <div class=\"uc_content\" >\n        \n      \n         \n                        \n              <div class=\"ue-item-title\"> <\/div>\n      \n              <div class=\"ue-item-text\"><div class=\"et_pb_module et_pb_text et_pb_text_0 et_pb_text_align_left et_pb_bg_layout_light\"><div class=\"et_pb_text_inner\"><h3>N\u00fcfuz Testi<\/h3><\/div><\/div><div class=\"et_pb_module et_pb_text et_pb_text_1 et_pb_text_align_left et_pb_bg_layout_light\"><div class=\"et_pb_text_inner\"><h4><strong>Potensial z\u0259iflikl\u0259ri a\u015fkar etm\u0259k v\u0259 qorumaq \u00fc\u00e7\u00fcn real d\u00fcnya h\u00fccumlar\u0131n\u0131 simulyasiya edin.<\/strong><\/h4><p>\u00c7ox tez-tez, bir \u015firk\u0259t m\u0259lumatlar\u0131n pozulmas\u0131na m\u0259ruz qald\u0131qda, hans\u0131 t\u0259hl\u00fck\u0259sizlik bo\u015fluqlar\u0131n\u0131n pozuntuya s\u0259b\u0259b oldu\u011fu bar\u0259d\u0259 he\u00e7 bir fikir yoxdur. Ancaq bir h\u00fccum ba\u015f verdikd\u0259, \u00e7ox vaxt \u00e7ox gec olur. U\u011furlu bir kiberh\u00fccum, uy\u011funluq c\u0259rim\u0259l\u0259ri, korlanm\u0131\u015f reputasiya v\u0259 son x\u0259rc \u2013 ma\u011fazan\u0131 ba\u011flamaq yolunda b\u00f6y\u00fck itki il\u0259 n\u0259tic\u0259l\u0259n\u0259 bil\u0259r. Inc-\u0259 g\u00f6r\u0259, ki\u00e7ik v\u0259 orta biznesin 60 faizi m\u0259lumatlar\u0131n s\u0131zmas\u0131ndan alt\u0131 ay sonra i\u015fini dayand\u0131r\u0131r.<\/p><p>Qabaqc\u0131l n\u00fcfuzetm\u0259 testi xidm\u0259timiz istifad\u0259 edil\u0259 bil\u0259n z\u0259iflikl\u0259ri h\u0259d\u0259fl\u0259m\u0259k, m\u00fc\u0259yy\u0259n etm\u0259k v\u0259 aradan qald\u0131rmaq \u00fc\u00e7\u00fcn ayd\u0131n add\u0131mlar t\u0259qdim etm\u0259k \u00fc\u00e7\u00fcn sisteminizin infrastrukturuna v\u0259 t\u0259hl\u00fck\u0259sizlik n\u0259zar\u0259tl\u0259rin\u0259 qar\u015f\u0131 simulyasiya edilmi\u015f h\u00fccumdur. Etik hakerl\u0259rd\u0259n ibar\u0259t komandam\u0131z \u0130T sisteml\u0259rinizin t\u0259hl\u00fck\u0259sizliyini simulyasiya edilmi\u015f real d\u00fcnya h\u00fccumlar\u0131 il\u0259 qiym\u0259tl\u0259ndirir v\u0259 potensial t\u0259hl\u00fck\u0259sizlik riskl\u0259rini vur\u011fulay\u0131r ki, siz t\u0259\u015fkilat\u0131n\u0131z\u0131n \u00fcmumi risk v\u0259ziyy\u0259tini yax\u015f\u0131la\u015fd\u0131ras\u0131n\u0131z.<\/p><\/div><\/div><\/div>\n      \n              \n      <\/div> \n<\/div>\n\n\n\n\n\n<div id=\"#ue-tab3\" class=\"uc_ac_box elementor-repeater-item-c029551\" style=\"background-color:;\">\n  <a href=\"javascript:void(0)\" class=\"uc-heading uc_trigger\" role=\"button\">\n    <span class=\"uc_dactive bbb ue_accordion_icon\"><i class='fas fa-plus'><\/i><\/span> \n    <span class=\"uc_active bbb ue_accordion_icon\"><i class='fas fa-minus'><\/i><\/span>\n    <div class=\"ue_heading_title\">PCI DSS Uy\u011funlu\u011fu<\/div>\n  <\/a>\n  \n  <div class=\"uc_content\" >\n        \n      \n         \n                        \n              <div class=\"ue-item-title\"> <\/div>\n      \n              <div class=\"ue-item-text\"><div class=\"et_pb_module et_pb_text et_pb_text_0 et_pb_text_align_left et_pb_bg_layout_light\"><p>\u00a0<\/p><div class=\"et_pb_text_inner\"><h3>PCI DSS Uy\u011funlu\u011fu<\/h3><\/div><\/div><div class=\"et_pb_module et_pb_text et_pb_text_1 et_pb_text_align_left et_pb_bg_layout_light\"><div class=\"et_pb_text_inner\"><h4><strong>Kredit kart\u0131 m\u0259lumatlar\u0131n\u0131 idar\u0259 ed\u0259n m\u00fc\u0259ssis\u0259l\u0259r \u00fc\u00e7\u00fcn pe\u015f\u0259kar qiym\u0259tl\u0259ndirm\u0259l\u0259r v\u0259 m\u0259sl\u0259h\u0259tl\u0259r<\/strong><\/h4><p>\u00d6d\u0259ni\u015f Kart\u0131 S\u0259nayesi M\u0259lumat T\u0259hl\u00fck\u0259sizliyi Standart\u0131 (PCI DSS) kredit kart\u0131 \u00f6d\u0259ni\u015fl\u0259rini q\u0259bul ed\u0259n ist\u0259nil\u0259n \u00f6l\u00e7\u00fcl\u00fc \u015firk\u0259tl\u0259r\u0259 \u015famil edilir. Bu t\u0259hl\u00fck\u0259sizlik standartlar\u0131 internet \u00f6d\u0259ni\u015f kart\u0131 saxtakarl\u0131\u011f\u0131n\u0131 azaltma\u011fa k\u00f6m\u0259k edir. Yaln\u0131z t\u0259sdiq edilmi\u015f PCI QSA t\u0259r\u0259find\u0259n tamamlanan qiym\u0259tl\u0259ndirm\u0259l\u0259r \u00d6d\u0259ni\u015f Kart\u0131 markalar\u0131 t\u0259r\u0259find\u0259n tan\u0131n\u0131r.<\/p><p>\u018fg\u0259r \u015firk\u0259tiniz kart \u00f6d\u0259ni\u015fl\u0259rini q\u0259bul etm\u0259k v\u0259 kart sahibinin m\u0259lumatlar\u0131n\u0131 saxlamaq, emal etm\u0259k v\u0259 ya \u00f6t\u00fcrm\u0259k niyy\u0259tind\u0259dirs\u0259, m\u0259lumatlar\u0131n PCI-y\u0259 uy\u011fun hostinq provayderi il\u0259 t\u0259hl\u00fck\u0259sizliyin\u0259 \u0259min olmal\u0131s\u0131n\u0131z.<\/p><\/div><\/div><\/div>\n      \n              \n      <\/div> \n<\/div>\n\n\n\n\n\n<div id=\"#ue-tab4\" class=\"uc_ac_box elementor-repeater-item-a5f76fa\" style=\"background-color:;\">\n  <a href=\"javascript:void(0)\" class=\"uc-heading uc_trigger\" role=\"button\">\n    <span class=\"uc_dactive bbb ue_accordion_icon\"><i class='fas fa-plus'><\/i><\/span> \n    <span class=\"uc_active bbb ue_accordion_icon\"><i class='fas fa-minus'><\/i><\/span>\n    <div class=\"ue_heading_title\">HIPAA \/ HITECH<\/div>\n  <\/a>\n  \n  <div class=\"uc_content\" >\n        \n      \n         \n                        \n              <div class=\"ue-item-title\"> <\/div>\n      \n              <div class=\"ue-item-text\"><div class=\"et_pb_module et_pb_text et_pb_text_1 et_pb_text_align_left et_pb_bg_layout_light\"><p>\u00a0<\/p><div><h3>HIPAA \/ HITECH<\/h3><\/div><div>\u00a0<\/div><h4 class=\"et_pb_text_inner\"><strong>\u015e\u0259xsi S\u0259hiyy\u0259 M\u0259lumatlar\u0131n\u0131z\u0131 qoruyun<\/strong><\/h4><p>Sa\u011flaml\u0131q S\u0131\u011fortas\u0131n\u0131n Da\u015f\u0131nmas\u0131 v\u0259 Hesabatl\u0131l\u0131\u011f\u0131 Akt\u0131 (HIPAA) v\u0259 \u0130qtisadi v\u0259 Klinik Sa\u011flaml\u0131q \u00fc\u00e7\u00fcn Sa\u011flaml\u0131q \u0130nformasiya Texnologiyas\u0131 (HITECH) AB\u015e-\u0131n federal t\u0259nziml\u0259m\u0259 t\u0259l\u0259bl\u0259ridir v\u0259 onlar\u0131n m\u0259xfiliyini, b\u00fct\u00f6vl\u00fcy\u00fcn\u00fc v\u0259 m\u00f6vcudlu\u011funu t\u0259min etm\u0259k \u00fc\u00e7\u00fcn inzibati, fiziki v\u0259 texniki t\u0259minatlar\u0131 m\u00fc\u0259yy\u0259n edir. <a href=\"https:\/\/www.hhs.gov\/hipaa\/for-professionals\/security\/laws-regulations\/index.html\">Elektron Qorunan Sa\u011flaml\u0131q M\u0259lumat\u0131<\/a> (ePHI).<\/p><p>HIPAA standartlar\u0131na uy\u011funluq \u0259hat\u0259 olunan m\u00fc\u0259ssis\u0259l\u0259r v\u0259 biznes t\u0259r\u0259fda\u015flar\u0131 \u00fc\u00e7\u00fcn m\u0259cburidir. Buraya \u0259m\u0259liyyatlar\u0131 elektron formada h\u0259yata ke\u00e7ir\u0259n h\u0259r hans\u0131 bir tibb i\u015f\u00e7isi daxildir. \u0130st\u0259nil\u0259n s\u0259hiyy\u0259 SaaS (xidm\u0259t kimi proqram t\u0259minat\u0131) provayderi d\u0259 bu standarta riay\u0259t etm\u0259lidir.<\/p><\/div><\/div>\n      \n              \n      <\/div> \n<\/div>\n\n\n\n\n\n<div id=\"#ue-tab5\" class=\"uc_ac_box elementor-repeater-item-25614af\" style=\"background-color:;\">\n  <a href=\"javascript:void(0)\" class=\"uc-heading uc_trigger\" role=\"button\">\n    <span class=\"uc_dactive bbb ue_accordion_icon\"><i class='fas fa-plus'><\/i><\/span> \n    <span class=\"uc_active bbb ue_accordion_icon\"><i class='fas fa-minus'><\/i><\/span>\n    <div class=\"ue_heading_title\"> HITRUST\u00ae Sertifikatlar\u0131<\/div>\n  <\/a>\n  \n  <div class=\"uc_content\" >\n        \n      \n         \n                        \n              <div class=\"ue-item-title\"> <\/div>\n      \n              <div class=\"ue-item-text\"><div class=\"et_pb_module et_pb_text et_pb_text_0 et_pb_text_align_left et_pb_bg_layout_light\"><p>\u00a0<\/p><div class=\"et_pb_text_inner\"><h3>HITRUST<\/h3><\/div><\/div><div class=\"et_pb_module et_pb_text et_pb_text_1 et_pb_text_align_left et_pb_bg_layout_light\"><div class=\"et_pb_text_inner\"><h4><strong>HITRUST CSF N\u018fD\u0130R?<\/strong><\/h4><p>HITRUST CSF beyn\u0259lxalq s\u0259viyy\u0259d\u0259 tan\u0131nm\u0131\u015f, h\u0259rt\u0259r\u0259fli v\u0259 geni\u015fl\u0259n\u0259 bil\u0259n riskl\u0259rin idar\u0259 edilm\u0259si \u00e7\u0259r\u00e7iv\u0259sidir v\u0259 t\u0259\u015fkilatlara uy\u011funlu\u011fa s\u0259m\u0259r\u0259li yana\u015fman\u0131 saxlamaqda v\u0259 yaranan kibert\u0259hl\u00fck\u0259sizlik v\u0259 m\u0259xfilik t\u0259hdidl\u0259rind\u0259n qorunmaqda k\u00f6m\u0259k etm\u0259k m\u0259qs\u0259di da\u015f\u0131y\u0131r.<\/p><p>HITRUST CSF m\u00f6t\u0259b\u0259r m\u0259nb\u0259l\u0259rd\u0259n (m\u0259s\u0259l\u0259n, HIPAA, GDPR, PCI DSS, NIST 800-53, NIST 800-171 v\u0259 onlarla daha \u00e7ox) olan standartlardan istifad\u0259 edir, bel\u0259likl\u0259, t\u0259\u015fkilatlar riskl\u0259rin idar\u0259 edilm\u0259si yana\u015fmalar\u0131n\u0131 \u00f6z t\u0259\u015fkilatlar\u0131na aid olan risk v\u0259 t\u0259nziml\u0259yici amill\u0259r \u0259sas\u0131nda f\u0259rdil\u0259\u015fdir\u0259 bil\u0259rl\u0259r.<\/p><p>HITRUST T\u0259minat Proqram\u0131 CSF-d\u0259n istifad\u0259 edir v\u0259 t\u0259\u015fkilatlardan HITRUST S\u0259lahiyy\u0259tli Xarici Qiym\u0259tl\u0259ndirici, m\u0259s\u0259l\u0259n, KiberM\u00fchakim\u0259 M\u00fc\u0259ssis\u0259sind\u0259n istifad\u0259 ed\u0259r\u0259k qiym\u0259tl\u0259ndirm\u0259l\u0259r aparma\u011f\u0131 t\u0259l\u0259b edir.<\/p><p>Risk sah\u0259l\u0259rini k\u0259miyy\u0259tl\u0259ndirm\u0259k v\u0259 t\u0259\u015fkilat\u0131n h\u0259yata ke\u00e7iril\u0259n qiym\u0259tl\u0259ndirm\u0259 n\u00f6v\u00fc (e1, i1 v\u0259 ya r2) \u00fc\u00e7\u00fcn sertifikatla\u015fd\u0131rma t\u0259l\u0259bin\u0259 cavab verib-verm\u0259diyini m\u00fc\u0259yy\u0259n etm\u0259k \u00fc\u00e7\u00fcn CSF qiym\u0259tl\u0259ndirm\u0259l\u0259ri \u00e7\u0259r\u00e7iv\u0259sind\u0259 PR\u0130ZMA \u0259sasl\u0131 yetkinlik modeli istifad\u0259 olunur.<\/p><\/div><\/div><\/div>\n      \n              \n      <\/div> \n<\/div>\n\n\n\n\n\n<div id=\"#ue-tab6\" class=\"uc_ac_box elementor-repeater-item-3753585\" style=\"background-color:;\">\n  <a href=\"javascript:void(0)\" class=\"uc-heading uc_trigger\" role=\"button\">\n    <span class=\"uc_dactive bbb ue_accordion_icon\"><i class='fas fa-plus'><\/i><\/span> \n    <span class=\"uc_active bbb ue_accordion_icon\"><i class='fas fa-minus'><\/i><\/span>\n    <div class=\"ue_heading_title\">GDPR Uy\u011funlu\u011fu<\/div>\n  <\/a>\n  \n  <div class=\"uc_content\" >\n        \n      \n         \n                        \n              <div class=\"ue-item-title\"> <\/div>\n      \n              <div class=\"ue-item-text\"><div class=\"et_pb_column et_pb_column_1_2 et_pb_column_0 et_pb_css_mix_blend_mode_passthrough\"><p>\u00a0<\/p><div class=\"et_pb_module et_pb_text et_pb_text_0 et_pb_text_align_left et_pb_bg_layout_light\"><div class=\"et_pb_text_inner\"><h3>GDPR Uy\u011funlu\u011fu<\/h3><\/div><\/div><div class=\"et_pb_module et_pb_text et_pb_text_1 et_pb_text_align_left et_pb_bg_layout_light\"><div class=\"et_pb_text_inner\"><h4><strong>GDPR Uy\u011funluq Standartlar\u0131na \u0259m\u0259l etm\u0259kl\u0259 M\u0259lumatlar\u0131n Qorunmas\u0131n\u0131 T\u0259kmill\u0259\u015fdirin.<\/strong><\/h4><p>\u00dcmumi M\u0259lumatlar\u0131n Qorunmas\u0131 Qaydas\u0131 (GDPR) Avropa \u0130ttifaq\u0131 v\u0259t\u0259nda\u015flar\u0131n\u0131n \u015f\u0259xsi m\u0259lumatlar\u0131n\u0131n toplanmas\u0131 v\u0259 emal\u0131 \u00fc\u00e7\u00fcn t\u0259limatlar\u0131 m\u00fc\u0259yy\u0259n ed\u0259n \u00e7\u0259r\u00e7iv\u0259dir. AB v\u0259t\u0259nda\u015f\u0131n\u0131n m\u0259xfi m\u0259lumatlar\u0131n\u0131 saxlayan h\u0259r hans\u0131 \u015firk\u0259t, harada yerl\u0259\u015fm\u0259sind\u0259n as\u0131l\u0131 olmayaraq, GDPR-y\u0259 uy\u011fun olmal\u0131d\u0131r.<\/p><p>\u018fg\u0259r biznesiniz AB-d\u0259 m\u00fc\u015ft\u0259ril\u0259rin ad\u0131ndan h\u0259ssas m\u0259lumatlar\u0131 toplay\u0131r, emal edir v\u0259 ya saxlay\u0131rsa, sizd\u0259n GDPR-\u0259 \u0259m\u0259l etm\u0259lisiniz. Bu t\u0259nziml\u0259m\u0259 ekstraterritoriald\u0131r v\u0259 qlobal s\u0259viyy\u0259d\u0259 t\u0259tbiq edilir.<\/p><\/div><\/div><div class=\"et_pb_button_module_wrapper et_pb_button_0_wrapper et_pb_button_alignment_left et_pb_module\">\u00a0<\/div><\/div><\/div>\n      \n              \n      <\/div> \n<\/div>\n\n  <\/div>\n<\/div>\n<!-- end Content Accordion -->\t\t\t\t<\/div>\n\t\t\t\t<\/div>\n\t\t\t\t\t<\/div>\n\t\t\t\t<\/div>\n\t\t<div class=\"elementor-element elementor-element-47f40ba8 e-flex e-con-boxed e-con e-parent\" data-id=\"47f40ba8\" data-element_type=\"container\" data-e-type=\"container\">\n\t\t\t\t\t<div class=\"e-con-inner\">\n\t\t\t\t\t<\/div>\n\t\t\t\t<\/div>\n\t\t<div class=\"elementor-element elementor-element-e9b9646 e-flex e-con-boxed e-con e-parent\" data-id=\"e9b9646\" data-element_type=\"container\" data-e-type=\"container\">\n\t\t\t\t\t<div class=\"e-con-inner\">\n\t\t\t\t<div class=\"elementor-element elementor-element-1d684f53 elementor-post-navigation-borders-yes elementor-widget elementor-widget-post-navigation\" data-id=\"1d684f53\" data-element_type=\"widget\" data-e-type=\"widget\" data-widget_type=\"post-navigation.default\">\n\t\t\t\t\t\t\t<div class=\"elementor-post-navigation\" role=\"navigation\" aria-label=\"Post Navigation\">\r\n\t\t\t<div class=\"elementor-post-navigation__prev elementor-post-navigation__link\">\r\n\t\t\t\t<a href=\"https:\/\/cyberforensics.az\/az\/press-releases\/\" rel=\"prev\"><span class=\"post-navigation__arrow-wrapper post-navigation__arrow-prev\"><svg aria-hidden=\"true\" class=\"e-font-icon-svg e-fas-angle-left\" viewbox=\"0 0 256 512\" xmlns=\"http:\/\/www.w3.org\/2000\/svg\"><path d=\"M31.7 239l136-136c9.4-9.4 24.6-9.4 33.9 0l22.6 22.6c9.4 9.4 9.4 24.6 0 33.9L127.9 256l96.4 96.4c9.4 9.4 9.4 24.6 0 33.9L201.7 409c-9.4 9.4-24.6 9.4-33.9 0l-136-136c-9.5-9.4-9.5-24.6-.1-34z\"><\/path><\/svg><span class=\"elementor-screen-only\">Prev<\/span><\/span><span class=\"elementor-post-navigation__link__prev\"><span class=\"post-navigation__prev--label\">\u018fvv\u0259lki<\/span><span class=\"post-navigation__prev--title\">Press Relizl\u0259r<\/span><\/span><\/a>\t\t\t<\/div>\r\n\t\t\t\t\t\t\t<div class=\"elementor-post-navigation__separator-wrapper\">\r\n\t\t\t\t\t<div class=\"elementor-post-navigation__separator\"><\/div>\r\n\t\t\t\t<\/div>\r\n\t\t\t\t\t\t<div class=\"elementor-post-navigation__next elementor-post-navigation__link\">\r\n\t\t\t\t<a href=\"https:\/\/cyberforensics.az\/az\/government\/\" rel=\"next\"><span class=\"elementor-post-navigation__link__next\"><span class=\"post-navigation__next--label\">Sonrak\u0131<\/span><span class=\"post-navigation__next--title\">H\u00f6kum\u0259t<\/span><\/span><span class=\"post-navigation__arrow-wrapper post-navigation__arrow-next\"><svg aria-hidden=\"true\" class=\"e-font-icon-svg e-fas-angle-right\" viewbox=\"0 0 256 512\" xmlns=\"http:\/\/www.w3.org\/2000\/svg\"><path d=\"M224.3 273l-136 136c-9.4 9.4-24.6 9.4-33.9 0l-22.6-22.6c-9.4-9.4-9.4-24.6 0-33.9l96.4-96.4-96.4-96.4c-9.4-9.4-9.4-24.6 0-33.9L54.3 103c9.4-9.4 24.6-9.4 33.9 0l136 136c9.5 9.4 9.5 24.6.1 34z\"><\/path><\/svg><span class=\"elementor-screen-only\">Sonrak\u0131<\/span><\/span><\/a>\t\t\t<\/div>\r\n\t\t<\/div>\r\n\t\t\t\t\t\t<\/div>\n\t\t\t\t\t<\/div>\n\t\t\t\t<\/div>\n\t\t\t\t<\/div>","protected":false},"excerpt":{"rendered":"<p>Software &amp; Data Services Designed to Strengthen Software &amp; Data Compliance &amp; Security \u00a0 Secure your data, meet compliance requirements, and build customer trust with tailored cybersecurity and compliance solutions for software and data-driven organizations. ISO Certifications \u00a0 ISO 27001 Certification Ensure Your Cybersecurity Program is Designed to Keep you Safe. ISO 27001 specifies requirements [&hellip;]<\/p>\n","protected":false},"author":1,"featured_media":0,"parent":0,"menu_order":0,"comment_status":"closed","ping_status":"closed","template":"","meta":{"footnotes":""},"class_list":["post-1041","page","type-page","status-publish","hentry"],"_links":{"self":[{"href":"https:\/\/cyberforensics.az\/az\/wp-json\/wp\/v2\/pages\/1041","targetHints":{"allow":["GET"]}}],"collection":[{"href":"https:\/\/cyberforensics.az\/az\/wp-json\/wp\/v2\/pages"}],"about":[{"href":"https:\/\/cyberforensics.az\/az\/wp-json\/wp\/v2\/types\/page"}],"author":[{"embeddable":true,"href":"https:\/\/cyberforensics.az\/az\/wp-json\/wp\/v2\/users\/1"}],"replies":[{"embeddable":true,"href":"https:\/\/cyberforensics.az\/az\/wp-json\/wp\/v2\/comments?post=1041"}],"version-history":[{"count":0,"href":"https:\/\/cyberforensics.az\/az\/wp-json\/wp\/v2\/pages\/1041\/revisions"}],"wp:attachment":[{"href":"https:\/\/cyberforensics.az\/az\/wp-json\/wp\/v2\/media?parent=1041"}],"curies":[{"name":"wp","href":"https:\/\/api.w.org\/{rel}","templated":true}]}}